{"id":1000,"date":"2025-12-29T15:05:39","date_gmt":"2025-12-29T12:05:39","guid":{"rendered":"https:\/\/baysajans.com\/brothersjewellery\/?page_id=1000"},"modified":"2025-12-29T15:06:37","modified_gmt":"2025-12-29T12:06:37","slug":"satis-sozlesmesi","status":"publish","type":"page","link":"https:\/\/brothersjewellery.com\/en\/satis-sozlesmesi\/","title":{"rendered":"Sat\u0131\u015f S\u00f6zle\u015fmesi"},"content":{"rendered":"<div class=\"wpb-content-wrapper\"><div class=\"vc_row wpb_row vc_row-fluid\"><div class=\"wpb_column vc_column_container vc_col-sm-12\"><div class=\"vc_column-inner\"><div class=\"wpb_wrapper\">\t\t<div id=\"wd-69526eaade158\" class=\"wd-text-block wd-wpb reset-last-child wd-rs-69526eaade158 text-left\">\n\t\t\t<h4 class=\"\" data-start=\"214\" data-end=\"247\">1. SATICIYA \u0130L\u0130\u015eK\u0130N B\u0130LG\u0130LER<\/h4>\n<ul data-start=\"249\" data-end=\"526\">\n<li class=\"\" data-start=\"249\" data-end=\"293\">\n<p class=\"\" data-start=\"251\" data-end=\"293\"><strong data-start=\"251\" data-end=\"268\">Ticari \u00dcnvan:<\/strong>\u00a0The Brothers Jewellery<\/p>\n<\/li>\n<li class=\"\" data-start=\"294\" data-end=\"360\">\n<p class=\"\" data-start=\"296\" data-end=\"360\"><strong data-start=\"296\" data-end=\"307\">Adresi:<\/strong>\u00a0Kapal\u0131\u00e7ar\u015f\u0131 \u015eerif A\u011fa Sokak No:30 Fatih \/ \u0130stanbul<\/p>\n<\/li>\n<li class=\"\" data-start=\"498\" data-end=\"526\">\n<p class=\"\" data-start=\"500\" data-end=\"526\"><strong data-start=\"500\" data-end=\"513\">Vergi No:<\/strong>\u00a03590032332<\/p>\n<\/li>\n<\/ul>\n<blockquote data-start=\"528\" data-end=\"605\">\n<p class=\"\" data-start=\"530\" data-end=\"605\"><strong data-start=\"530\" data-end=\"538\">Not:<\/strong>\u00a0<a class=\"\" href=\"https:\/\/brothersjewellery.com\/en\/\" target=\"_new\" rel=\"noopener\" data-start=\"539\" data-end=\"567\">www.brothersjewellery.com<\/a>\u00a0alan ad\u0131 \u00f6rnek olarak belirtilmi\u015ftir.<\/p>\n<\/blockquote>\n<hr class=\"\" data-start=\"607\" data-end=\"610\" \/>\n<h4 class=\"\" data-start=\"612\" data-end=\"658\">2. AMA\u00c7 VE S\u00d6ZLE\u015eME KONUSU \u00dcR\u00dcN B\u0130LG\u0130LER\u0130<\/h4>\n<p class=\"\" data-start=\"660\" data-end=\"943\">Bu \u00f6n bilgilendirme formu, ALICI\u2019n\u0131n\u00a0<a class=\"\" href=\"https:\/\/brothersjewellery.com\/en\/\" target=\"_new\" rel=\"noopener\" data-start=\"697\" data-end=\"725\">www.brothersjewellery.com<\/a>\u00a0\u00fczerinden elektronik ortamda sipari\u015f verdi\u011fi \u00fcr\u00fcn\/hizmetin sat\u0131\u015f\u0131 ve teslimiyle ilgili olarak 6502 say\u0131l\u0131 T\u00fcketicinin Korunmas\u0131 Hakk\u0131nda Kanun ve Mesafeli S\u00f6zle\u015fmeler Y\u00f6netmeli\u011fi\u2019nin 5. maddesi uyar\u0131nca yap\u0131lmaktad\u0131r.<\/p>\n<p class=\"\" data-start=\"945\" data-end=\"1054\">\u00dcr\u00fcnlerin ad\u0131, miktar\u0131, KDV dahil sat\u0131\u015f fiyat\u0131, teslimat ve \u00f6deme bilgileri, sipari\u015f formunda belirtilmi\u015ftir.<\/p>\n<p class=\"\" data-start=\"1056\" data-end=\"1263\">Sipari\u015fler, en ge\u00e7 30 g\u00fcn i\u00e7inde ALICI\u2019ya teslim edilir. Teknik sebeplerle fiyat, nitelik vb. bilgilerde hata olmas\u0131 durumunda, SATICI sipari\u015fi iptal etme ve \u00f6demeyi 14 g\u00fcn i\u00e7inde iade etme hakk\u0131na sahiptir.<\/p>\n<hr class=\"\" data-start=\"1265\" data-end=\"1268\" \/>\n<h4 class=\"\" data-start=\"1270\" data-end=\"1308\">3. TAAHH\u00dcTLER\u0130N GE\u00c7ERL\u0130L\u0130K S\u00dcRES\u0130<\/h4>\n<p class=\"\" data-start=\"1310\" data-end=\"1512\">Formda yer alan bilgiler, ilan s\u00fcresi kadar ge\u00e7erlidir. Fiyatlar t\u00fcm vergiler dahil olarak belirtilmi\u015ftir. SATICI, toptan al\u0131m i\u00e7eren veya ticari\/mesleki ama\u00e7l\u0131 i\u015flemleri iptal etme hakk\u0131n\u0131 sakl\u0131 tutar.<\/p>\n<hr class=\"\" data-start=\"1514\" data-end=\"1517\" \/>\n<h4 class=\"\" data-start=\"1519\" data-end=\"1538\">4. CAYMA HAKKI<\/h4>\n<p class=\"\" data-start=\"1540\" data-end=\"1721\">ALICI, 14 g\u00fcn i\u00e7inde herhangi bir gerek\u00e7e g\u00f6stermeksizin cayma hakk\u0131n\u0131 kullanabilir. S\u00fcre, hizmetlerde s\u00f6zle\u015fmenin kuruldu\u011fu, mallarda teslimin ger\u00e7ekle\u015fti\u011fi g\u00fcnden itibaren ba\u015flar.<\/p>\n<p class=\"\" data-start=\"1723\" data-end=\"1887\">Cayma hakk\u0131 kapsam\u0131nda \u00f6ng\u00f6r\u00fclen ta\u015f\u0131y\u0131c\u0131 Yurti\u00e7i Kargo\u2019dur. \u00dcr\u00fcnle birlikte sertifika, garanti belgesi, promosyon \u00fcr\u00fcn\u00fc vb. materyallerin de iade edilmesi gerekir.<\/p>\n<p class=\"\" data-start=\"1889\" data-end=\"2026\">\u0130ade, yaln\u0131zca SATICI\u2019n\u0131n anla\u015fmal\u0131 oldu\u011fu kargo ile yap\u0131l\u0131rsa \u00fccretsizdir. Farkl\u0131 kargo ile yap\u0131lan iadelerde masraflar ALICI\u2019ya aittir.<\/p>\n<p class=\"\" data-start=\"2028\" data-end=\"2197\">Cayma bildirimi SATICI\u2019ya ula\u015ft\u0131ktan sonra 14 g\u00fcn i\u00e7inde t\u00fcm \u00f6demeler ALICI\u2019ya, masrafs\u0131z \u015fekilde iade edilir. ALICI, \u00fcr\u00fcn\u00fc en ge\u00e7 10 g\u00fcn i\u00e7inde iade etmekle y\u00fck\u00fcml\u00fcd\u00fcr.<\/p>\n<hr class=\"\" data-start=\"2199\" data-end=\"2202\" \/>\n<h4 class=\"\" data-start=\"2204\" data-end=\"2238\">5. CAYMA HAKKININ \u0130ST\u0130SNALARI<\/h4>\n<p class=\"\" data-start=\"2240\" data-end=\"2286\">Cayma hakk\u0131 a\u015fa\u011f\u0131daki durumlarda kullan\u0131lamaz:<\/p>\n<ul data-start=\"2288\" data-end=\"2907\">\n<li class=\"\" data-start=\"2288\" data-end=\"2660\">\n<p class=\"\" data-start=\"2290\" data-end=\"2382\">T\u00fcketicinin istekleri veya ki\u015fisel ihtiya\u00e7lar\u0131 do\u011frultusunda \u00f6zel olarak \u00fcretilen \u00fcr\u00fcnler.<\/p>\n<blockquote data-start=\"2385\" data-end=\"2660\">\n<p class=\"\" data-start=\"2387\" data-end=\"2660\"><em data-start=\"2387\" data-end=\"2511\">\u00d6rnek: Ki\u015fiye \u00f6zel \u00f6l\u00e7\u00fcde yap\u0131lm\u0131\u015f y\u00fcz\u00fckler, \u00f6zel isim yaz\u0131l\u0131 kolyeler, farkl\u0131 ta\u015f\/renk tercihiyle haz\u0131rlanm\u0131\u015f sipari\u015fler.<\/em><br data-start=\"2511\" data-end=\"2514\" \/><strong data-start=\"2518\" data-end=\"2660\">&#8230;m\u00fc\u015fterinin \u00f6zel istekleri do\u011frultusunda \u00f6zel olarak \u00fcretimi yap\u0131lan bu mallar cayma hakk\u0131n\u0131n kullan\u0131lamayaca\u011f\u0131 \u00fcr\u00fcnler kapsam\u0131na girer.<\/strong><\/p>\n<\/blockquote>\n<\/li>\n<li class=\"\" data-start=\"2662\" data-end=\"2719\">\n<p class=\"\" data-start=\"2664\" data-end=\"2719\">Fiyat\u0131 finansal piyasa dalgalanmalar\u0131na ba\u011fl\u0131 \u00fcr\u00fcnler<\/p>\n<\/li>\n<li class=\"\" data-start=\"2720\" data-end=\"2787\">\n<p class=\"\" data-start=\"2722\" data-end=\"2787\">Sa\u011fl\u0131k ve hijyen a\u00e7\u0131s\u0131ndan iadesi uygun olmayan a\u00e7\u0131lm\u0131\u015f \u00fcr\u00fcnler<\/p>\n<\/li>\n<li class=\"\" data-start=\"2788\" data-end=\"2842\">\n<p class=\"\" data-start=\"2790\" data-end=\"2842\">An\u0131nda ifa edilen dijital i\u00e7erikler veya hizmetler<\/p>\n<\/li>\n<li class=\"\" data-start=\"2843\" data-end=\"2907\">\n<p class=\"\" data-start=\"2845\" data-end=\"2907\">T\u00fcketicinin onay\u0131 ile s\u00fcresi dolmadan ifas\u0131 ba\u015flayan hizmetler<\/p>\n<\/li>\n<\/ul>\n<hr class=\"\" data-start=\"2909\" data-end=\"2912\" \/>\n<h4 class=\"\" data-start=\"2914\" data-end=\"2932\">6. GE\u00c7ERL\u0130L\u0130K<\/h4>\n<p class=\"\" data-start=\"2934\" data-end=\"3031\">Bu \u00f6n bilgilendirme formu, ALICI taraf\u0131ndan elektronik ortamda onayland\u0131\u011f\u0131nda ge\u00e7erlilik kazan\u0131r.<\/p>\n<hr class=\"\" data-start=\"3033\" data-end=\"3036\" \/>\n<h4 class=\"\" data-start=\"3038\" data-end=\"3077\">7. UYU\u015eMAZLIK KONUSUNDA BA\u015eVURULAR<\/h4>\n<p class=\"\" data-start=\"3079\" data-end=\"3251\">ALICI, sipari\u015fle ilgili her t\u00fcrl\u00fc \u015fikayetini yukar\u0131da yer alan ileti\u015fim bilgilerinden SATICI\u2019ya iletebilir. \u015eikayetler kay\u0131t alt\u0131na al\u0131n\u0131r ve en k\u0131sa s\u00fcrede \u00e7\u00f6z\u00fcm sa\u011flan\u0131r.<\/p>\n<p class=\"\" data-start=\"3253\" data-end=\"3347\">Ayr\u0131ca, ALICI bulundu\u011fu yerdeki T\u00fcketici Hakem Heyeti veya T\u00fcketici Mahkemesi\u2019ne ba\u015fvurabilir.<\/p>\n<hr class=\"\" data-start=\"3349\" data-end=\"3352\" \/>\n<p class=\"\" data-start=\"3354\" data-end=\"3409\"><strong data-start=\"3354\" data-end=\"3364\">ALICI:<\/strong><br data-start=\"3364\" data-end=\"3367\" \/><strong data-start=\"3367\" data-end=\"3380\">Ad Soyad:<\/strong><br data-start=\"3380\" data-end=\"3383\" \/><strong data-start=\"3383\" data-end=\"3394\">Adresi:<\/strong><br data-start=\"3394\" data-end=\"3397\" \/><strong data-start=\"3397\" data-end=\"3407\">Tarih:<\/strong><\/p>\n<p>&nbsp;<\/p>\n<blockquote data-start=\"3411\" data-end=\"3539\">\n<p class=\"\" data-start=\"3413\" data-end=\"3539\"><em data-start=\"3413\" data-end=\"3539\">Al\u0131c\u0131n\u0131n yurtd\u0131\u015f\u0131 teslimat adresi beyan etmesi halinde, T\u00fcrkiye G\u00fcmr\u00fck Sahas\u0131 d\u0131\u015f\u0131ndaki teslimatlar iade kapsam\u0131 d\u0131\u015f\u0131ndad\u0131r.<\/em><\/p>\n<\/blockquote>\n\t\t<\/div>\n\t\t<\/div><\/div><\/div><\/div>\n<\/div>","protected":false},"excerpt":{"rendered":"1. SATICIYA \u0130L\u0130\u015eK\u0130N B\u0130LG\u0130LER Ticari \u00dcnvan:\u00a0The Brothers Jewellery Adresi:\u00a0Kapal\u0131\u00e7ar\u015f\u0131 \u015eerif A\u011fa Sokak No:30 Fatih \/ \u0130stanbul Vergi No:\u00a03590032332 Not:\u00a0www.brothersjewellery.com\u00a0alan ad\u0131","protected":false},"author":1,"featured_media":0,"parent":0,"menu_order":0,"comment_status":"closed","ping_status":"closed","template":"","meta":{"footnotes":""},"class_list":["post-1000","page","type-page","status-publish","hentry"],"_links":{"self":[{"href":"https:\/\/brothersjewellery.com\/en\/wp-json\/wp\/v2\/pages\/1000","targetHints":{"allow":["GET"]}}],"collection":[{"href":"https:\/\/brothersjewellery.com\/en\/wp-json\/wp\/v2\/pages"}],"about":[{"href":"https:\/\/brothersjewellery.com\/en\/wp-json\/wp\/v2\/types\/page"}],"author":[{"embeddable":true,"href":"https:\/\/brothersjewellery.com\/en\/wp-json\/wp\/v2\/users\/1"}],"replies":[{"embeddable":true,"href":"https:\/\/brothersjewellery.com\/en\/wp-json\/wp\/v2\/comments?post=1000"}],"version-history":[{"count":2,"href":"https:\/\/brothersjewellery.com\/en\/wp-json\/wp\/v2\/pages\/1000\/revisions"}],"predecessor-version":[{"id":1002,"href":"https:\/\/brothersjewellery.com\/en\/wp-json\/wp\/v2\/pages\/1000\/revisions\/1002"}],"wp:attachment":[{"href":"https:\/\/brothersjewellery.com\/en\/wp-json\/wp\/v2\/media?parent=1000"}],"curies":[{"name":"wp","href":"https:\/\/api.w.org\/{rel}","templated":true}]}}