{"id":1003,"date":"2025-12-29T15:07:43","date_gmt":"2025-12-29T12:07:43","guid":{"rendered":"https:\/\/baysajans.com\/brothersjewellery\/?page_id=1003"},"modified":"2025-12-29T15:08:40","modified_gmt":"2025-12-29T12:08:40","slug":"iptal-ve-iade-sozlesmesi","status":"publish","type":"page","link":"https:\/\/brothersjewellery.com\/en\/iptal-ve-iade-sozlesmesi\/","title":{"rendered":"\u0130ptal ve \u0130ade S\u00f6zle\u015fmesi"},"content":{"rendered":"<div class=\"wpb-content-wrapper\"><div class=\"vc_row wpb_row vc_row-fluid\"><div class=\"wpb_column vc_column_container vc_col-sm-12\"><div class=\"vc_column-inner\"><div class=\"wpb_wrapper\">\t\t<div id=\"wd-69526f2dc7182\" class=\"wd-text-block wd-wpb reset-last-child wd-rs-69526f2dc7182 text-left\">\n\t\t\t<p class=\"\" data-start=\"114\" data-end=\"358\"><strong data-start=\"114\" data-end=\"152\">\u0130PTAL VE \u0130ADE KO\u015eULLARI S\u00d6ZLE\u015eMES\u0130<\/strong><br data-start=\"152\" data-end=\"155\" \/><strong data-start=\"155\" data-end=\"172\">Ticari \u00dcnvan:<\/strong>\u00a0The Brothers Jewellery<br data-start=\"195\" data-end=\"198\" \/><strong data-start=\"198\" data-end=\"209\">Adresi:<\/strong>\u00a0Kapal\u0131\u00e7ar\u015f\u0131 \u015eerif A\u011fa Sokak No:30 Fatih \/ \u0130stanbul<br data-start=\"260\" data-end=\"263\" \/><strong data-start=\"263\" data-end=\"276\">Vergi No:<\/strong>\u00a03590032332<br data-start=\"287\" data-end=\"290\" \/><strong data-start=\"290\" data-end=\"305\">Web Sitesi:<\/strong>\u00a0<a class=\"\" href=\"http:\/\/www.thebrothersjewellery.com\/\" target=\"_new\" rel=\"noopener\" data-start=\"306\" data-end=\"334\">www.brothersjewellery.com<\/a><\/p>\n<h3 class=\"\" data-start=\"360\" data-end=\"383\">1. GENEL KO\u015eULLAR<\/h3>\n<p class=\"\" data-start=\"384\" data-end=\"649\">ALICI,\u00a0<a class=\"\" href=\"https:\/\/brothersjewellery.com\/en\/\" target=\"_new\" rel=\"noopener\" data-start=\"391\" data-end=\"419\">www.brothersjewellery.com<\/a>\u00a0\u00fczerinden ger\u00e7ekle\u015ftirdi\u011fi al\u0131\u015fveri\u015flerde, teslim tarihinden itibaren\u00a0<strong data-start=\"490\" data-end=\"516\">14 (ond\u00f6rt) g\u00fcn i\u00e7inde<\/strong>\u00a0hi\u00e7bir gerek\u00e7e g\u00f6stermeksizin cayma hakk\u0131n\u0131 kullanabilir. Cayma hakk\u0131 kapsam\u0131nda iptal ve iade i\u015flemleri a\u015fa\u011f\u0131daki \u015fartlara tabidir.<\/p>\n<h3 class=\"\" data-start=\"651\" data-end=\"680\">2. \u0130PTAL VE \u0130ADE S\u00dcREC\u0130<\/h3>\n<ul data-start=\"681\" data-end=\"1234\">\n<li class=\"\" data-start=\"681\" data-end=\"839\">Cayma hakk\u0131n\u0131n kullan\u0131labilmesi i\u00e7in ALICI\u2019n\u0131n, \u00fcr\u00fcn tesliminden itibaren 14 g\u00fcn i\u00e7inde\u00a0<strong data-start=\"771\" data-end=\"803\">SATICI ile ileti\u015fime ge\u00e7erek<\/strong>\u00a0iade talebini bildirmesi gerekir.<\/li>\n<li class=\"\" data-start=\"840\" data-end=\"931\">\u0130ade i\u015flemi i\u00e7in gerekli\u00a0<strong data-start=\"867\" data-end=\"886\">kargo iade kodu<\/strong>, SATICI taraf\u0131ndan ALICI\u2019ya iletilecektir.<\/li>\n<li class=\"\" data-start=\"932\" data-end=\"1082\">\u00dcr\u00fcn iadesi,\u00a0<strong data-start=\"947\" data-end=\"1063\">orijinal kutusu, faturas\u0131, sertifikas\u0131 ve varsa promosyon \u00fcr\u00fcnleriyle birlikte, eksiksiz ve kullan\u0131lmam\u0131\u015f olarak<\/strong>\u00a0g\u00f6nderilmelidir.<\/li>\n<li class=\"\" data-start=\"1083\" data-end=\"1149\">\u0130ade kargolar\u0131n\u0131n\u00a0<strong data-start=\"1103\" data-end=\"1146\">\u00fccreti ALICI taraf\u0131ndan kar\u015f\u0131lanacakt\u0131r<\/strong>.<\/li>\n<li class=\"\" data-start=\"1150\" data-end=\"1234\">Kargo hasar\u0131, \u00fcr\u00fcn eksikli\u011fi veya kutusuz g\u00f6nderimlerde iade kabul edilmeyecektir.<\/li>\n<\/ul>\n<h3 class=\"\" data-start=\"1236\" data-end=\"1285\">3. CAYMA HAKKININ GE\u00c7ERL\u0130 OLMADI\u011eI DURUMLAR<\/h3>\n<p class=\"\" data-start=\"1286\" data-end=\"1333\">A\u015fa\u011f\u0131daki \u00fcr\u00fcnlerde cayma hakk\u0131 kullan\u0131lamaz:<\/p>\n<ul data-start=\"1334\" data-end=\"1700\">\n<li class=\"\" data-start=\"1334\" data-end=\"1494\"><strong data-start=\"1336\" data-end=\"1377\">Ki\u015fiye \u00f6zel olarak \u00fcretilmi\u015f \u00fcr\u00fcnler.<\/strong>\u00a0(\u00d6rn: \u00f6zel \u00f6l\u00e7\u00fcde y\u00fcz\u00fckler, isim yaz\u0131l\u0131 kolyeler, ki\u015fisel tercihlere g\u00f6re haz\u0131rlanan ta\u015f ve renk kombinasyonlar\u0131.)<\/li>\n<li class=\"\" data-start=\"1495\" data-end=\"1570\">Kullan\u0131lm\u0131\u015f, zarar g\u00f6rm\u00fc\u015f veya tekrar sat\u0131\u015fa uygunlu\u011fu bozulan \u00fcr\u00fcnler.<\/li>\n<li class=\"\" data-start=\"1571\" data-end=\"1642\">Ambalaj\u0131 a\u00e7\u0131lm\u0131\u015f, hijyenik sebeplerle iadesi uygun olmayan \u00fcr\u00fcnler.<\/li>\n<li class=\"\" data-start=\"1643\" data-end=\"1700\">T\u00fcrkiye G\u00fcmr\u00fck Sahas\u0131 d\u0131\u015f\u0131na teslim edilmi\u015f sipari\u015fler.<\/li>\n<\/ul>\n<h3 class=\"\" data-start=\"1702\" data-end=\"1730\">4. \u0130ADE BEDEL\u0130 VE S\u00dcRE<\/h3>\n<p class=\"\" data-start=\"1731\" data-end=\"1923\">SATICI, cayma bildiriminin kendisine ula\u015fmas\u0131n\u0131n ard\u0131ndan en ge\u00e7\u00a0<strong data-start=\"1796\" data-end=\"1822\">14 (ond\u00f6rt) g\u00fcn i\u00e7inde<\/strong>, \u00fcr\u00fcn\u00fcn iade ko\u015fullar\u0131na uygun olarak kendisine ula\u015fmas\u0131 \u015fart\u0131yla, \u00fcr\u00fcn bedelini ALICI\u2019ya iade eder.<\/p>\n<h3 class=\"\" data-start=\"1925\" data-end=\"1954\">5. UYU\u015eMAZLIK DURUMUNDA<\/h3>\n<p class=\"\" data-start=\"1955\" data-end=\"2195\">ALICI, iptal ve iade taleplerine ili\u015fkin \u015fikayetlerini SATICI\u2019n\u0131n yukar\u0131da belirtilen ileti\u015fim adresine iletebilir. \u00c7\u00f6z\u00fcm sa\u011flanamad\u0131\u011f\u0131 takdirde, ALICI bulundu\u011fu yerdeki\u00a0<strong data-start=\"2125\" data-end=\"2150\">T\u00fcketici Hakem Heyeti<\/strong>\u00a0veya\u00a0<strong data-start=\"2156\" data-end=\"2178\">T\u00fcketici Mahkemesi<\/strong>\u2019ne ba\u015fvurabilir.<\/p>\n\t\t<\/div>\n\t\t<\/div><\/div><\/div><\/div>\n<\/div>","protected":false},"excerpt":{"rendered":"\u0130PTAL VE \u0130ADE KO\u015eULLARI S\u00d6ZLE\u015eMES\u0130Ticari \u00dcnvan:\u00a0The Brothers JewelleryAdresi:\u00a0Kapal\u0131\u00e7ar\u015f\u0131 \u015eerif A\u011fa Sokak No:30 Fatih \/ \u0130stanbulVergi No:\u00a03590032332Web Sitesi:\u00a0www.brothersjewellery.com 1. GENEL KO\u015eULLAR","protected":false},"author":1,"featured_media":0,"parent":0,"menu_order":0,"comment_status":"closed","ping_status":"closed","template":"","meta":{"footnotes":""},"class_list":["post-1003","page","type-page","status-publish","hentry"],"_links":{"self":[{"href":"https:\/\/brothersjewellery.com\/en\/wp-json\/wp\/v2\/pages\/1003","targetHints":{"allow":["GET"]}}],"collection":[{"href":"https:\/\/brothersjewellery.com\/en\/wp-json\/wp\/v2\/pages"}],"about":[{"href":"https:\/\/brothersjewellery.com\/en\/wp-json\/wp\/v2\/types\/page"}],"author":[{"embeddable":true,"href":"https:\/\/brothersjewellery.com\/en\/wp-json\/wp\/v2\/users\/1"}],"replies":[{"embeddable":true,"href":"https:\/\/brothersjewellery.com\/en\/wp-json\/wp\/v2\/comments?post=1003"}],"version-history":[{"count":2,"href":"https:\/\/brothersjewellery.com\/en\/wp-json\/wp\/v2\/pages\/1003\/revisions"}],"predecessor-version":[{"id":1005,"href":"https:\/\/brothersjewellery.com\/en\/wp-json\/wp\/v2\/pages\/1003\/revisions\/1005"}],"wp:attachment":[{"href":"https:\/\/brothersjewellery.com\/en\/wp-json\/wp\/v2\/media?parent=1003"}],"curies":[{"name":"wp","href":"https:\/\/api.w.org\/{rel}","templated":true}]}}