{"id":166,"date":"2025-10-21T08:46:54","date_gmt":"2025-10-21T08:46:54","guid":{"rendered":"https:\/\/dummy.xtemos.com\/woodmart2\/christmas-shop\/?page_id=166"},"modified":"2025-12-29T11:22:25","modified_gmt":"2025-12-29T08:22:25","slug":"wishlist","status":"publish","type":"page","link":"https:\/\/brothersjewellery.com\/en\/wishlist\/","title":{"rendered":"Wishlist"},"content":{"rendered":"<div class=\"wpb-content-wrapper\"><div class=\"vc_row wpb_row vc_row-fluid vc_custom_1761126971636 vc_row-has-fill wd-rs-68f8aa3792102 wd-section-stretch\"><div class=\"wpb_column vc_column_container vc_col-sm-12 wd-rs-68f7a57834ed2\"><div class=\"vc_column-inner vc_custom_1761060218924\"><div class=\"wpb_wrapper\">\t\t\t<div\n\t\t\t\t\t\tclass=\"wd-el-breadcrumbs wd-wpb wd-rs-68f8a38c1c1c3 text-center vc_custom_1761125264025\">\n\t\t\t\t<nav class=\"wd-breadcrumbs\"><a href=\"https:\/\/brothersjewellery.com\/en\/\">Home<\/a><span class=\"wd-delimiter\"><\/span><span class=\"wd-last\">Page<\/span><\/nav>\t\t\t<\/div>   \n\t\t\t\t<div\n\t\t\t\tclass=\"wd-el-page-heading reset-last-child wd-wpb text-center wd-rs-68f8a39553123 vc_custom_1761125286939\">\n\t\t\t<h2 class=\"entry-title title\">\n\t\t\tWishlist\t\t\t<\/h2>\n\t\t<\/div>\n\t\t<\/div><\/div><\/div><\/div><div class=\"vc_row wpb_row vc_row-fluid\"><div class=\"wpb_column vc_column_container vc_col-sm-12\"><div class=\"vc_column-inner\"><div class=\"wpb_wrapper\">\t\t\n\t\t\n\n\t\t\t\t<div class=\"\" >\n\t\t\t\t\t\t<div class=\"wd-wishlist-content\">\n\t\t\t\t\t\t\t\t\t\t\t\n\t\t<p class=\"wd-empty-wishlist wd-empty-page\">\n\t\t\tThis wishlist is empty.\t\t<\/p>\n\n\t\t\t\t\t<div class=\"wd-empty-page-text\">\n\t\t\t\tHen\u00fcz istek listenizde hi\u00e7bir \u00fcr\u00fcn yok. \"Ma\u011faza\" sayfam\u0131zda bir\u00e7ok ilgin\u00e7 \u00fcr\u00fcn bulabilirsiniz.\t\t\t<\/div>\n\t\t\n\t\t\n\t\t\t\t\t<p class=\"return-to-shop\">\n\t\t\t\t<a class=\"button\" href=\"https:\/\/brothersjewellery.com\/en\/magaza\/\">\n\t\t\t\t\tReturn to shop\t\t\t\t<\/a>\n\t\t\t<\/p>\n\t\t\t\t\t\t\t\t\t\t\t<\/div>\n\t\t\t\t<\/div>\n\t\t<\/div><\/div><\/div><\/div>\n<\/div>","protected":false},"excerpt":{"rendered":"HomePage Wishlist This wishlist is empty. Hen\u00fcz istek listenizde hi\u00e7bir \u00fcr\u00fcn yok. \"Ma\u011faza\" sayfam\u0131zda bir\u00e7ok ilgin\u00e7 \u00fcr\u00fcn bulabilirsiniz. Return to","protected":false},"author":1,"featured_media":0,"parent":0,"menu_order":0,"comment_status":"closed","ping_status":"closed","template":"","meta":{"footnotes":""},"class_list":["post-166","page","type-page","status-publish","hentry"],"_links":{"self":[{"href":"https:\/\/brothersjewellery.com\/en\/wp-json\/wp\/v2\/pages\/166","targetHints":{"allow":["GET"]}}],"collection":[{"href":"https:\/\/brothersjewellery.com\/en\/wp-json\/wp\/v2\/pages"}],"about":[{"href":"https:\/\/brothersjewellery.com\/en\/wp-json\/wp\/v2\/types\/page"}],"author":[{"embeddable":true,"href":"https:\/\/brothersjewellery.com\/en\/wp-json\/wp\/v2\/users\/1"}],"replies":[{"embeddable":true,"href":"https:\/\/brothersjewellery.com\/en\/wp-json\/wp\/v2\/comments?post=166"}],"version-history":[{"count":1,"href":"https:\/\/brothersjewellery.com\/en\/wp-json\/wp\/v2\/pages\/166\/revisions"}],"predecessor-version":[{"id":376,"href":"https:\/\/brothersjewellery.com\/en\/wp-json\/wp\/v2\/pages\/166\/revisions\/376"}],"wp:attachment":[{"href":"https:\/\/brothersjewellery.com\/en\/wp-json\/wp\/v2\/media?parent=166"}],"curies":[{"name":"wp","href":"https:\/\/api.w.org\/{rel}","templated":true}]}}