{"id":169,"date":"2025-10-21T08:47:20","date_gmt":"2025-10-21T08:47:20","guid":{"rendered":"https:\/\/dummy.xtemos.com\/woodmart2\/christmas-shop\/?page_id=169"},"modified":"2026-02-24T13:49:07","modified_gmt":"2026-02-24T10:49:07","slug":"biz-kimiz","status":"publish","type":"page","link":"https:\/\/brothersjewellery.com\/en\/biz-kimiz\/","title":{"rendered":"Biz Kimiz?"},"content":{"rendered":"<div class=\"wpb-content-wrapper\"><div class=\"vc_row wpb_row vc_row-fluid vc_custom_1761657205865 vc_row-has-fill wd-bg-center-top wd-rs-6900c16dd7a3c wd-section-stretch\"><div class=\"wpb_column vc_column_container vc_col-sm-12 wd-rs-69525d1367f50\"><div class=\"vc_column-inner vc_custom_1767005466115\"><div class=\"wpb_wrapper\">\n\t\t<div id=\"wd-69525ee4ce64a\" class=\"title-wrapper wd-wpb wd-set-mb reset-last-child  wd-rs-69525ee4ce64a wd-title-color-default wd-title-style-default text-center vc_custom_1767005929162 wd-underline-colored\">\n\t\t\t\n\t\t\t<div class=\"liner-continer\">\n\t\t\t\t<h4 class=\"woodmart-title-container title  wd-font-weight- wd-fontsize-l\" >Bir Markadan Fazlas\u0131: Bir Hayat Felsefesi<\/h4>\n\t\t\t\t\t\t\t<\/div>\n\t\t\t\n\t\t\t\n\t\t\t\n\t\t<\/div>\n\t\t\n\t\t\t\t<div id=\"gallery_230\" class=\"wd-images-gallery wd-wpb wd-rs-6994a979a5066 photoswipe-images wd-carousel-container wd-wpb\" style=\"--wd-justify-content:center;--wd-align-items:center;\">\n\t\t\t\t\t\t\t<div class=\"wd-carousel-inner\">\n\t\t\t\n\t\t\t<div class=\"wd-carousel wd-grid\"data-speed=\"3000\" data-wrap=\"yes\" data-autoplay=\"yes\" data-autoheight=\"yes\" data-scroll_per_page=\"yes\" style=\"--wd-col-lg:4;--wd-col-md:4;--wd-col-sm:1;--wd-gap-lg:20px;--wd-gap-sm:10px;\">\n\t\t\t\t\t\t\t\t\t<div class=\"wd-carousel-wrap\">\n\t\t\t\t\n\t\t\t\t\t\t\t\t\t\t\t\t\t\t\t<div class=\"wd-gallery-item wd-carousel-item\">\n\t\t\t\t\t\t\t\t\t\t\t\t\t\t<a href=\"https:\/\/brothersjewellery.com\/wp-content\/uploads\/2026\/02\/2.jpg\" data-elementor-open-lightbox=\"no\" data-index=\"1\" data-width=\"1080\" data-height=\"864\" \n\t\t\t\t\t\t\t\t\t\t\t\t >\n\t\t\t\t\t\t\t\t\n\t\t\t\t\t\t\t\t<img loading=\"lazy\" decoding=\"async\" width=\"1080\" height=\"864\" src=\"https:\/\/brothersjewellery.com\/wp-content\/uploads\/2026\/02\/2.jpg\" class=\"wd-gallery-image image-1\" alt=\"\" srcset=\"https:\/\/brothersjewellery.com\/wp-content\/uploads\/2026\/02\/2.jpg 1080w, https:\/\/brothersjewellery.com\/wp-content\/uploads\/2026\/02\/2-375x300.jpg 375w, https:\/\/brothersjewellery.com\/wp-content\/uploads\/2026\/02\/2-1000x800.jpg 1000w, https:\/\/brothersjewellery.com\/wp-content\/uploads\/2026\/02\/2-768x614.jpg 768w, https:\/\/brothersjewellery.com\/wp-content\/uploads\/2026\/02\/2-15x12.jpg 15w, https:\/\/brothersjewellery.com\/wp-content\/uploads\/2026\/02\/2-430x344.jpg 430w, https:\/\/brothersjewellery.com\/wp-content\/uploads\/2026\/02\/2-700x560.jpg 700w, https:\/\/brothersjewellery.com\/wp-content\/uploads\/2026\/02\/2-150x120.jpg 150w\" sizes=\"auto, (max-width: 1080px) 100vw, 1080px\" \/>\n\t\t\t\t\t\t\t\t\t\t\t\t\t\t\t<\/a>\n\t\t\t\t\t\t\t\t\t\t\t\t<\/div>\n\t\t\t\t\t\t\t\t\t\t\t<div class=\"wd-gallery-item wd-carousel-item\">\n\t\t\t\t\t\t\t\t\t\t\t\t\t\t<a href=\"https:\/\/brothersjewellery.com\/wp-content\/uploads\/2026\/02\/3.jpg\" data-elementor-open-lightbox=\"no\" data-index=\"2\" data-width=\"1080\" data-height=\"864\" \n\t\t\t\t\t\t\t\t\t\t\t\t >\n\t\t\t\t\t\t\t\t\n\t\t\t\t\t\t\t\t<img loading=\"lazy\" decoding=\"async\" width=\"1080\" height=\"864\" src=\"https:\/\/brothersjewellery.com\/wp-content\/uploads\/2026\/02\/3.jpg\" class=\"wd-gallery-image image-2\" alt=\"\" srcset=\"https:\/\/brothersjewellery.com\/wp-content\/uploads\/2026\/02\/3.jpg 1080w, https:\/\/brothersjewellery.com\/wp-content\/uploads\/2026\/02\/3-375x300.jpg 375w, https:\/\/brothersjewellery.com\/wp-content\/uploads\/2026\/02\/3-1000x800.jpg 1000w, https:\/\/brothersjewellery.com\/wp-content\/uploads\/2026\/02\/3-768x614.jpg 768w, https:\/\/brothersjewellery.com\/wp-content\/uploads\/2026\/02\/3-15x12.jpg 15w, https:\/\/brothersjewellery.com\/wp-content\/uploads\/2026\/02\/3-430x344.jpg 430w, https:\/\/brothersjewellery.com\/wp-content\/uploads\/2026\/02\/3-700x560.jpg 700w, https:\/\/brothersjewellery.com\/wp-content\/uploads\/2026\/02\/3-150x120.jpg 150w\" sizes=\"auto, (max-width: 1080px) 100vw, 1080px\" \/>\n\t\t\t\t\t\t\t\t\t\t\t\t\t\t\t<\/a>\n\t\t\t\t\t\t\t\t\t\t\t\t<\/div>\n\t\t\t\t\t\t\t\t\t\t\t<div class=\"wd-gallery-item wd-carousel-item\">\n\t\t\t\t\t\t\t\t\t\t\t\t\t\t<a href=\"https:\/\/brothersjewellery.com\/wp-content\/uploads\/2026\/02\/IMG_20251209_0003.jpg\" data-elementor-open-lightbox=\"no\" data-index=\"3\" data-width=\"1080\" data-height=\"864\" \n\t\t\t\t\t\t\t\t\t\t\t\t >\n\t\t\t\t\t\t\t\t\n\t\t\t\t\t\t\t\t<img loading=\"lazy\" decoding=\"async\" width=\"1080\" height=\"864\" src=\"https:\/\/brothersjewellery.com\/wp-content\/uploads\/2026\/02\/IMG_20251209_0003.jpg\" class=\"wd-gallery-image image-3\" alt=\"\" srcset=\"https:\/\/brothersjewellery.com\/wp-content\/uploads\/2026\/02\/IMG_20251209_0003.jpg 1080w, https:\/\/brothersjewellery.com\/wp-content\/uploads\/2026\/02\/IMG_20251209_0003-375x300.jpg 375w, https:\/\/brothersjewellery.com\/wp-content\/uploads\/2026\/02\/IMG_20251209_0003-1000x800.jpg 1000w, https:\/\/brothersjewellery.com\/wp-content\/uploads\/2026\/02\/IMG_20251209_0003-768x614.jpg 768w, https:\/\/brothersjewellery.com\/wp-content\/uploads\/2026\/02\/IMG_20251209_0003-15x12.jpg 15w, https:\/\/brothersjewellery.com\/wp-content\/uploads\/2026\/02\/IMG_20251209_0003-430x344.jpg 430w, https:\/\/brothersjewellery.com\/wp-content\/uploads\/2026\/02\/IMG_20251209_0003-700x560.jpg 700w, https:\/\/brothersjewellery.com\/wp-content\/uploads\/2026\/02\/IMG_20251209_0003-150x120.jpg 150w\" sizes=\"auto, (max-width: 1080px) 100vw, 1080px\" \/>\n\t\t\t\t\t\t\t\t\t\t\t\t\t\t\t<\/a>\n\t\t\t\t\t\t\t\t\t\t\t\t<\/div>\n\t\t\t\t\t\t\t\t\t\t\t<div class=\"wd-gallery-item wd-carousel-item\">\n\t\t\t\t\t\t\t\t\t\t\t\t\t\t<a href=\"https:\/\/brothersjewellery.com\/wp-content\/uploads\/2026\/02\/IMG_20251209_0008.jpg\" data-elementor-open-lightbox=\"no\" data-index=\"4\" data-width=\"1080\" data-height=\"864\" \n\t\t\t\t\t\t\t\t\t\t\t\t >\n\t\t\t\t\t\t\t\t\n\t\t\t\t\t\t\t\t<img loading=\"lazy\" decoding=\"async\" width=\"1080\" height=\"864\" src=\"https:\/\/brothersjewellery.com\/wp-content\/uploads\/2026\/02\/IMG_20251209_0008.jpg\" class=\"wd-gallery-image image-4\" alt=\"\" srcset=\"https:\/\/brothersjewellery.com\/wp-content\/uploads\/2026\/02\/IMG_20251209_0008.jpg 1080w, https:\/\/brothersjewellery.com\/wp-content\/uploads\/2026\/02\/IMG_20251209_0008-375x300.jpg 375w, https:\/\/brothersjewellery.com\/wp-content\/uploads\/2026\/02\/IMG_20251209_0008-1000x800.jpg 1000w, https:\/\/brothersjewellery.com\/wp-content\/uploads\/2026\/02\/IMG_20251209_0008-768x614.jpg 768w, https:\/\/brothersjewellery.com\/wp-content\/uploads\/2026\/02\/IMG_20251209_0008-15x12.jpg 15w, https:\/\/brothersjewellery.com\/wp-content\/uploads\/2026\/02\/IMG_20251209_0008-430x344.jpg 430w, https:\/\/brothersjewellery.com\/wp-content\/uploads\/2026\/02\/IMG_20251209_0008-700x560.jpg 700w, https:\/\/brothersjewellery.com\/wp-content\/uploads\/2026\/02\/IMG_20251209_0008-150x120.jpg 150w\" sizes=\"auto, (max-width: 1080px) 100vw, 1080px\" \/>\n\t\t\t\t\t\t\t\t\t\t\t\t\t\t\t<\/a>\n\t\t\t\t\t\t\t\t\t\t\t\t<\/div>\n\t\t\t\t\t\t\t\t\t\t\t<div class=\"wd-gallery-item wd-carousel-item\">\n\t\t\t\t\t\t\t\t\t\t\t\t\t\t<a href=\"https:\/\/brothersjewellery.com\/wp-content\/uploads\/2026\/02\/IMG_20251209_0012.jpg\" data-elementor-open-lightbox=\"no\" data-index=\"5\" data-width=\"1080\" data-height=\"864\" \n\t\t\t\t\t\t\t\t\t\t\t\t >\n\t\t\t\t\t\t\t\t\n\t\t\t\t\t\t\t\t<img loading=\"lazy\" decoding=\"async\" width=\"1080\" height=\"864\" src=\"https:\/\/brothersjewellery.com\/wp-content\/uploads\/2026\/02\/IMG_20251209_0012.jpg\" class=\"wd-gallery-image image-5\" alt=\"\" srcset=\"https:\/\/brothersjewellery.com\/wp-content\/uploads\/2026\/02\/IMG_20251209_0012.jpg 1080w, https:\/\/brothersjewellery.com\/wp-content\/uploads\/2026\/02\/IMG_20251209_0012-375x300.jpg 375w, https:\/\/brothersjewellery.com\/wp-content\/uploads\/2026\/02\/IMG_20251209_0012-1000x800.jpg 1000w, https:\/\/brothersjewellery.com\/wp-content\/uploads\/2026\/02\/IMG_20251209_0012-768x614.jpg 768w, https:\/\/brothersjewellery.com\/wp-content\/uploads\/2026\/02\/IMG_20251209_0012-15x12.jpg 15w, https:\/\/brothersjewellery.com\/wp-content\/uploads\/2026\/02\/IMG_20251209_0012-430x344.jpg 430w, https:\/\/brothersjewellery.com\/wp-content\/uploads\/2026\/02\/IMG_20251209_0012-700x560.jpg 700w, https:\/\/brothersjewellery.com\/wp-content\/uploads\/2026\/02\/IMG_20251209_0012-150x120.jpg 150w\" sizes=\"auto, (max-width: 1080px) 100vw, 1080px\" \/>\n\t\t\t\t\t\t\t\t\t\t\t\t\t\t\t<\/a>\n\t\t\t\t\t\t\t\t\t\t\t\t<\/div>\n\t\t\t\t\t\t\t\t\t\t\t<div class=\"wd-gallery-item wd-carousel-item\">\n\t\t\t\t\t\t\t\t\t\t\t\t\t\t<a href=\"https:\/\/brothersjewellery.com\/wp-content\/uploads\/2026\/02\/IMG_20251209_0017.jpg\" data-elementor-open-lightbox=\"no\" data-index=\"6\" data-width=\"1080\" data-height=\"864\" \n\t\t\t\t\t\t\t\t\t\t\t\t >\n\t\t\t\t\t\t\t\t\n\t\t\t\t\t\t\t\t<img loading=\"lazy\" decoding=\"async\" width=\"1080\" height=\"864\" src=\"https:\/\/brothersjewellery.com\/wp-content\/uploads\/2026\/02\/IMG_20251209_0017.jpg\" class=\"wd-gallery-image image-6\" alt=\"\" srcset=\"https:\/\/brothersjewellery.com\/wp-content\/uploads\/2026\/02\/IMG_20251209_0017.jpg 1080w, https:\/\/brothersjewellery.com\/wp-content\/uploads\/2026\/02\/IMG_20251209_0017-375x300.jpg 375w, https:\/\/brothersjewellery.com\/wp-content\/uploads\/2026\/02\/IMG_20251209_0017-1000x800.jpg 1000w, https:\/\/brothersjewellery.com\/wp-content\/uploads\/2026\/02\/IMG_20251209_0017-768x614.jpg 768w, https:\/\/brothersjewellery.com\/wp-content\/uploads\/2026\/02\/IMG_20251209_0017-15x12.jpg 15w, https:\/\/brothersjewellery.com\/wp-content\/uploads\/2026\/02\/IMG_20251209_0017-430x344.jpg 430w, https:\/\/brothersjewellery.com\/wp-content\/uploads\/2026\/02\/IMG_20251209_0017-700x560.jpg 700w, https:\/\/brothersjewellery.com\/wp-content\/uploads\/2026\/02\/IMG_20251209_0017-150x120.jpg 150w\" sizes=\"auto, (max-width: 1080px) 100vw, 1080px\" \/>\n\t\t\t\t\t\t\t\t\t\t\t\t\t\t\t<\/a>\n\t\t\t\t\t\t\t\t\t\t\t\t<\/div>\n\t\t\t\t\t\t\t\t\t\t\t<div class=\"wd-gallery-item wd-carousel-item\">\n\t\t\t\t\t\t\t\t\t\t\t\t\t\t<a href=\"https:\/\/brothersjewellery.com\/wp-content\/uploads\/2025\/12\/bizkimiz1.webp\" data-elementor-open-lightbox=\"no\" data-index=\"7\" data-width=\"1080\" data-height=\"864\" \n\t\t\t\t\t\t\t\t\t\t\t\t >\n\t\t\t\t\t\t\t\t\n\t\t\t\t\t\t\t\t<img loading=\"lazy\" decoding=\"async\" width=\"1080\" height=\"864\" src=\"https:\/\/brothersjewellery.com\/wp-content\/uploads\/2025\/12\/bizkimiz1.webp\" class=\"wd-gallery-image image-7\" alt=\"\" srcset=\"https:\/\/brothersjewellery.com\/wp-content\/uploads\/2025\/12\/bizkimiz1.webp 1080w, https:\/\/brothersjewellery.com\/wp-content\/uploads\/2025\/12\/bizkimiz1-430x344.webp 430w, https:\/\/brothersjewellery.com\/wp-content\/uploads\/2025\/12\/bizkimiz1-150x120.webp 150w, https:\/\/brothersjewellery.com\/wp-content\/uploads\/2025\/12\/bizkimiz1-700x560.webp 700w, https:\/\/brothersjewellery.com\/wp-content\/uploads\/2025\/12\/bizkimiz1-375x300.webp 375w, https:\/\/brothersjewellery.com\/wp-content\/uploads\/2025\/12\/bizkimiz1-1000x800.webp 1000w, https:\/\/brothersjewellery.com\/wp-content\/uploads\/2025\/12\/bizkimiz1-768x614.webp 768w\" sizes=\"auto, (max-width: 1080px) 100vw, 1080px\" \/>\n\t\t\t\t\t\t\t\t\t\t\t\t\t\t\t<\/a>\n\t\t\t\t\t\t\t\t\t\t\t\t<\/div>\n\t\t\t\t\t\t\t\t\t\t\t<div class=\"wd-gallery-item wd-carousel-item\">\n\t\t\t\t\t\t\t\t\t\t\t\t\t\t<a href=\"https:\/\/brothersjewellery.com\/wp-content\/uploads\/2026\/02\/IMG_20251209_0021.jpg\" data-elementor-open-lightbox=\"no\" data-index=\"8\" data-width=\"1080\" data-height=\"864\" \n\t\t\t\t\t\t\t\t\t\t\t\t >\n\t\t\t\t\t\t\t\t\n\t\t\t\t\t\t\t\t<img loading=\"lazy\" decoding=\"async\" width=\"1080\" height=\"864\" src=\"https:\/\/brothersjewellery.com\/wp-content\/uploads\/2026\/02\/IMG_20251209_0021.jpg\" class=\"wd-gallery-image image-8\" alt=\"\" srcset=\"https:\/\/brothersjewellery.com\/wp-content\/uploads\/2026\/02\/IMG_20251209_0021.jpg 1080w, https:\/\/brothersjewellery.com\/wp-content\/uploads\/2026\/02\/IMG_20251209_0021-375x300.jpg 375w, https:\/\/brothersjewellery.com\/wp-content\/uploads\/2026\/02\/IMG_20251209_0021-1000x800.jpg 1000w, https:\/\/brothersjewellery.com\/wp-content\/uploads\/2026\/02\/IMG_20251209_0021-768x614.jpg 768w, https:\/\/brothersjewellery.com\/wp-content\/uploads\/2026\/02\/IMG_20251209_0021-15x12.jpg 15w, https:\/\/brothersjewellery.com\/wp-content\/uploads\/2026\/02\/IMG_20251209_0021-430x344.jpg 430w, https:\/\/brothersjewellery.com\/wp-content\/uploads\/2026\/02\/IMG_20251209_0021-700x560.jpg 700w, https:\/\/brothersjewellery.com\/wp-content\/uploads\/2026\/02\/IMG_20251209_0021-150x120.jpg 150w\" sizes=\"auto, (max-width: 1080px) 100vw, 1080px\" \/>\n\t\t\t\t\t\t\t\t\t\t\t\t\t\t\t<\/a>\n\t\t\t\t\t\t\t\t\t\t\t\t<\/div>\n\t\t\t\t\t\t\t\t\t\t\t<div class=\"wd-gallery-item wd-carousel-item\">\n\t\t\t\t\t\t\t\t\t\t\t\t\t\t<a href=\"https:\/\/brothersjewellery.com\/wp-content\/uploads\/2026\/02\/IMG_20251209_0022.jpg\" data-elementor-open-lightbox=\"no\" data-index=\"9\" data-width=\"1080\" data-height=\"864\" \n\t\t\t\t\t\t\t\t\t\t\t\t >\n\t\t\t\t\t\t\t\t\n\t\t\t\t\t\t\t\t<img loading=\"lazy\" decoding=\"async\" width=\"1080\" height=\"864\" src=\"https:\/\/brothersjewellery.com\/wp-content\/uploads\/2026\/02\/IMG_20251209_0022.jpg\" class=\"wd-gallery-image image-9\" alt=\"\" srcset=\"https:\/\/brothersjewellery.com\/wp-content\/uploads\/2026\/02\/IMG_20251209_0022.jpg 1080w, https:\/\/brothersjewellery.com\/wp-content\/uploads\/2026\/02\/IMG_20251209_0022-375x300.jpg 375w, https:\/\/brothersjewellery.com\/wp-content\/uploads\/2026\/02\/IMG_20251209_0022-1000x800.jpg 1000w, https:\/\/brothersjewellery.com\/wp-content\/uploads\/2026\/02\/IMG_20251209_0022-768x614.jpg 768w, https:\/\/brothersjewellery.com\/wp-content\/uploads\/2026\/02\/IMG_20251209_0022-15x12.jpg 15w, https:\/\/brothersjewellery.com\/wp-content\/uploads\/2026\/02\/IMG_20251209_0022-430x344.jpg 430w, https:\/\/brothersjewellery.com\/wp-content\/uploads\/2026\/02\/IMG_20251209_0022-700x560.jpg 700w, https:\/\/brothersjewellery.com\/wp-content\/uploads\/2026\/02\/IMG_20251209_0022-150x120.jpg 150w\" sizes=\"auto, (max-width: 1080px) 100vw, 1080px\" \/>\n\t\t\t\t\t\t\t\t\t\t\t\t\t\t\t<\/a>\n\t\t\t\t\t\t\t\t\t\t\t\t<\/div>\n\t\t\t\t\t\t\t\t\t\n\t\t\t\t\t\t\t\t\t<\/div>\n\t\t\t\t\t\t\t<\/div>\n\n\t\t\t\t\t\t\t\t\t\t\t\t\t\t<div class=\"wd-nav-arrows wd-pos-sep wd-hover-1 wd-icon-1\">\n\t\t\t<div class=\"wd-btn-arrow wd-prev wd-disabled\">\n\t\t\t\t<div class=\"wd-arrow-inner\"><\/div>\n\t\t\t<\/div>\n\t\t\t<div class=\"wd-btn-arrow wd-next\">\n\t\t\t\t<div class=\"wd-arrow-inner\"><\/div>\n\t\t\t<\/div>\n\t\t<\/div>\n\t\t\t\t\t\t\n\t\t\t\t<\/div>\n\n\t\t\t\t\t\t\t\t\t\t\t\t\t<\/div>\n\t\t\t\t<div id=\"wd-69525f1e8c840\" class=\"wd-text-block wd-wpb reset-last-child wd-rs-69525f1e8c840 text-left vc_custom_1767005994881\">\n\t\t\t<p>1947&#8217;de Mardin \u015ear Mahallesi&#8217;nde do\u011fdum. 9 \u00e7ocuklu bir ailede b\u00fcy\u00fcd\u00fcm. \u0130lkokul y\u0131llar\u0131ndan itibaren \u00e7al\u0131\u015fma ya\u015fam\u0131n\u0131n\u00a0bilfiil\u00a0i\u00e7inde yer ald\u0131m.<\/p>\n<p>Okuldan sonra ve yaz tatillerinde babam\u0131z\u0131n Mardin&#8217;deki terzi dikimevine gider, karde\u015flerimle beraber babama yard\u0131mc\u0131 olurdum. Terzili\u011fe ili\u015fkin temel bilgileri daha\u00a014 ya\u015f\u0131nda\u00a0\u00f6\u011frenmi\u015ftim.<\/p>\n<p>15 ya\u015f\u0131nda\u00a0\u0130stanbul&#8217;a a\u011fabeyimin yan\u0131na giderek ticaret hayat\u0131na at\u0131ld\u0131m. \u015ei\u015fli&#8217;deki dikim at\u00f6lyesine gidip ona yard\u0131mc\u0131 oldum, para kazanmaya ba\u015flad\u0131m.<\/p>\n<p>18 ya\u015f\u0131ma\u00a0geldi\u011fimde, Kapal\u0131\u00e7ar\u015f\u0131&#8217;daki b\u00fcy\u00fck day\u0131m beni \u00e7ar\u015f\u0131ya \u00e7a\u011f\u0131rarak kuyumculuk zanaatiyle tan\u0131\u015fmama vesile oldu.<\/p>\n<p>21 ya\u015f\u0131nda\u00a0kendi d\u00fckk\u00e2n\u0131m\u0131 ve kar\u015f\u0131mdaki d\u00fckk\u00e2n\u0131 tutarak ilk defa Kapal\u0131\u00e7ar\u015f\u0131&#8217;da d\u00fckkan i\u015fletmeye ba\u015flad\u0131m. Kar\u015f\u0131 d\u00fckk\u00e2na karde\u015flerimi de \u00e7a\u011f\u0131rarak onlar\u0131n da \u00e7ar\u015f\u0131ya gelmelerine vesile oldum.\u00a0Bu y\u00fczden ismimizi\u00a0The Brothers Jewellery\u00a0olarak koyduk.<\/p>\n<p>1977&#8217;ye kadar bu iki d\u00fckk\u00e2nda ticari faaliyetimizi s\u00fcrd\u00fcrd\u00fck. O sene \u015fu an i\u00e7inde bulundu\u011fum d\u00fckk\u00e2n\u0131 tuttum. Karde\u015flerim hal\u0131c\u0131l\u0131k zanaati ile u\u011fra\u015ft\u0131lar, ben ise kuyuma devam ettim. \u00c7\u00fcnk\u00fc\u00a0kuyumu, g\u00fcm\u00fc\u015f\u00fc seviyordum.<\/p>\n<p>Bu alanlarda \u00e7ar\u015f\u0131da\u00a0ilklere imza att\u0131m.\u00a0\u0130lk defa g\u00fcm\u00fc\u015f olarak kol d\u00fc\u011fmesi ve kravat ma\u015falar\u0131n\u0131 ben \u00fcrettim. Erkek g\u00fcm\u00fc\u015f y\u00fcz\u00fcklerinde o y\u0131llarda farkl\u0131 modeller \u00fcreterek sekt\u00f6re y\u00f6n verdim.<\/p>\n<p>Mesle\u011fe kar\u015f\u0131 a\u015f\u0131r\u0131 bir hevesim vard\u0131.\u00a0D\u00fcnyan\u0131n her yerinden tak\u0131 topluyordum ama en \u00e7ok\u00a0Afganistan, Hindistan, T\u00fcrkmenistan, \u0130ran, Yemen, Tibet, Endonezya, Fas, G\u00fcrcistan, Rusya, Polonya\u00a0tak\u0131lar\u0131n\u0131 topluyordum.<\/p>\n<p>Daha sonra Amerika&#8217;ya ta\u015f\u0131nan a\u011fabeyimi ziyaret etti\u011fimde, orada kuyumculuk alan\u0131ndaki yabanc\u0131 dergileri topluyor, alt\u0131n modellerini \u00fcretiyordum.<\/p>\n<p>Bu sayede d\u00fckk\u00e2n\u0131m\u00a0Amerikal\u0131 ve Avrupal\u0131 b\u00fcrokratlar\u0131n\u00a0s\u0131k\u00e7a u\u011frad\u0131\u011f\u0131 bir adres haline geldi. \u00d6zellikle cumartesi g\u00fcnleri burada ikamet eden konsolosluk \u00e7al\u0131\u015fanlar\u0131n\u0131n tercih etti\u011fi bir durak oldum.<\/p>\n<p>I. Bush ve Clinton h\u00fck\u00fcmetlerine\u00a0hizmet eden b\u00fcrokratlar\u0131n T\u00fcrkiye ziyaretlerinde mutlaka u\u011frad\u0131\u011f\u0131 bir d\u00fckk\u00e2n haline geldim.<\/p>\n<p>Bana her zaman\u00a0\u201c\u0130\u015flerini b\u00fcy\u00fct, \u00e7ok b\u00fcy\u00fck i\u015flerle u\u011fra\u015f\u201d\u00a0diye tembih eden meslek erbaplar\u0131 oldu. Ben bu yolu tercih etmi\u015ftim.\u00a0Esnafl\u0131\u011f\u0131 seviyordum.\u00a0Hep derdim ki:\u00a0\u201cB\u00fcy\u00fck i\u015fin derdi b\u00fcy\u00fck olur.\u201d<\/p>\n<p>H\u00e2len ayn\u0131 yerimde esnafl\u0131\u011f\u0131ma devam ediyorum.<\/p>\n<p>Bana hep soruyorlar:<\/p>\n<p>\u201cHayatta ne olmas\u0131n\u0131 isterdin en \u00e7ok?\u201d<\/p>\n<p>\u0130nsanlara\u00a0g\u00fcm\u00fc\u015f\u00fc\u00a0anlatmak isterdim.<\/p>\n<p>O metalin i\u00e7ine saklanan\u00a0sessiz zarafeti, i\u015f\u00e7ili\u011fin sabr\u0131n\u0131, ate\u015fin i\u00e7inden ge\u00e7erken kazand\u0131\u011f\u0131 ruhu&#8230;<br \/>\n\u015eimdi kimse g\u00fcm\u00fc\u015f nedir, fark\u0131nda bile de\u011fil. Sadece bir par\u0131lt\u0131 san\u0131yorlar.<\/p>\n<p>Belki de bu y\u00fczden bu kadar kederliler. \u00c7\u00fcnk\u00fc hi\u00e7bir \u015feyin derinli\u011fini hissetmiyorlar.<\/p>\n<p>Bir y\u00fcz\u00fc\u011f\u00fcn i\u00e7 y\u00fczeyinde gizlenmi\u015f bir \u00e7izginin, bir telin k\u0131vr\u0131m\u0131nda saklanan niyetin ne demek oldu\u011funu bilmiyorlar.<\/p>\n<p>\u0130nsanlara\u00a0g\u00fcm\u00fc\u015f\u00fcn s\u0131rr\u0131n\u0131\u00a0anlatabilmek isterdim.<\/p>\n<p>O zaman y\u00fczeyin alt\u0131ndaki g\u00fczelli\u011fi fark ederlerdi.<br \/>\nSadece s\u00fcs de\u011fil, hat\u0131ra da ta\u015f\u0131d\u0131\u011f\u0131n\u0131; bir par\u00e7a g\u00fcm\u00fc\u015f\u00fcn bazen\u00a0bir \u00f6m\u00fcr anlatt\u0131\u011f\u0131n\u0131&#8230;<\/p>\n<p>Belki o zaman kendilerini de, birbirlerini de daha iyi anlarlard\u0131.<\/p>\n<p>Belki kendi hik\u00e2yelerini bile yeniden \u015fekillendirebilirlerdi.<\/p>\n<p>Art\u0131k ya\u015f gere\u011fi bunu anlatamasam da, benim yerime bu mesle\u011fi \u00e7ok iyi \u00f6\u011frenen\u00a0o\u011flum\u00a0sizlere aktarabilir.<br \/>\nBayra\u011f\u0131 ona teslim ettim. Zaten \u015fu an g\u00f6rd\u00fc\u011f\u00fcn\u00fcz modeller\u00a0onun eserleri.<\/p>\n<p>D\u00fckk\u00e2n\u0131m\u0131z\u0131n adresi belli, gelmek isteyenlere\u00a0kap\u0131m\u0131z a\u00e7\u0131k.<\/p>\n<p>Hepiniz sevgiyle ve sa\u011fl\u0131cakla kal\u0131n.<\/p>\n\t\t<\/div>\n\t\t<\/div><\/div><\/div><\/div><div class=\"vc_row wpb_row vc_row-fluid\"><div class=\"wpb_column vc_column_container vc_col-sm-12\"><div class=\"vc_column-inner\"><div class=\"wpb_wrapper\">\n\t<div  class=\"wpb_single_image wpb_content_element vc_align_center\">\n\t\t\n\t\t<figure class=\"wpb_wrapper vc_figure\">\n\t\t\t<div class=\"vc_single_image-wrapper vc_box_shadow_3d  vc_box_border_grey\"><img loading=\"lazy\" decoding=\"async\" width=\"533\" height=\"800\" src=\"https:\/\/brothersjewellery.com\/wp-content\/uploads\/2026\/02\/WhatsApp-Image-2026-02-21-at-13.11.22-533x800.jpeg\" class=\"vc_single_image-img attachment-large\" alt=\"\" title=\"WhatsApp Image 2026-02-21 at 13.11.22\" srcset=\"https:\/\/brothersjewellery.com\/wp-content\/uploads\/2026\/02\/WhatsApp-Image-2026-02-21-at-13.11.22-533x800.jpeg 533w, https:\/\/brothersjewellery.com\/wp-content\/uploads\/2026\/02\/WhatsApp-Image-2026-02-21-at-13.11.22-200x300.jpeg 200w, https:\/\/brothersjewellery.com\/wp-content\/uploads\/2026\/02\/WhatsApp-Image-2026-02-21-at-13.11.22-768x1152.jpeg 768w, https:\/\/brothersjewellery.com\/wp-content\/uploads\/2026\/02\/WhatsApp-Image-2026-02-21-at-13.11.22-8x12.jpeg 8w, https:\/\/brothersjewellery.com\/wp-content\/uploads\/2026\/02\/WhatsApp-Image-2026-02-21-at-13.11.22-430x645.jpeg 430w, https:\/\/brothersjewellery.com\/wp-content\/uploads\/2026\/02\/WhatsApp-Image-2026-02-21-at-13.11.22-700x1050.jpeg 700w, https:\/\/brothersjewellery.com\/wp-content\/uploads\/2026\/02\/WhatsApp-Image-2026-02-21-at-13.11.22-150x225.jpeg 150w, https:\/\/brothersjewellery.com\/wp-content\/uploads\/2026\/02\/WhatsApp-Image-2026-02-21-at-13.11.22.jpeg 1024w\" sizes=\"auto, (max-width: 533px) 100vw, 533px\" \/><\/div>\n\t\t<\/figure>\n\t<\/div>\n<\/div><\/div><\/div><\/div>\n<\/div>","protected":false},"excerpt":{"rendered":"Bir Markadan Fazlas\u0131: Bir Hayat Felsefesi 1947'de Mardin \u015ear Mahallesi'nde do\u011fdum. 9 \u00e7ocuklu bir ailede b\u00fcy\u00fcd\u00fcm. \u0130lkokul y\u0131llar\u0131ndan itibaren \u00e7al\u0131\u015fma","protected":false},"author":1,"featured_media":0,"parent":0,"menu_order":0,"comment_status":"closed","ping_status":"closed","template":"","meta":{"footnotes":""},"class_list":["post-169","page","type-page","status-publish","hentry"],"_links":{"self":[{"href":"https:\/\/brothersjewellery.com\/en\/wp-json\/wp\/v2\/pages\/169","targetHints":{"allow":["GET"]}}],"collection":[{"href":"https:\/\/brothersjewellery.com\/en\/wp-json\/wp\/v2\/pages"}],"about":[{"href":"https:\/\/brothersjewellery.com\/en\/wp-json\/wp\/v2\/types\/page"}],"author":[{"embeddable":true,"href":"https:\/\/brothersjewellery.com\/en\/wp-json\/wp\/v2\/users\/1"}],"replies":[{"embeddable":true,"href":"https:\/\/brothersjewellery.com\/en\/wp-json\/wp\/v2\/comments?post=169"}],"version-history":[{"count":22,"href":"https:\/\/brothersjewellery.com\/en\/wp-json\/wp\/v2\/pages\/169\/revisions"}],"predecessor-version":[{"id":1513,"href":"https:\/\/brothersjewellery.com\/en\/wp-json\/wp\/v2\/pages\/169\/revisions\/1513"}],"wp:attachment":[{"href":"https:\/\/brothersjewellery.com\/en\/wp-json\/wp\/v2\/media?parent=169"}],"curies":[{"name":"wp","href":"https:\/\/api.w.org\/{rel}","templated":true}]}}