{"id":171,"date":"2025-10-21T08:47:31","date_gmt":"2025-10-21T08:47:31","guid":{"rendered":"https:\/\/dummy.xtemos.com\/woodmart2\/christmas-shop\/?page_id=171"},"modified":"2025-12-29T15:02:54","modified_gmt":"2025-12-29T12:02:54","slug":"iletisim","status":"publish","type":"page","link":"https:\/\/brothersjewellery.com\/en\/iletisim\/","title":{"rendered":"\u0130leti\u015fim"},"content":{"rendered":"<div class=\"wpb-content-wrapper\"><div class=\"vc_row wpb_row vc_row-fluid vc_custom_1761058473401 vc_row-o-equal-height vc_row-flex wd-rs-68f79ea7534f6 wd-section-stretch-content-no-pd\"><div class=\"wpb_column vc_column_container vc_col-sm-6 vc_col-has-fill wd-rs-68f7a4d421f20\"><div class=\"vc_column-inner vc_custom_1761060057590\"><div class=\"wpb_wrapper\">\n\t\t<div id=\"wd-695265277beb8\" class=\"title-wrapper wd-wpb wd-set-mb reset-last-child  wd-rs-695265277beb8 wd-title-color-default wd-title-style-default text-left vc_custom_1767007540408 wd-underline-colored\">\n\t\t\t\n\t\t\t<div class=\"liner-continer\">\n\t\t\t\t<h4 class=\"woodmart-title-container title  wd-font-weight- wd-fontsize-l\" >Bize Ula\u015f\u0131n<\/h4>\n\t\t\t\t\t\t\t<\/div>\n\t\t\t\n\t\t\t\n\t\t\t\n\t\t<\/div>\n\t\t\n\t\t\t\t<div id=\"wd-69526a6b930f9\" class=\"wd-text-block wd-wpb reset-last-child wd-rs-69526a6b930f9 text-left wd-width-custom vc_custom_1767008882161\">\n\t\t\t<p>\u0130leti\u015fimde h\u0131z iyidir, bizde direkt WhatsApp&#8217;tan yazabilirsiniz.<\/p>\n\t\t<\/div>\n\t\t<div id=\"wd-69526ab95faf4\" class=\"wd-rs-69526ab95faf4 vc_custom_1767008957742 wd-button-wrapper text-left\"><a href=\"https:\/\/wa.me\/905423198346\" title=\"\" style=\"--btn-color:#fff;--btn-color-hover:#fff;\" class=\"btn btn-style-default btn-shape-semi-round btn-size-large\">WhatsApp&#039;tan Yaz\u0131n<\/a><\/div><div class=\"vc_empty_space\"   style=\"height: 32px\"><span class=\"vc_empty_space_inner\"><\/span><\/div>\t\t<div id=\"wd-69526a84adb83\" class=\"wd-text-block wd-wpb reset-last-child wd-rs-69526a84adb83 text-left wd-width-custom vc_custom_1767008906723\">\n\t\t\t<p>\u00dcr\u00fcnlerimizi ve yenilikleri Instagram&#8217;da takip edebilirsiniz.<\/p>\n\t\t<\/div>\n\t\t<div id=\"wd-69526b00296ea\" class=\"wd-rs-69526b00296ea vc_custom_1767009049849 wd-button-wrapper text-left\"><a href=\"https:\/\/www.instagram.com\/brothers_silvergold\" title=\"\" style=\"--btn-color:#fff;--btn-color-hover:#fff;\" class=\"btn btn-style-default btn-shape-semi-round btn-size-large btn-icon-pos-left\">Instagram&#039;da Bizi Takip Edin<span class=\"wd-btn-icon\"><span class=\"wd-icon fa fa-brands fa-instagram\"><\/span><\/span><\/a><\/div><div class=\"vc_empty_space\"   style=\"height: 22px\"><span class=\"vc_empty_space_inner\"><\/span><\/div>\t\t<div id=\"wd-69526b3037c07\" class=\"wd-image wd-wpb wd-rs-69526b3037c07 text-left\">\n\t\t\t\n\t\t\t<img loading=\"lazy\" decoding=\"async\" width=\"1728\" height=\"1728\" src=\"https:\/\/brothersjewellery.com\/wp-content\/uploads\/2025\/12\/iletisim.webp\" class=\"attachment-full size-full\" alt=\"\" srcset=\"https:\/\/brothersjewellery.com\/wp-content\/uploads\/2025\/12\/iletisim.webp 1728w, https:\/\/brothersjewellery.com\/wp-content\/uploads\/2025\/12\/iletisim-430x430.webp 430w, https:\/\/brothersjewellery.com\/wp-content\/uploads\/2025\/12\/iletisim-150x150.webp 150w, https:\/\/brothersjewellery.com\/wp-content\/uploads\/2025\/12\/iletisim-700x700.webp 700w, https:\/\/brothersjewellery.com\/wp-content\/uploads\/2025\/12\/iletisim-300x300.webp 300w, https:\/\/brothersjewellery.com\/wp-content\/uploads\/2025\/12\/iletisim-800x800.webp 800w, https:\/\/brothersjewellery.com\/wp-content\/uploads\/2025\/12\/iletisim-768x768.webp 768w, https:\/\/brothersjewellery.com\/wp-content\/uploads\/2025\/12\/iletisim-1536x1536.webp 1536w\" sizes=\"auto, (max-width: 1728px) 100vw, 1728px\" \/>\n\t\t\t\t\t<\/div>\n\t\t<\/div><\/div><\/div><div class=\"wpb_column vc_column_container vc_col-sm-6 woodmart-sticky-column wd_sticky_offset_150 wd-rs-68f7a4dba400d\"><div class=\"vc_column-inner vc_custom_1761060063038\"><div class=\"wpb_wrapper\"><div class=\"vc_row wpb_row vc_inner vc_row-fluid vc_custom_1767009661871 vc_row-has-fill wd-rs-69526d6f4aef9\"><div class=\"wpb_column vc_column_container vc_col-sm-12 wd-rs-68f7a4a79475d\"><div class=\"vc_column-inner vc_custom_1761060010369\"><div class=\"wpb_wrapper\">\t\t<div class=\"wd-el-video wd-wpb wd-rs-69526de024111 wd-action-without wd-video-hosted\">\n\t\t\t\t\t\t\t<video src=\"https:\/\/brothersjewellery.com\/wp-content\/uploads\/2025\/12\/Istanbul-grand-bazaar-gate-1-to-the-brothers-jewellery.mp4\" playsinline muted controls autoplay><\/video>\t\t\t\n\t\t\t\n\t\t\t\n\t\t\t\t\t<\/div>\n\t\t<\/div><\/div><\/div><\/div><\/div><\/div><\/div><\/div>\n<\/div>","protected":false},"excerpt":{"rendered":"Bize Ula\u015f\u0131n \u0130leti\u015fimde h\u0131z iyidir, bizde direkt WhatsApp'tan yazabilirsiniz. WhatsApp&#039;tan Yaz\u0131n \u00dcr\u00fcnlerimizi ve yenilikleri Instagram'da takip edebilirsiniz. Instagram&#039;da Bizi Takip","protected":false},"author":1,"featured_media":0,"parent":0,"menu_order":0,"comment_status":"closed","ping_status":"closed","template":"","meta":{"footnotes":""},"class_list":["post-171","page","type-page","status-publish","hentry"],"_links":{"self":[{"href":"https:\/\/brothersjewellery.com\/en\/wp-json\/wp\/v2\/pages\/171","targetHints":{"allow":["GET"]}}],"collection":[{"href":"https:\/\/brothersjewellery.com\/en\/wp-json\/wp\/v2\/pages"}],"about":[{"href":"https:\/\/brothersjewellery.com\/en\/wp-json\/wp\/v2\/types\/page"}],"author":[{"embeddable":true,"href":"https:\/\/brothersjewellery.com\/en\/wp-json\/wp\/v2\/users\/1"}],"replies":[{"embeddable":true,"href":"https:\/\/brothersjewellery.com\/en\/wp-json\/wp\/v2\/comments?post=171"}],"version-history":[{"count":26,"href":"https:\/\/brothersjewellery.com\/en\/wp-json\/wp\/v2\/pages\/171\/revisions"}],"predecessor-version":[{"id":998,"href":"https:\/\/brothersjewellery.com\/en\/wp-json\/wp\/v2\/pages\/171\/revisions\/998"}],"wp:attachment":[{"href":"https:\/\/brothersjewellery.com\/en\/wp-json\/wp\/v2\/media?parent=171"}],"curies":[{"name":"wp","href":"https:\/\/api.w.org\/{rel}","templated":true}]}}