{"id":958,"date":"2025-12-29T14:06:57","date_gmt":"2025-12-29T11:06:57","guid":{"rendered":"https:\/\/baysajans.com\/brothersjewellery\/?page_id=958"},"modified":"2026-02-17T19:38:29","modified_gmt":"2026-02-17T16:38:29","slug":"manifesto","status":"publish","type":"page","link":"https:\/\/brothersjewellery.com\/en\/manifesto\/","title":{"rendered":"Manifesto"},"content":{"rendered":"<div class=\"wpb-content-wrapper\"><div class=\"vc_row wpb_row vc_row-fluid vc_custom_1761657205865 vc_row-has-fill wd-bg-center-top wd-rs-6900c16dd7a3c wd-section-stretch\"><div class=\"wpb_column vc_column_container vc_col-sm-12 wd-rs-69525d1367f50\"><div class=\"vc_column-inner vc_custom_1767005466115\"><div class=\"wpb_wrapper\">\n\t\t<div id=\"wd-6952610a2bf9c\" class=\"title-wrapper wd-wpb wd-set-mb reset-last-child  wd-rs-6952610a2bf9c wd-title-color-default wd-title-style-default text-center vc_custom_1767006481877 wd-underline-colored\">\n\t\t\t\n\t\t\t<div class=\"liner-continer\">\n\t\t\t\t<h4 class=\"woodmart-title-container title  wd-font-weight- wd-fontsize-l\" >Manifestomuz<\/h4>\n\t\t\t\t\t\t\t<\/div>\n\t\t\t\n\t\t\t\n\t\t\t\n\t\t<\/div>\n\t\t\n\t\t\t\t<div id=\"wd-695260ecaf451\" class=\"wd-text-block wd-wpb reset-last-child wd-rs-695260ecaf451 text-left vc_custom_1767006448269\">\n\t\t\t<h3 class=\"\">M\u00fckemmellik Yaland\u0131r. Kusur Ger\u00e7ektir.<\/h3>\n<p>Biz,\u00a0<strong>The Brothers Jewellery<\/strong>\u00a0olarak, g\u00fcm\u00fc\u015f\u00fcn y\u00fczeyinde parmak izlerimizi b\u0131rakmay\u0131 tercih eden zanaatk\u00e2rlar\u0131z. Marka de\u011filiz. Zanaatk\u00e2r\u0131z. El eme\u011fi ile g\u00fcm\u00fc\u015fe \u015fekil veren, mesle\u011fini icra eden insanlar\u0131z.<\/p>\n<p>Fabrika band\u0131ndan \u00e7\u0131km\u0131\u015f, birbirinin ayn\u0131 tak\u0131lar yapm\u0131yoruz. Her birimizin parmak izi nas\u0131l benzersizse, yaratt\u0131\u011f\u0131m\u0131z her par\u00e7a da \u00f6yle. Bazen \u00e7izik, bazen hafif yamuk, ama her zaman ger\u00e7ek. \u00c7\u00fcnk\u00fc ger\u00e7ek hayat da \u00f6yle. Kusursuz de\u011fil, ama tamamen kendine \u00f6zg\u00fc.<\/p>\n<h2>\u0130NSANA DA\u0130R OLAN, KUSURLUDUR<\/h2>\n<p>El i\u015fi yap\u0131yoruz. Bazen cila yaparken \u00fcr\u00fcn elimizden f\u0131rl\u0131yor. Bazen ta\u015f takarken ta\u015f k\u0131r\u0131labiliyor. Bazen d\u00f6k\u00fcm istedi\u011fimiz gibi olmuyor<\/p>\n<p>Bu y\u00fczden her par\u00e7am\u0131z farkl\u0131. T\u0131pk\u0131 sizin gibi. T\u0131pk\u0131 bizim gibi. \u0130nsana dair.<\/p>\n<h2>HATA DE\u011e\u0130L, KARAKTER<\/h2>\n<p>Di\u011ferleri &#8220;hata&#8221; dediklerine yaftalan\u0131rken, biz onlara &#8220;insan eli&#8221; diyoruz. Parmak izimizi silmiyoruz<br \/>\n\u00c7eki\u00e7 darbesini gizlemiyoruz. Bizim i\u00e7in kusursuzluk, ruhsuz bir kavram. Karaktersiz bir y\u00fcz gibi. Unutulmaya mahk\u00fbm.<\/p>\n<h2>PARLATILMI\u015e K\u0130ML\u0130KLERE KAR\u015eIYIZ<\/h2>\n<p>Instagram filtreleri gibi hayat\u0131 cilalayan markalar\u0131 sevmiyoruz. Biz ger\u00e7e\u011fiz. Bazen yorgun, bazen karamsar, bazen mutsuz, bazen iyimser, bazen mutlu&#8230; Biz insana dair olan \u015feyleri anlat\u0131yoruz \u00e7\u00fcnk\u00fc biz insan\u0131z.<\/p>\n<p>M\u00fccevherat sizi mutlu etmez, edemez ama sizi ifade eder, t\u0131pk\u0131 insani duygular gibi. Biz ger\u00e7ek olan\u0131 sunuyoruz, m\u00fckemmel g\u00f6r\u00fcneni de\u011fil.<\/p>\n<h2>ESK\u0130 YEN\u0130D\u0130R, YEN\u0130 GE\u00c7\u0130C\u0130D\u0130R<\/h2>\n<p>Kapal\u0131\u00e7ar\u015f\u0131&#8217;n\u0131n as\u0131rl\u0131k duvarlar\u0131 aras\u0131nda, hem ge\u00e7mi\u015fi hem gelece\u011fi harmanl\u0131yoruz. Antik ve moderni birle\u015ftirip neoklasik bir teknik kullan\u0131yoruz.<\/p>\n<p>Otantik par\u00e7alar\u0131m\u0131zda \u00e7a\u011fda\u015f dokunu\u015flar var. \u00c7\u00fcnk\u00fc zaman\u0131n \u00f6tesinde olmak, zamana uymamakt\u0131r.<\/p>\n<h2>B\u0130Z SATI\u015e YAPMIYORUZ, MESLE\u011e\u0130M\u0130Z\u0130 \u0130CRA ED\u0130YORUZ<\/h2>\n<p>Markalar satar. Biz yapar\u0131z. Markalar pazarlar. Biz \u00fcretiriz. Her tak\u0131m\u0131z bir \u00f6z. Bazen romantik, bazen isyank\u00e2r, ama her zaman ger\u00e7ek.<\/p>\n<p>Sizin hik\u00e2yenizin bir par\u00e7as\u0131 olmay\u0131 bekliyorlar. Onlar\u0131 tamamlayacak olan sizsiniz.<\/p>\n\t\t<\/div>\n\t\t<div class=\"vc_empty_space\"   style=\"height: 32px\"><span class=\"vc_empty_space_inner\"><\/span><\/div>\t\t<div id=\"gallery_238\" class=\"wd-images-gallery wd-wpb wd-rs-6994988661ff8 photoswipe-images wd-carousel-container wd-wpb\" style=\"--wd-justify-content:center;--wd-align-items:center;\">\n\t\t\t\t\t\t\t<div class=\"wd-carousel-inner\">\n\t\t\t\n\t\t\t<div class=\"wd-carousel wd-grid\"data-speed=\"3000\" data-wrap=\"yes\" data-autoplay=\"yes\" data-autoheight=\"yes\" data-scroll_per_page=\"yes\" style=\"--wd-col-lg:4;--wd-col-md:4;--wd-col-sm:1;--wd-gap-lg:20px;--wd-gap-sm:10px;\">\n\t\t\t\t\t\t\t\t\t<div class=\"wd-carousel-wrap\">\n\t\t\t\t\n\t\t\t\t\t\t\t\t\t\t\t\t\t\t\t<div class=\"wd-gallery-item wd-carousel-item\">\n\t\t\t\t\t\t\t\t\t\t\t\t\t\t<a href=\"https:\/\/brothersjewellery.com\/wp-content\/uploads\/2025\/12\/bizkimiz2.webp\" data-elementor-open-lightbox=\"no\" data-index=\"1\" data-width=\"1080\" data-height=\"864\" \n\t\t\t\t\t\t\t\t\t\t\t\t >\n\t\t\t\t\t\t\t\t\n\t\t\t\t\t\t\t\t<img loading=\"lazy\" decoding=\"async\" width=\"1080\" height=\"864\" src=\"https:\/\/brothersjewellery.com\/wp-content\/uploads\/2025\/12\/bizkimiz2.webp\" class=\"wd-gallery-image image-1\" alt=\"\" srcset=\"https:\/\/brothersjewellery.com\/wp-content\/uploads\/2025\/12\/bizkimiz2.webp 1080w, https:\/\/brothersjewellery.com\/wp-content\/uploads\/2025\/12\/bizkimiz2-430x344.webp 430w, https:\/\/brothersjewellery.com\/wp-content\/uploads\/2025\/12\/bizkimiz2-150x120.webp 150w, https:\/\/brothersjewellery.com\/wp-content\/uploads\/2025\/12\/bizkimiz2-700x560.webp 700w, https:\/\/brothersjewellery.com\/wp-content\/uploads\/2025\/12\/bizkimiz2-375x300.webp 375w, https:\/\/brothersjewellery.com\/wp-content\/uploads\/2025\/12\/bizkimiz2-1000x800.webp 1000w, https:\/\/brothersjewellery.com\/wp-content\/uploads\/2025\/12\/bizkimiz2-768x614.webp 768w\" sizes=\"auto, (max-width: 1080px) 100vw, 1080px\" \/>\n\t\t\t\t\t\t\t\t\t\t\t\t\t\t\t<\/a>\n\t\t\t\t\t\t\t\t\t\t\t\t<\/div>\n\t\t\t\t\t\t\t\t\t\t\t<div class=\"wd-gallery-item wd-carousel-item\">\n\t\t\t\t\t\t\t\t\t\t\t\t\t\t<a href=\"https:\/\/brothersjewellery.com\/wp-content\/uploads\/2026\/02\/IMG_20251209_0001.jpg\" data-elementor-open-lightbox=\"no\" data-index=\"2\" data-width=\"1080\" data-height=\"864\" \n\t\t\t\t\t\t\t\t\t\t\t\t >\n\t\t\t\t\t\t\t\t\n\t\t\t\t\t\t\t\t<img loading=\"lazy\" decoding=\"async\" width=\"1080\" height=\"864\" src=\"https:\/\/brothersjewellery.com\/wp-content\/uploads\/2026\/02\/IMG_20251209_0001.jpg\" class=\"wd-gallery-image image-2\" alt=\"\" srcset=\"https:\/\/brothersjewellery.com\/wp-content\/uploads\/2026\/02\/IMG_20251209_0001.jpg 1080w, https:\/\/brothersjewellery.com\/wp-content\/uploads\/2026\/02\/IMG_20251209_0001-375x300.jpg 375w, https:\/\/brothersjewellery.com\/wp-content\/uploads\/2026\/02\/IMG_20251209_0001-1000x800.jpg 1000w, https:\/\/brothersjewellery.com\/wp-content\/uploads\/2026\/02\/IMG_20251209_0001-768x614.jpg 768w, https:\/\/brothersjewellery.com\/wp-content\/uploads\/2026\/02\/IMG_20251209_0001-15x12.jpg 15w, https:\/\/brothersjewellery.com\/wp-content\/uploads\/2026\/02\/IMG_20251209_0001-430x344.jpg 430w, https:\/\/brothersjewellery.com\/wp-content\/uploads\/2026\/02\/IMG_20251209_0001-700x560.jpg 700w, https:\/\/brothersjewellery.com\/wp-content\/uploads\/2026\/02\/IMG_20251209_0001-150x120.jpg 150w\" sizes=\"auto, (max-width: 1080px) 100vw, 1080px\" \/>\n\t\t\t\t\t\t\t\t\t\t\t\t\t\t\t<\/a>\n\t\t\t\t\t\t\t\t\t\t\t\t<\/div>\n\t\t\t\t\t\t\t\t\t\t\t<div class=\"wd-gallery-item wd-carousel-item\">\n\t\t\t\t\t\t\t\t\t\t\t\t\t\t<a href=\"https:\/\/brothersjewellery.com\/wp-content\/uploads\/2025\/12\/bizkimiz5.webp\" data-elementor-open-lightbox=\"no\" data-index=\"3\" data-width=\"1080\" data-height=\"864\" \n\t\t\t\t\t\t\t\t\t\t\t\t >\n\t\t\t\t\t\t\t\t\n\t\t\t\t\t\t\t\t<img loading=\"lazy\" decoding=\"async\" width=\"1080\" height=\"864\" src=\"https:\/\/brothersjewellery.com\/wp-content\/uploads\/2025\/12\/bizkimiz5.webp\" class=\"wd-gallery-image image-3\" alt=\"\" srcset=\"https:\/\/brothersjewellery.com\/wp-content\/uploads\/2025\/12\/bizkimiz5.webp 1080w, https:\/\/brothersjewellery.com\/wp-content\/uploads\/2025\/12\/bizkimiz5-430x344.webp 430w, https:\/\/brothersjewellery.com\/wp-content\/uploads\/2025\/12\/bizkimiz5-150x120.webp 150w, https:\/\/brothersjewellery.com\/wp-content\/uploads\/2025\/12\/bizkimiz5-700x560.webp 700w, https:\/\/brothersjewellery.com\/wp-content\/uploads\/2025\/12\/bizkimiz5-375x300.webp 375w, https:\/\/brothersjewellery.com\/wp-content\/uploads\/2025\/12\/bizkimiz5-1000x800.webp 1000w, https:\/\/brothersjewellery.com\/wp-content\/uploads\/2025\/12\/bizkimiz5-768x614.webp 768w\" sizes=\"auto, (max-width: 1080px) 100vw, 1080px\" \/>\n\t\t\t\t\t\t\t\t\t\t\t\t\t\t\t<\/a>\n\t\t\t\t\t\t\t\t\t\t\t\t<\/div>\n\t\t\t\t\t\t\t\t\t\t\t<div class=\"wd-gallery-item wd-carousel-item\">\n\t\t\t\t\t\t\t\t\t\t\t\t\t\t<a href=\"https:\/\/brothersjewellery.com\/wp-content\/uploads\/2025\/12\/bizkimiz3.webp\" data-elementor-open-lightbox=\"no\" data-index=\"4\" data-width=\"1080\" data-height=\"864\" \n\t\t\t\t\t\t\t\t\t\t\t\t >\n\t\t\t\t\t\t\t\t\n\t\t\t\t\t\t\t\t<img loading=\"lazy\" decoding=\"async\" width=\"1080\" height=\"864\" src=\"https:\/\/brothersjewellery.com\/wp-content\/uploads\/2025\/12\/bizkimiz3.webp\" class=\"wd-gallery-image image-4\" alt=\"\" srcset=\"https:\/\/brothersjewellery.com\/wp-content\/uploads\/2025\/12\/bizkimiz3.webp 1080w, https:\/\/brothersjewellery.com\/wp-content\/uploads\/2025\/12\/bizkimiz3-430x344.webp 430w, https:\/\/brothersjewellery.com\/wp-content\/uploads\/2025\/12\/bizkimiz3-150x120.webp 150w, https:\/\/brothersjewellery.com\/wp-content\/uploads\/2025\/12\/bizkimiz3-700x560.webp 700w, https:\/\/brothersjewellery.com\/wp-content\/uploads\/2025\/12\/bizkimiz3-375x300.webp 375w, https:\/\/brothersjewellery.com\/wp-content\/uploads\/2025\/12\/bizkimiz3-1000x800.webp 1000w, https:\/\/brothersjewellery.com\/wp-content\/uploads\/2025\/12\/bizkimiz3-768x614.webp 768w\" sizes=\"auto, (max-width: 1080px) 100vw, 1080px\" \/>\n\t\t\t\t\t\t\t\t\t\t\t\t\t\t\t<\/a>\n\t\t\t\t\t\t\t\t\t\t\t\t<\/div>\n\t\t\t\t\t\t\t\t\t\t\t<div class=\"wd-gallery-item wd-carousel-item\">\n\t\t\t\t\t\t\t\t\t\t\t\t\t\t<a href=\"https:\/\/brothersjewellery.com\/wp-content\/uploads\/2026\/02\/IMG_20251209_0006.jpg\" data-elementor-open-lightbox=\"no\" data-index=\"5\" data-width=\"1080\" data-height=\"864\" \n\t\t\t\t\t\t\t\t\t\t\t\t >\n\t\t\t\t\t\t\t\t\n\t\t\t\t\t\t\t\t<img loading=\"lazy\" decoding=\"async\" width=\"1080\" height=\"864\" src=\"https:\/\/brothersjewellery.com\/wp-content\/uploads\/2026\/02\/IMG_20251209_0006.jpg\" class=\"wd-gallery-image image-5\" alt=\"\" srcset=\"https:\/\/brothersjewellery.com\/wp-content\/uploads\/2026\/02\/IMG_20251209_0006.jpg 1080w, https:\/\/brothersjewellery.com\/wp-content\/uploads\/2026\/02\/IMG_20251209_0006-375x300.jpg 375w, https:\/\/brothersjewellery.com\/wp-content\/uploads\/2026\/02\/IMG_20251209_0006-1000x800.jpg 1000w, https:\/\/brothersjewellery.com\/wp-content\/uploads\/2026\/02\/IMG_20251209_0006-768x614.jpg 768w, https:\/\/brothersjewellery.com\/wp-content\/uploads\/2026\/02\/IMG_20251209_0006-15x12.jpg 15w, https:\/\/brothersjewellery.com\/wp-content\/uploads\/2026\/02\/IMG_20251209_0006-430x344.jpg 430w, https:\/\/brothersjewellery.com\/wp-content\/uploads\/2026\/02\/IMG_20251209_0006-700x560.jpg 700w, https:\/\/brothersjewellery.com\/wp-content\/uploads\/2026\/02\/IMG_20251209_0006-150x120.jpg 150w\" sizes=\"auto, (max-width: 1080px) 100vw, 1080px\" \/>\n\t\t\t\t\t\t\t\t\t\t\t\t\t\t\t<\/a>\n\t\t\t\t\t\t\t\t\t\t\t\t<\/div>\n\t\t\t\t\t\t\t\t\t\t\t<div class=\"wd-gallery-item wd-carousel-item\">\n\t\t\t\t\t\t\t\t\t\t\t\t\t\t<a href=\"https:\/\/brothersjewellery.com\/wp-content\/uploads\/2026\/02\/IMG_20251209_0010.jpg\" data-elementor-open-lightbox=\"no\" data-index=\"6\" data-width=\"1080\" data-height=\"864\" \n\t\t\t\t\t\t\t\t\t\t\t\t >\n\t\t\t\t\t\t\t\t\n\t\t\t\t\t\t\t\t<img loading=\"lazy\" decoding=\"async\" width=\"1080\" height=\"864\" src=\"https:\/\/brothersjewellery.com\/wp-content\/uploads\/2026\/02\/IMG_20251209_0010.jpg\" class=\"wd-gallery-image image-6\" alt=\"\" srcset=\"https:\/\/brothersjewellery.com\/wp-content\/uploads\/2026\/02\/IMG_20251209_0010.jpg 1080w, https:\/\/brothersjewellery.com\/wp-content\/uploads\/2026\/02\/IMG_20251209_0010-375x300.jpg 375w, https:\/\/brothersjewellery.com\/wp-content\/uploads\/2026\/02\/IMG_20251209_0010-1000x800.jpg 1000w, https:\/\/brothersjewellery.com\/wp-content\/uploads\/2026\/02\/IMG_20251209_0010-768x614.jpg 768w, https:\/\/brothersjewellery.com\/wp-content\/uploads\/2026\/02\/IMG_20251209_0010-15x12.jpg 15w, https:\/\/brothersjewellery.com\/wp-content\/uploads\/2026\/02\/IMG_20251209_0010-430x344.jpg 430w, https:\/\/brothersjewellery.com\/wp-content\/uploads\/2026\/02\/IMG_20251209_0010-700x560.jpg 700w, https:\/\/brothersjewellery.com\/wp-content\/uploads\/2026\/02\/IMG_20251209_0010-150x120.jpg 150w\" sizes=\"auto, (max-width: 1080px) 100vw, 1080px\" \/>\n\t\t\t\t\t\t\t\t\t\t\t\t\t\t\t<\/a>\n\t\t\t\t\t\t\t\t\t\t\t\t<\/div>\n\t\t\t\t\t\t\t\t\t\t\t<div class=\"wd-gallery-item wd-carousel-item\">\n\t\t\t\t\t\t\t\t\t\t\t\t\t\t<a href=\"https:\/\/brothersjewellery.com\/wp-content\/uploads\/2026\/02\/IMG_20251209_0013.jpg\" data-elementor-open-lightbox=\"no\" data-index=\"7\" data-width=\"1080\" data-height=\"864\" \n\t\t\t\t\t\t\t\t\t\t\t\t >\n\t\t\t\t\t\t\t\t\n\t\t\t\t\t\t\t\t<img loading=\"lazy\" decoding=\"async\" width=\"1080\" height=\"864\" src=\"https:\/\/brothersjewellery.com\/wp-content\/uploads\/2026\/02\/IMG_20251209_0013.jpg\" class=\"wd-gallery-image image-7\" alt=\"\" srcset=\"https:\/\/brothersjewellery.com\/wp-content\/uploads\/2026\/02\/IMG_20251209_0013.jpg 1080w, https:\/\/brothersjewellery.com\/wp-content\/uploads\/2026\/02\/IMG_20251209_0013-375x300.jpg 375w, https:\/\/brothersjewellery.com\/wp-content\/uploads\/2026\/02\/IMG_20251209_0013-1000x800.jpg 1000w, https:\/\/brothersjewellery.com\/wp-content\/uploads\/2026\/02\/IMG_20251209_0013-768x614.jpg 768w, https:\/\/brothersjewellery.com\/wp-content\/uploads\/2026\/02\/IMG_20251209_0013-15x12.jpg 15w, https:\/\/brothersjewellery.com\/wp-content\/uploads\/2026\/02\/IMG_20251209_0013-430x344.jpg 430w, https:\/\/brothersjewellery.com\/wp-content\/uploads\/2026\/02\/IMG_20251209_0013-700x560.jpg 700w, https:\/\/brothersjewellery.com\/wp-content\/uploads\/2026\/02\/IMG_20251209_0013-150x120.jpg 150w\" sizes=\"auto, (max-width: 1080px) 100vw, 1080px\" \/>\n\t\t\t\t\t\t\t\t\t\t\t\t\t\t\t<\/a>\n\t\t\t\t\t\t\t\t\t\t\t\t<\/div>\n\t\t\t\t\t\t\t\t\t\t\t<div class=\"wd-gallery-item wd-carousel-item\">\n\t\t\t\t\t\t\t\t\t\t\t\t\t\t<a href=\"https:\/\/brothersjewellery.com\/wp-content\/uploads\/2026\/02\/IMG_20251209_0014.jpg\" data-elementor-open-lightbox=\"no\" data-index=\"8\" data-width=\"1080\" data-height=\"864\" \n\t\t\t\t\t\t\t\t\t\t\t\t >\n\t\t\t\t\t\t\t\t\n\t\t\t\t\t\t\t\t<img loading=\"lazy\" decoding=\"async\" width=\"1080\" height=\"864\" src=\"https:\/\/brothersjewellery.com\/wp-content\/uploads\/2026\/02\/IMG_20251209_0014.jpg\" class=\"wd-gallery-image image-8\" alt=\"\" srcset=\"https:\/\/brothersjewellery.com\/wp-content\/uploads\/2026\/02\/IMG_20251209_0014.jpg 1080w, https:\/\/brothersjewellery.com\/wp-content\/uploads\/2026\/02\/IMG_20251209_0014-375x300.jpg 375w, https:\/\/brothersjewellery.com\/wp-content\/uploads\/2026\/02\/IMG_20251209_0014-1000x800.jpg 1000w, https:\/\/brothersjewellery.com\/wp-content\/uploads\/2026\/02\/IMG_20251209_0014-768x614.jpg 768w, https:\/\/brothersjewellery.com\/wp-content\/uploads\/2026\/02\/IMG_20251209_0014-15x12.jpg 15w, https:\/\/brothersjewellery.com\/wp-content\/uploads\/2026\/02\/IMG_20251209_0014-430x344.jpg 430w, https:\/\/brothersjewellery.com\/wp-content\/uploads\/2026\/02\/IMG_20251209_0014-700x560.jpg 700w, https:\/\/brothersjewellery.com\/wp-content\/uploads\/2026\/02\/IMG_20251209_0014-150x120.jpg 150w\" sizes=\"auto, (max-width: 1080px) 100vw, 1080px\" \/>\n\t\t\t\t\t\t\t\t\t\t\t\t\t\t\t<\/a>\n\t\t\t\t\t\t\t\t\t\t\t\t<\/div>\n\t\t\t\t\t\t\t\t\t\n\t\t\t\t\t\t\t\t\t<\/div>\n\t\t\t\t\t\t\t<\/div>\n\n\t\t\t\t\t\t\t\t\t\t\t\t\t\t<div class=\"wd-nav-arrows wd-pos-sep wd-hover-1 wd-icon-1\">\n\t\t\t<div class=\"wd-btn-arrow wd-prev wd-disabled\">\n\t\t\t\t<div class=\"wd-arrow-inner\"><\/div>\n\t\t\t<\/div>\n\t\t\t<div class=\"wd-btn-arrow wd-next\">\n\t\t\t\t<div class=\"wd-arrow-inner\"><\/div>\n\t\t\t<\/div>\n\t\t<\/div>\n\t\t\t\t\t\t\n\t\t\t\t<\/div>\n\n\t\t\t\t\t\t\t\t\t\t\t\t\t<\/div>\n\t\t<\/div><\/div><\/div><\/div>\n<\/div>","protected":false},"excerpt":{"rendered":"Manifestomuz M\u00fckemmellik Yaland\u0131r. Kusur Ger\u00e7ektir. Biz,\u00a0The Brothers Jewellery\u00a0olarak, g\u00fcm\u00fc\u015f\u00fcn y\u00fczeyinde parmak izlerimizi b\u0131rakmay\u0131 tercih eden zanaatk\u00e2rlar\u0131z. Marka de\u011filiz. Zanaatk\u00e2r\u0131z. El","protected":false},"author":1,"featured_media":0,"parent":0,"menu_order":0,"comment_status":"closed","ping_status":"closed","template":"","meta":{"footnotes":""},"class_list":["post-958","page","type-page","status-publish","hentry"],"_links":{"self":[{"href":"https:\/\/brothersjewellery.com\/en\/wp-json\/wp\/v2\/pages\/958","targetHints":{"allow":["GET"]}}],"collection":[{"href":"https:\/\/brothersjewellery.com\/en\/wp-json\/wp\/v2\/pages"}],"about":[{"href":"https:\/\/brothersjewellery.com\/en\/wp-json\/wp\/v2\/types\/page"}],"author":[{"embeddable":true,"href":"https:\/\/brothersjewellery.com\/en\/wp-json\/wp\/v2\/users\/1"}],"replies":[{"embeddable":true,"href":"https:\/\/brothersjewellery.com\/en\/wp-json\/wp\/v2\/comments?post=958"}],"version-history":[{"count":9,"href":"https:\/\/brothersjewellery.com\/en\/wp-json\/wp\/v2\/pages\/958\/revisions"}],"predecessor-version":[{"id":1383,"href":"https:\/\/brothersjewellery.com\/en\/wp-json\/wp\/v2\/pages\/958\/revisions\/1383"}],"wp:attachment":[{"href":"https:\/\/brothersjewellery.com\/en\/wp-json\/wp\/v2\/media?parent=958"}],"curies":[{"name":"wp","href":"https:\/\/api.w.org\/{rel}","templated":true}]}}