{"id":1106,"date":"2026-02-15T02:41:28","date_gmt":"2026-02-14T23:41:28","guid":{"rendered":"https:\/\/brothersjewellery.com\/?post_type=product&#038;p=1106"},"modified":"2026-04-01T01:27:40","modified_gmt":"2026-03-31T22:27:40","slug":"1-luna-domus","status":"publish","type":"product","link":"https:\/\/brothersjewellery.com\/en\/product\/1-luna-domus\/","title":{"rendered":"1- Luna domus"},"content":{"rendered":"","protected":false},"excerpt":{"rendered":"<p>Yumu\u015fak kubbe formundan ilham alan Luna Domus, sadeli\u011fiyle \u00f6ne \u00e7\u0131kan zamans\u0131z bir tasar\u0131md\u0131r. 925 ayar g\u00fcm\u00fc\u015ften \u00fcretilmi\u015f, parlak cilal\u0131 y\u00fczeyi sayesinde \u0131\u015f\u0131\u011f\u0131 dengeli \u015fekilde yans\u0131t\u0131r ve elde p\u00fcr\u00fczs\u00fcz bir his b\u0131rak\u0131r. Dengeli hacmi, \u00f6zellikle kad\u0131n kullan\u0131c\u0131lar\u0131n g\u00fcnl\u00fck kullan\u0131mda rahatl\u0131kla tercih edebilece\u011fi bir konfor sunar. Kapal\u0131\u00e7ar\u015f\u0131\u2019n\u0131n k\u00f6kl\u00fc el i\u015f\u00e7ili\u011fiyle \u015fekillenen bu y\u00fcz\u00fck, neoklasik mimarinin sakin oran anlay\u0131\u015f\u0131n\u0131 modern bir yorumla birle\u015ftirerek, her stile uyum sa\u011flayan g\u00fc\u00e7l\u00fc ama sade bir karakter ta\u015f\u0131r<\/p>","protected":false},"featured_media":1107,"comment_status":"open","ping_status":"closed","template":"","meta":[],"product_brand":[],"product_cat":[74,54],"product_tag":[],"class_list":{"0":"post-1106","1":"product","2":"type-product","3":"status-publish","4":"has-post-thumbnail","6":"product_cat-neoklasik-koleksiyon","7":"product_cat-yuzuk","9":"first","10":"instock","11":"shipping-taxable","12":"purchasable","13":"product-type-variable"},"_links":{"self":[{"href":"https:\/\/brothersjewellery.com\/en\/wp-json\/wp\/v2\/product\/1106","targetHints":{"allow":["GET"]}}],"collection":[{"href":"https:\/\/brothersjewellery.com\/en\/wp-json\/wp\/v2\/product"}],"about":[{"href":"https:\/\/brothersjewellery.com\/en\/wp-json\/wp\/v2\/types\/product"}],"replies":[{"embeddable":true,"href":"https:\/\/brothersjewellery.com\/en\/wp-json\/wp\/v2\/comments?post=1106"}],"wp:featuredmedia":[{"embeddable":true,"href":"https:\/\/brothersjewellery.com\/en\/wp-json\/wp\/v2\/media\/1107"}],"wp:attachment":[{"href":"https:\/\/brothersjewellery.com\/en\/wp-json\/wp\/v2\/media?parent=1106"}],"wp:term":[{"taxonomy":"product_brand","embeddable":true,"href":"https:\/\/brothersjewellery.com\/en\/wp-json\/wp\/v2\/product_brand?post=1106"},{"taxonomy":"product_cat","embeddable":true,"href":"https:\/\/brothersjewellery.com\/en\/wp-json\/wp\/v2\/product_cat?post=1106"},{"taxonomy":"product_tag","embeddable":true,"href":"https:\/\/brothersjewellery.com\/en\/wp-json\/wp\/v2\/product_tag?post=1106"}],"curies":[{"name":"wp","href":"https:\/\/api.w.org\/{rel}","templated":true}]}}