{"id":1110,"date":"2026-02-15T02:41:59","date_gmt":"2026-02-14T23:41:59","guid":{"rendered":"https:\/\/brothersjewellery.com\/?post_type=product&#038;p=1110"},"modified":"2026-04-01T01:29:31","modified_gmt":"2026-03-31T22:29:31","slug":"2-voluta","status":"publish","type":"product","link":"https:\/\/brothersjewellery.com\/en\/product\/2-voluta\/","title":{"rendered":"2- Voluta"},"content":{"rendered":"","protected":false},"excerpt":{"rendered":"<p>Asimetrik formuyla dikkat \u00e7eken Voluta, hareket ve denge fikrini bir araya getiren \u00f6zg\u00fcn bir tasar\u0131md\u0131r. Bir y\u00fcz\u00fcndeki ak\u0131c\u0131 dalga formu, di\u011fer y\u00fcz\u00fcndeki belirgin \u00e7izgilerle kontrast olu\u015fturur; bu kar\u015f\u0131tl\u0131k y\u00fcz\u00fc\u011fe karakterini verir. 925 ayar g\u00fcm\u00fc\u015ften \u00fcretilmi\u015f, parlak cilal\u0131 y\u00fczeyiyle \u0131\u015f\u0131\u011f\u0131 farkl\u0131 a\u00e7\u0131lardan yans\u0131tarak elde dinamik bir g\u00f6r\u00fcn\u00fcm sunar. Kapal\u0131\u00e7ar\u015f\u0131\u2019n\u0131n k\u00f6kl\u00fc el i\u015f\u00e7ili\u011fiyle \u015fekillenen Voluta, klasik mimariden ilham alan formunu modern ve cesur bir yorumla birle\u015ftirir; g\u00fcnl\u00fck kullan\u0131mda fark yaratan, stilini detaylarda arayanlar i\u00e7in g\u00fc\u00e7l\u00fc bir par\u00e7ad\u0131r.<\/p>","protected":false},"featured_media":1111,"comment_status":"open","ping_status":"closed","template":"","meta":[],"product_brand":[],"product_cat":[74,54],"product_tag":[],"class_list":{"0":"post-1110","1":"product","2":"type-product","3":"status-publish","4":"has-post-thumbnail","6":"product_cat-neoklasik-koleksiyon","7":"product_cat-yuzuk","9":"first","10":"instock","11":"shipping-taxable","12":"purchasable","13":"product-type-variable"},"_links":{"self":[{"href":"https:\/\/brothersjewellery.com\/en\/wp-json\/wp\/v2\/product\/1110","targetHints":{"allow":["GET"]}}],"collection":[{"href":"https:\/\/brothersjewellery.com\/en\/wp-json\/wp\/v2\/product"}],"about":[{"href":"https:\/\/brothersjewellery.com\/en\/wp-json\/wp\/v2\/types\/product"}],"replies":[{"embeddable":true,"href":"https:\/\/brothersjewellery.com\/en\/wp-json\/wp\/v2\/comments?post=1110"}],"wp:featuredmedia":[{"embeddable":true,"href":"https:\/\/brothersjewellery.com\/en\/wp-json\/wp\/v2\/media\/1111"}],"wp:attachment":[{"href":"https:\/\/brothersjewellery.com\/en\/wp-json\/wp\/v2\/media?parent=1110"}],"wp:term":[{"taxonomy":"product_brand","embeddable":true,"href":"https:\/\/brothersjewellery.com\/en\/wp-json\/wp\/v2\/product_brand?post=1110"},{"taxonomy":"product_cat","embeddable":true,"href":"https:\/\/brothersjewellery.com\/en\/wp-json\/wp\/v2\/product_cat?post=1110"},{"taxonomy":"product_tag","embeddable":true,"href":"https:\/\/brothersjewellery.com\/en\/wp-json\/wp\/v2\/product_tag?post=1110"}],"curies":[{"name":"wp","href":"https:\/\/api.w.org\/{rel}","templated":true}]}}