{"id":1114,"date":"2026-02-15T02:43:23","date_gmt":"2026-02-14T23:43:23","guid":{"rendered":"https:\/\/brothersjewellery.com\/?post_type=product&#038;p=1114"},"modified":"2026-04-01T01:29:25","modified_gmt":"2026-03-31T22:29:25","slug":"3-antrum","status":"publish","type":"product","link":"https:\/\/brothersjewellery.com\/en\/product\/3-antrum\/","title":{"rendered":"3-Antrum"},"content":{"rendered":"","protected":false},"excerpt":{"rendered":"<p>Antrum, neoklasik tasar\u0131m anlay\u0131\u015f\u0131ndan beslenen, g\u00fc\u00e7l\u00fc ve karakterli bir form sunar. Y\u00fczeyindeki oyuk detaylar ve oksitli alanlar, 925 ayar g\u00fcm\u00fc\u015f\u00fcn parlak cilal\u0131 b\u00f6l\u00fcmleriyle dengelenerek derinlikli bir g\u00f6r\u00fcn\u00fcm olu\u015fturur. Tok yap\u0131s\u0131 ve hacimli duru\u015fu sayesinde elde kendini hissettiren bu y\u00fcz\u00fck, sade ama farkl\u0131 par\u00e7alar\u0131 tercih edenler i\u00e7in g\u00fcnl\u00fck kullan\u0131ma uygun, zamans\u0131z bir tasar\u0131md\u0131r.<\/p>","protected":false},"featured_media":1115,"comment_status":"open","ping_status":"closed","template":"","meta":[],"product_brand":[],"product_cat":[74,54],"product_tag":[],"class_list":{"0":"post-1114","1":"product","2":"type-product","3":"status-publish","4":"has-post-thumbnail","6":"product_cat-neoklasik-koleksiyon","7":"product_cat-yuzuk","9":"first","10":"instock","11":"shipping-taxable","12":"purchasable","13":"product-type-variable"},"_links":{"self":[{"href":"https:\/\/brothersjewellery.com\/en\/wp-json\/wp\/v2\/product\/1114","targetHints":{"allow":["GET"]}}],"collection":[{"href":"https:\/\/brothersjewellery.com\/en\/wp-json\/wp\/v2\/product"}],"about":[{"href":"https:\/\/brothersjewellery.com\/en\/wp-json\/wp\/v2\/types\/product"}],"replies":[{"embeddable":true,"href":"https:\/\/brothersjewellery.com\/en\/wp-json\/wp\/v2\/comments?post=1114"}],"wp:featuredmedia":[{"embeddable":true,"href":"https:\/\/brothersjewellery.com\/en\/wp-json\/wp\/v2\/media\/1115"}],"wp:attachment":[{"href":"https:\/\/brothersjewellery.com\/en\/wp-json\/wp\/v2\/media?parent=1114"}],"wp:term":[{"taxonomy":"product_brand","embeddable":true,"href":"https:\/\/brothersjewellery.com\/en\/wp-json\/wp\/v2\/product_brand?post=1114"},{"taxonomy":"product_cat","embeddable":true,"href":"https:\/\/brothersjewellery.com\/en\/wp-json\/wp\/v2\/product_cat?post=1114"},{"taxonomy":"product_tag","embeddable":true,"href":"https:\/\/brothersjewellery.com\/en\/wp-json\/wp\/v2\/product_tag?post=1114"}],"curies":[{"name":"wp","href":"https:\/\/api.w.org\/{rel}","templated":true}]}}