{"id":1119,"date":"2026-02-15T02:44:28","date_gmt":"2026-02-14T23:44:28","guid":{"rendered":"https:\/\/brothersjewellery.com\/?post_type=product&#038;p=1119"},"modified":"2026-04-01T01:29:25","modified_gmt":"2026-03-31T22:29:25","slug":"4-ahtabuz","status":"publish","type":"product","link":"https:\/\/brothersjewellery.com\/en\/product\/4-ahtabuz\/","title":{"rendered":"4-Ahtabuz"},"content":{"rendered":"","protected":false},"excerpt":{"rendered":"<p>Heykelsi ve organik formuyla \u00f6ne \u00e7\u0131kan modern bir y\u00fcz\u00fckt\u00fcr. Al\u0131\u015f\u0131lm\u0131\u015f simetriyi bilin\u00e7li \u015fekilde bozan tasar\u0131m\u0131, y\u00fcz\u00fc\u011fe g\u00fc\u00e7l\u00fc ve farkl\u0131 bir karakter kazand\u0131r\u0131r. 925 ayar g\u00fcm\u00fc\u015ften \u00fcretilmi\u015f bu par\u00e7a, y\u00fczeyindeki ak\u0131\u015fkan hatlar sayesinde elde dinamik bir duru\u015f sergiler. Neoklasik disiplinden beslenen ama \u00e7a\u011fda\u015f ve grotesk bir yorum ta\u015f\u0131yan Ahtabuz, klasik modellerden uzak, \u00f6zg\u00fcn bir stil arayanlar i\u00e7in tasarlanm\u0131\u015ft\u0131r.<\/p>","protected":false},"featured_media":1120,"comment_status":"open","ping_status":"closed","template":"","meta":[],"product_brand":[],"product_cat":[74,54],"product_tag":[],"class_list":{"0":"post-1119","1":"product","2":"type-product","3":"status-publish","4":"has-post-thumbnail","6":"product_cat-neoklasik-koleksiyon","7":"product_cat-yuzuk","9":"first","10":"instock","11":"shipping-taxable","12":"purchasable","13":"product-type-variable"},"_links":{"self":[{"href":"https:\/\/brothersjewellery.com\/en\/wp-json\/wp\/v2\/product\/1119","targetHints":{"allow":["GET"]}}],"collection":[{"href":"https:\/\/brothersjewellery.com\/en\/wp-json\/wp\/v2\/product"}],"about":[{"href":"https:\/\/brothersjewellery.com\/en\/wp-json\/wp\/v2\/types\/product"}],"replies":[{"embeddable":true,"href":"https:\/\/brothersjewellery.com\/en\/wp-json\/wp\/v2\/comments?post=1119"}],"wp:featuredmedia":[{"embeddable":true,"href":"https:\/\/brothersjewellery.com\/en\/wp-json\/wp\/v2\/media\/1120"}],"wp:attachment":[{"href":"https:\/\/brothersjewellery.com\/en\/wp-json\/wp\/v2\/media?parent=1119"}],"wp:term":[{"taxonomy":"product_brand","embeddable":true,"href":"https:\/\/brothersjewellery.com\/en\/wp-json\/wp\/v2\/product_brand?post=1119"},{"taxonomy":"product_cat","embeddable":true,"href":"https:\/\/brothersjewellery.com\/en\/wp-json\/wp\/v2\/product_cat?post=1119"},{"taxonomy":"product_tag","embeddable":true,"href":"https:\/\/brothersjewellery.com\/en\/wp-json\/wp\/v2\/product_tag?post=1119"}],"curies":[{"name":"wp","href":"https:\/\/api.w.org\/{rel}","templated":true}]}}