{"id":1124,"date":"2026-02-15T02:45:57","date_gmt":"2026-02-14T23:45:57","guid":{"rendered":"https:\/\/brothersjewellery.com\/?post_type=product&#038;p=1124"},"modified":"2026-04-01T01:29:15","modified_gmt":"2026-03-31T22:29:15","slug":"5-ziamond","status":"publish","type":"product","link":"https:\/\/brothersjewellery.com\/en\/product\/5-ziamond\/","title":{"rendered":"5- Ziamond"},"content":{"rendered":"","protected":false},"excerpt":{"rendered":"<p>Ziamond, dengeli oranlar\u0131 ve ak\u0131c\u0131 formu ile modern bir y\u00fcz\u00fckt\u00fcr. K\u00fc\u00e7\u00fckten b\u00fcy\u00fc\u011fe do\u011fru geni\u015fleyen k\u0131vr\u0131mlar, merkezdeki oyuk ve sivri badem formunda g\u00fc\u00e7l\u00fc bir odakta birle\u015fir. 925 ayar g\u00fcm\u00fc\u015ften \u00fcretilen bu tasar\u0131m, neoklasik disiplinle \u00e7a\u011fda\u015f \u00e7izgiyi bir araya getirir; abart\u0131s\u0131z ama etkili, trendi yakalayan karakterli bir duru\u015f sunar.<\/p>","protected":false},"featured_media":1125,"comment_status":"open","ping_status":"closed","template":"","meta":[],"product_brand":[],"product_cat":[74,54],"product_tag":[],"class_list":{"0":"post-1124","1":"product","2":"type-product","3":"status-publish","4":"has-post-thumbnail","6":"product_cat-neoklasik-koleksiyon","7":"product_cat-yuzuk","9":"first","10":"instock","11":"shipping-taxable","12":"purchasable","13":"product-type-variable"},"_links":{"self":[{"href":"https:\/\/brothersjewellery.com\/en\/wp-json\/wp\/v2\/product\/1124","targetHints":{"allow":["GET"]}}],"collection":[{"href":"https:\/\/brothersjewellery.com\/en\/wp-json\/wp\/v2\/product"}],"about":[{"href":"https:\/\/brothersjewellery.com\/en\/wp-json\/wp\/v2\/types\/product"}],"replies":[{"embeddable":true,"href":"https:\/\/brothersjewellery.com\/en\/wp-json\/wp\/v2\/comments?post=1124"}],"wp:featuredmedia":[{"embeddable":true,"href":"https:\/\/brothersjewellery.com\/en\/wp-json\/wp\/v2\/media\/1125"}],"wp:attachment":[{"href":"https:\/\/brothersjewellery.com\/en\/wp-json\/wp\/v2\/media?parent=1124"}],"wp:term":[{"taxonomy":"product_brand","embeddable":true,"href":"https:\/\/brothersjewellery.com\/en\/wp-json\/wp\/v2\/product_brand?post=1124"},{"taxonomy":"product_cat","embeddable":true,"href":"https:\/\/brothersjewellery.com\/en\/wp-json\/wp\/v2\/product_cat?post=1124"},{"taxonomy":"product_tag","embeddable":true,"href":"https:\/\/brothersjewellery.com\/en\/wp-json\/wp\/v2\/product_tag?post=1124"}],"curies":[{"name":"wp","href":"https:\/\/api.w.org\/{rel}","templated":true}]}}