{"id":1129,"date":"2026-02-15T02:46:56","date_gmt":"2026-02-14T23:46:56","guid":{"rendered":"https:\/\/brothersjewellery.com\/?post_type=product&#038;p=1129"},"modified":"2026-04-01T01:29:15","modified_gmt":"2026-03-31T22:29:15","slug":"6-myking","status":"publish","type":"product","link":"https:\/\/brothersjewellery.com\/en\/product\/6-myking\/","title":{"rendered":"6- Myking"},"content":{"rendered":"","protected":false},"excerpt":{"rendered":"<p>Myking, g\u00fcc\u00fc sembollerle anlatmaz.<\/p>\n<p>Sessiz, kapal\u0131 ve nettir.<\/p>\n<p>Mi\u011fferi and\u0131ran formu, korunma ve h\u00e2kimiyet fikrini do\u011frudan \u00e7a\u011fr\u0131\u015ft\u0131r\u0131r. Keskin hatlar ve dengeli hacim, y\u00fcz\u00fc\u011fe a\u011f\u0131r ama kontroll\u00fc bir karakter kazand\u0131r\u0131r. G\u00f6steri\u015f i\u00e7ermez; dikkat \u00e7ekmesi gerekmez.<\/p>\n<p>Myking, temsil etmez.<\/p>\n<p>Ait olur.<\/p>","protected":false},"featured_media":1130,"comment_status":"open","ping_status":"closed","template":"","meta":[],"product_brand":[],"product_cat":[74,54],"product_tag":[],"class_list":{"0":"post-1129","1":"product","2":"type-product","3":"status-publish","4":"has-post-thumbnail","6":"product_cat-neoklasik-koleksiyon","7":"product_cat-yuzuk","9":"first","10":"instock","11":"shipping-taxable","12":"purchasable","13":"product-type-variable"},"_links":{"self":[{"href":"https:\/\/brothersjewellery.com\/en\/wp-json\/wp\/v2\/product\/1129","targetHints":{"allow":["GET"]}}],"collection":[{"href":"https:\/\/brothersjewellery.com\/en\/wp-json\/wp\/v2\/product"}],"about":[{"href":"https:\/\/brothersjewellery.com\/en\/wp-json\/wp\/v2\/types\/product"}],"replies":[{"embeddable":true,"href":"https:\/\/brothersjewellery.com\/en\/wp-json\/wp\/v2\/comments?post=1129"}],"wp:featuredmedia":[{"embeddable":true,"href":"https:\/\/brothersjewellery.com\/en\/wp-json\/wp\/v2\/media\/1130"}],"wp:attachment":[{"href":"https:\/\/brothersjewellery.com\/en\/wp-json\/wp\/v2\/media?parent=1129"}],"wp:term":[{"taxonomy":"product_brand","embeddable":true,"href":"https:\/\/brothersjewellery.com\/en\/wp-json\/wp\/v2\/product_brand?post=1129"},{"taxonomy":"product_cat","embeddable":true,"href":"https:\/\/brothersjewellery.com\/en\/wp-json\/wp\/v2\/product_cat?post=1129"},{"taxonomy":"product_tag","embeddable":true,"href":"https:\/\/brothersjewellery.com\/en\/wp-json\/wp\/v2\/product_tag?post=1129"}],"curies":[{"name":"wp","href":"https:\/\/api.w.org\/{rel}","templated":true}]}}