{"id":1133,"date":"2026-02-16T14:43:46","date_gmt":"2026-02-16T11:43:46","guid":{"rendered":"https:\/\/brothersjewellery.com\/?post_type=product&#038;p=1133"},"modified":"2026-04-01T01:29:04","modified_gmt":"2026-03-31T22:29:04","slug":"7-a-forma","status":"publish","type":"product","link":"https:\/\/brothersjewellery.com\/en\/product\/7-a-forma\/","title":{"rendered":"7- A-formA"},"content":{"rendered":"","protected":false},"excerpt":{"rendered":"<p>A-formA, tek bir k\u00fctle gibi alg\u0131lanan ancak k\u00fc\u00e7\u00fck par\u00e7alar\u0131n bilin\u00e7li birle\u015fimiyle olu\u015fan bir tasar\u0131md\u0131r. Form, klasik y\u00fcz\u00fck geometrisinden yola \u00e7\u0131kar ve bu geometriyi par\u00e7alara ay\u0131rarak yeniden kurar. B\u00fct\u00fcnl\u00fck hissi uzaktan korunur; yakla\u015ft\u0131k\u00e7a yap\u0131n\u0131n \u00e7o\u011fullu\u011fu ortaya \u00e7\u0131kar.<\/p>\n<p>A-formA, s\u00fcslenen bir form de\u011fil, kurulmu\u015f bir yap\u0131d\u0131r.<\/p>\n<p>Ba\u015flad\u0131\u011f\u0131m yere geri d\u00f6nd\u00fcm.<\/p>\n<p>Kendime.<\/p>","protected":false},"featured_media":1134,"comment_status":"open","ping_status":"closed","template":"","meta":[],"product_brand":[],"product_cat":[78,54],"product_tag":[],"class_list":{"0":"post-1133","1":"product","2":"type-product","3":"status-publish","4":"has-post-thumbnail","6":"product_cat-endustriyel-form-koleksiyonu","7":"product_cat-yuzuk","9":"first","10":"instock","11":"shipping-taxable","12":"product-type-variable"},"_links":{"self":[{"href":"https:\/\/brothersjewellery.com\/en\/wp-json\/wp\/v2\/product\/1133","targetHints":{"allow":["GET"]}}],"collection":[{"href":"https:\/\/brothersjewellery.com\/en\/wp-json\/wp\/v2\/product"}],"about":[{"href":"https:\/\/brothersjewellery.com\/en\/wp-json\/wp\/v2\/types\/product"}],"replies":[{"embeddable":true,"href":"https:\/\/brothersjewellery.com\/en\/wp-json\/wp\/v2\/comments?post=1133"}],"wp:featuredmedia":[{"embeddable":true,"href":"https:\/\/brothersjewellery.com\/en\/wp-json\/wp\/v2\/media\/1134"}],"wp:attachment":[{"href":"https:\/\/brothersjewellery.com\/en\/wp-json\/wp\/v2\/media?parent=1133"}],"wp:term":[{"taxonomy":"product_brand","embeddable":true,"href":"https:\/\/brothersjewellery.com\/en\/wp-json\/wp\/v2\/product_brand?post=1133"},{"taxonomy":"product_cat","embeddable":true,"href":"https:\/\/brothersjewellery.com\/en\/wp-json\/wp\/v2\/product_cat?post=1133"},{"taxonomy":"product_tag","embeddable":true,"href":"https:\/\/brothersjewellery.com\/en\/wp-json\/wp\/v2\/product_tag?post=1133"}],"curies":[{"name":"wp","href":"https:\/\/api.w.org\/{rel}","templated":true}]}}