{"id":1139,"date":"2026-02-16T14:46:02","date_gmt":"2026-02-16T11:46:02","guid":{"rendered":"https:\/\/brothersjewellery.com\/?post_type=product&#038;p=1139"},"modified":"2026-04-01T01:29:04","modified_gmt":"2026-03-31T22:29:04","slug":"8-asiadge","status":"publish","type":"product","link":"https:\/\/brothersjewellery.com\/en\/product\/8-asiadge\/","title":{"rendered":"8- Asiadge"},"content":{"rendered":"","protected":false},"excerpt":{"rendered":"<p>Do\u011fu&#8217;nun Derinli\u011fi, Bat\u0131&#8217;n\u0131n Keskinli\u011fi Uzakdo\u011fu&#8217;nun mistik ak\u0131\u015f\u0131n\u0131 end\u00fcstriyel bir sertlik ve hassasiyetle harmanlayan Asiadge, k\u00fclt\u00fcrleraras\u0131 bir dualiteyi parma\u011f\u0131n\u0131za ta\u015f\u0131yor. Asya&#8217;n\u0131n zamans\u0131z zarafeti ile Avrupa&#8217;n\u0131n disiplinli g\u00fcc\u00fc birle\u015fiyor: Bir Avrupal\u0131 gibi d\u00fc\u015f\u00fcn, bir Asyal\u0131 gibi ak\u0131\u015fa b\u0131rak kendini.Bu y\u00fcz\u00fck, metalin organik bir \u015fekilde k\u0131vr\u0131l\u0131p d\u00fc\u011f\u00fcmlendi\u011fi o an\u0131 yakal\u0131yor \u2013 ortadaki kalp bi\u00e7imindeki negatif bo\u015fluk, hem duygusal bir derinlik kat\u0131yor hem de \u0131\u015f\u0131\u011f\u0131 adeta bir enerji vorteksi gibi yans\u0131t\u0131yor. Mat-saten biti\u015fi ve hafif parlak kontrastlar\u0131yla g\u00fcnl\u00fck hayatta cool, sofistike ve biraz da meydan okuyan bir duru\u015f sergiliyor.Asiadge&#8217;nin \u00d6z\u00fc:Asya&#8217;n\u0131n ejderha g\u00fcc\u00fc + Avrupa&#8217;n\u0131n end\u00fcstriyel keskinli\u011fi<\/p>\n<p>&nbsp;<\/p>\n<p>Organik ak\u0131\u015f ile disiplinli formun m\u00fckemmel f\u00fczyonu<\/p>\n<p>&nbsp;<\/p>\n<p>Heybetli ta\u00e7 tasar\u0131m\u0131 \u2013 parma\u011f\u0131nda ger\u00e7ek bir varl\u0131k hissi<\/p>\n<p>&nbsp;<\/p>\n<p>Unisex, s\u0131n\u0131rlar\u0131 zorlayan modern statement par\u00e7a<\/p>\n<p>&nbsp;<\/p>\n<p>925 ayar sterling g\u00fcm\u00fc\u015f, el yap\u0131m\u0131, parmak izi tutmaz mat doku<\/p>\n<p>&nbsp;<\/p>\n<p>Bu sadece bir aksesuar de\u011fil; k\u00fclt\u00fcrler aras\u0131nda k\u00f6pr\u00fc kuran, s\u0131n\u0131rlar\u0131 a\u015fan bir manifesto. Asiadge&#8217;yi tak, iki d\u00fcnyan\u0131n g\u00fcc\u00fcn\u00fc birbarada ta\u015f\u0131yor<\/p>","protected":false},"featured_media":1140,"comment_status":"open","ping_status":"closed","template":"","meta":[],"product_brand":[],"product_cat":[78,54],"product_tag":[],"class_list":{"0":"post-1139","1":"product","2":"type-product","3":"status-publish","4":"has-post-thumbnail","6":"product_cat-endustriyel-form-koleksiyonu","7":"product_cat-yuzuk","9":"first","10":"instock","11":"shipping-taxable","12":"purchasable","13":"product-type-variable"},"_links":{"self":[{"href":"https:\/\/brothersjewellery.com\/en\/wp-json\/wp\/v2\/product\/1139","targetHints":{"allow":["GET"]}}],"collection":[{"href":"https:\/\/brothersjewellery.com\/en\/wp-json\/wp\/v2\/product"}],"about":[{"href":"https:\/\/brothersjewellery.com\/en\/wp-json\/wp\/v2\/types\/product"}],"replies":[{"embeddable":true,"href":"https:\/\/brothersjewellery.com\/en\/wp-json\/wp\/v2\/comments?post=1139"}],"wp:featuredmedia":[{"embeddable":true,"href":"https:\/\/brothersjewellery.com\/en\/wp-json\/wp\/v2\/media\/1140"}],"wp:attachment":[{"href":"https:\/\/brothersjewellery.com\/en\/wp-json\/wp\/v2\/media?parent=1139"}],"wp:term":[{"taxonomy":"product_brand","embeddable":true,"href":"https:\/\/brothersjewellery.com\/en\/wp-json\/wp\/v2\/product_brand?post=1139"},{"taxonomy":"product_cat","embeddable":true,"href":"https:\/\/brothersjewellery.com\/en\/wp-json\/wp\/v2\/product_cat?post=1139"},{"taxonomy":"product_tag","embeddable":true,"href":"https:\/\/brothersjewellery.com\/en\/wp-json\/wp\/v2\/product_tag?post=1139"}],"curies":[{"name":"wp","href":"https:\/\/api.w.org\/{rel}","templated":true}]}}