{"id":1143,"date":"2026-02-16T14:47:24","date_gmt":"2026-02-16T11:47:24","guid":{"rendered":"https:\/\/brothersjewellery.com\/?post_type=product&#038;p=1143"},"modified":"2026-04-01T01:28:53","modified_gmt":"2026-03-31T22:28:53","slug":"9-no-spoon","status":"publish","type":"product","link":"https:\/\/brothersjewellery.com\/en\/product\/9-no-spoon\/","title":{"rendered":"9- NO\u2013SPOON"},"content":{"rendered":"","protected":false},"excerpt":{"rendered":"<p>Zaman\u0131n K\u0131rilmasi<\/p>\n<p>90\u2019larda \u00fcretilmi\u015f bir formun, 2026\u2019da neo-klasik bir yorumu.<\/p>\n<p>Bu bir yeniden \u00fcretim de\u011fil; zamanlar aras\u0131 bir ge\u00e7i\u015ftir.<\/p>\n<p>Ge\u00e7i\u015fkenlik esast\u0131r.<\/p>\n<p>Zaman\u0131n ruhu sabit de\u011fildir; b\u00fck\u00fcl\u00fcr, katmanlan\u0131r ve kendini tekrar eder.<\/p>\n<p>Bu y\u00fcz\u00fck, belirli bir ana ait de\u011fildir.<\/p>\n<p>\u00c7\u00fcnk\u00fc y\u00fcz\u00fck yoktur.<\/p>\n<p>No-Spoon.<\/p>\n<p>Zaman da yoktur.<\/p>\n<p>Ge\u00e7en \u015fey zamandan ibaret de\u011fildir; \u00f6m\u00fcrd\u00fcr.<\/p>\n<p>D\u00f6ng\u00fcler vard\u0131r.<\/p>\n<p>Ba\u015flad\u0131\u011f\u0131m\u0131z yere geri d\u00f6neriz.<\/p>\n<p>Ama ayn\u0131 ki\u015fi olarak de\u011fil.<\/p>\n<p>Y\u0131llar sonra parma\u011f\u0131n\u0131za bakt\u0131\u011f\u0131n\u0131zda, de\u011fi\u015fen form de\u011fildir.<\/p>\n<p>De\u011fi\u015fen sizsiniz.<\/p>\n<p>Ge\u00e7en; saatler de\u011fil, ya\u015fanm\u0131\u015fl\u0131kt\u0131r.<\/p>\n<p>No-Spoon, kal\u0131c\u0131 ama ge\u00e7ici bir ikilikten (duality) s\u00f6z eder.<\/p>\n<p>Form kal\u0131r.<\/p>\n<p>\u00d6m\u00fcr ge\u00e7er.<\/p>\n<p>Zaman yoktur.<\/p>\n<p>\u00d6m\u00fcr vard\u0131r.<\/p>\n<p>Ve o, dairesel bir d\u00f6ng\u00fc i\u00e7inde tekrar eder durur.<\/p>\n<p>Bir sonraki bak\u0131\u015f\u0131n\u0131zda \u015funu fark edersiniz:<\/p>\n<p>Ba\u015flad\u0131\u011f\u0131m\u0131z yerdeyiz.<\/p>\n<p>Ama y\u0131llar sonra.<\/p>\n<p>NO-SPOON-NO-SOON<\/p>\n<p>NO-SPOON-NOS-VITA<\/p>","protected":false},"featured_media":1145,"comment_status":"open","ping_status":"closed","template":"","meta":[],"product_brand":[],"product_cat":[74,54],"product_tag":[],"class_list":{"0":"post-1143","1":"product","2":"type-product","3":"status-publish","4":"has-post-thumbnail","6":"product_cat-neoklasik-koleksiyon","7":"product_cat-yuzuk","9":"first","10":"instock","11":"shipping-taxable","12":"product-type-variable"},"_links":{"self":[{"href":"https:\/\/brothersjewellery.com\/en\/wp-json\/wp\/v2\/product\/1143","targetHints":{"allow":["GET"]}}],"collection":[{"href":"https:\/\/brothersjewellery.com\/en\/wp-json\/wp\/v2\/product"}],"about":[{"href":"https:\/\/brothersjewellery.com\/en\/wp-json\/wp\/v2\/types\/product"}],"replies":[{"embeddable":true,"href":"https:\/\/brothersjewellery.com\/en\/wp-json\/wp\/v2\/comments?post=1143"}],"wp:featuredmedia":[{"embeddable":true,"href":"https:\/\/brothersjewellery.com\/en\/wp-json\/wp\/v2\/media\/1145"}],"wp:attachment":[{"href":"https:\/\/brothersjewellery.com\/en\/wp-json\/wp\/v2\/media?parent=1143"}],"wp:term":[{"taxonomy":"product_brand","embeddable":true,"href":"https:\/\/brothersjewellery.com\/en\/wp-json\/wp\/v2\/product_brand?post=1143"},{"taxonomy":"product_cat","embeddable":true,"href":"https:\/\/brothersjewellery.com\/en\/wp-json\/wp\/v2\/product_cat?post=1143"},{"taxonomy":"product_tag","embeddable":true,"href":"https:\/\/brothersjewellery.com\/en\/wp-json\/wp\/v2\/product_tag?post=1143"}],"curies":[{"name":"wp","href":"https:\/\/api.w.org\/{rel}","templated":true}]}}