{"id":1149,"date":"2026-02-16T14:49:04","date_gmt":"2026-02-16T11:49:04","guid":{"rendered":"https:\/\/brothersjewellery.com\/?post_type=product&#038;p=1149"},"modified":"2026-04-01T01:28:53","modified_gmt":"2026-03-31T22:28:53","slug":"10-r-o-unser","status":"publish","type":"product","link":"https:\/\/brothersjewellery.com\/en\/product\/10-r-o-unser\/","title":{"rendered":"10-  R.O-unseR"},"content":{"rendered":"","protected":false},"excerpt":{"rendered":"<p>Bu y\u00fcz\u00fck, sade bir yuvarlak halkadan ba\u015flay\u0131p ustan\u0131n eliyle \u015fekillenmi\u015f bir hik\u00e2yedir. Ba\u015flang\u0131\u00e7ta sadece d\u00fcz bir \u00e7emberdir g\u00fcm\u00fc\u015f; kusursuz, kapal\u0131, sonsuz bir d\u00f6ng\u00fc gibi. Neoklasik g\u00fczelli\u011fin \u00f6z\u00fc buradad\u0131r zaten: sadelikte gizli m\u00fckemmellik, gereksiz hi\u00e7bir s\u00fcs olmadan var olabilen b\u00fct\u00fcnl\u00fck.Usta, bu bo\u015f potansiyele dokunur ve k\u0131vr\u0131mlar i\u015fler. Her darbe, her e\u011fim, yoktan var olu\u015fun izidir. D\u00fcz metal yava\u015f yava\u015f hareket kazan\u0131r, derinlik kazan\u0131r; t\u0131pk\u0131 bir insan\u0131n zamanla deneyimle yo\u011frulup kendini bulmas\u0131 gibi. \u00c7ocukluktan yeti\u015fkinli\u011fe ge\u00e7i\u015fteki o sessiz d\u00f6n\u00fc\u015f\u00fcm \u2013 d\u00fcz bir \u00e7izgiden k\u0131vr\u0131ml\u0131 bir karaktere evrilme \u2013 burada somutla\u015f\u0131r.925 ayar g\u00fcm\u00fc\u015ften el i\u015f\u00e7ili\u011fiyle d\u00f6v\u00fclen bu par\u00e7a, g\u00f6steri\u015ften uzak ama anlam\u0131 derin bir tasar\u0131m. Parmakta dururken hem sadeli\u011fi hem de olgunla\u015fm\u0131\u015f zarafeti hat\u0131rlat\u0131r: Her \u015fey, ba\u015flang\u0131\u00e7taki o saf \u00e7emberden do\u011far ve ustal\u0131kla \u015fekillenerek benzersiz bir varl\u0131k olur. Siz de bu yolculu\u011fun bir par\u00e7as\u0131 olun<\/p>\n<p>&nbsp;<\/p>","protected":false},"featured_media":1150,"comment_status":"open","ping_status":"closed","template":"","meta":[],"product_brand":[],"product_cat":[74,54],"product_tag":[],"class_list":{"0":"post-1149","1":"product","2":"type-product","3":"status-publish","4":"has-post-thumbnail","6":"product_cat-neoklasik-koleksiyon","7":"product_cat-yuzuk","9":"first","10":"instock","11":"shipping-taxable","12":"purchasable","13":"product-type-variable"},"_links":{"self":[{"href":"https:\/\/brothersjewellery.com\/en\/wp-json\/wp\/v2\/product\/1149","targetHints":{"allow":["GET"]}}],"collection":[{"href":"https:\/\/brothersjewellery.com\/en\/wp-json\/wp\/v2\/product"}],"about":[{"href":"https:\/\/brothersjewellery.com\/en\/wp-json\/wp\/v2\/types\/product"}],"replies":[{"embeddable":true,"href":"https:\/\/brothersjewellery.com\/en\/wp-json\/wp\/v2\/comments?post=1149"}],"wp:featuredmedia":[{"embeddable":true,"href":"https:\/\/brothersjewellery.com\/en\/wp-json\/wp\/v2\/media\/1150"}],"wp:attachment":[{"href":"https:\/\/brothersjewellery.com\/en\/wp-json\/wp\/v2\/media?parent=1149"}],"wp:term":[{"taxonomy":"product_brand","embeddable":true,"href":"https:\/\/brothersjewellery.com\/en\/wp-json\/wp\/v2\/product_brand?post=1149"},{"taxonomy":"product_cat","embeddable":true,"href":"https:\/\/brothersjewellery.com\/en\/wp-json\/wp\/v2\/product_cat?post=1149"},{"taxonomy":"product_tag","embeddable":true,"href":"https:\/\/brothersjewellery.com\/en\/wp-json\/wp\/v2\/product_tag?post=1149"}],"curies":[{"name":"wp","href":"https:\/\/api.w.org\/{rel}","templated":true}]}}