{"id":1159,"date":"2026-02-16T14:51:43","date_gmt":"2026-02-16T11:51:43","guid":{"rendered":"https:\/\/brothersjewellery.com\/?post_type=product&#038;p=1159"},"modified":"2026-04-01T01:28:43","modified_gmt":"2026-03-31T22:28:43","slug":"12-ace","status":"publish","type":"product","link":"https:\/\/brothersjewellery.com\/en\/product\/12-ace\/","title":{"rendered":"12-  ACE"},"content":{"rendered":"","protected":false},"excerpt":{"rendered":"<p>Hayatta oyunu belirleyen sen ol.<\/p>\n<p>Kimseye ba\u011fl\u0131 kalmadan, kendi kararlar\u0131n\u0131 alan g\u00fc\u00e7l\u00fc bir duru\u015f. \u0130nsanlar\u0131n karo As\u2019\u0131 ;<\/p>\n<p>K\u00f6\u015feli karakteriyle kartlar\u0131 da\u011f\u0131tan tarafta ol.<\/p>\n<p>Bu y\u00fcz\u00fck sadece bir y\u00fcz\u00fck de\u011fil; k\u00f6\u015feli formuyla ve kare ve karosuyla<\/p>\n<p>hayatta iddial\u0131 olanlar\u0131n<\/p>\n<p>ve hedefine kesin ad\u0131mlarla y\u00fcr\u00fcyenlerin se\u00e7imi.<\/p>","protected":false},"featured_media":1160,"comment_status":"open","ping_status":"closed","template":"","meta":[],"product_brand":[],"product_cat":[78,54],"product_tag":[],"class_list":{"0":"post-1159","1":"product","2":"type-product","3":"status-publish","4":"has-post-thumbnail","6":"product_cat-endustriyel-form-koleksiyonu","7":"product_cat-yuzuk","9":"first","10":"instock","11":"shipping-taxable","12":"purchasable","13":"product-type-variable"},"_links":{"self":[{"href":"https:\/\/brothersjewellery.com\/en\/wp-json\/wp\/v2\/product\/1159","targetHints":{"allow":["GET"]}}],"collection":[{"href":"https:\/\/brothersjewellery.com\/en\/wp-json\/wp\/v2\/product"}],"about":[{"href":"https:\/\/brothersjewellery.com\/en\/wp-json\/wp\/v2\/types\/product"}],"replies":[{"embeddable":true,"href":"https:\/\/brothersjewellery.com\/en\/wp-json\/wp\/v2\/comments?post=1159"}],"wp:featuredmedia":[{"embeddable":true,"href":"https:\/\/brothersjewellery.com\/en\/wp-json\/wp\/v2\/media\/1160"}],"wp:attachment":[{"href":"https:\/\/brothersjewellery.com\/en\/wp-json\/wp\/v2\/media?parent=1159"}],"wp:term":[{"taxonomy":"product_brand","embeddable":true,"href":"https:\/\/brothersjewellery.com\/en\/wp-json\/wp\/v2\/product_brand?post=1159"},{"taxonomy":"product_cat","embeddable":true,"href":"https:\/\/brothersjewellery.com\/en\/wp-json\/wp\/v2\/product_cat?post=1159"},{"taxonomy":"product_tag","embeddable":true,"href":"https:\/\/brothersjewellery.com\/en\/wp-json\/wp\/v2\/product_tag?post=1159"}],"curies":[{"name":"wp","href":"https:\/\/api.w.org\/{rel}","templated":true}]}}