{"id":1169,"date":"2026-02-16T14:55:22","date_gmt":"2026-02-16T11:55:22","guid":{"rendered":"https:\/\/brothersjewellery.com\/?post_type=product&#038;p=1169"},"modified":"2026-04-01T01:28:33","modified_gmt":"2026-03-31T22:28:33","slug":"14-de-gore","status":"publish","type":"product","link":"https:\/\/brothersjewellery.com\/en\/product\/14-de-gore\/","title":{"rendered":"14- De-Gore"},"content":{"rendered":"","protected":false},"excerpt":{"rendered":"<p>S\u0131radan tak\u0131 anlay\u0131\u015f\u0131n\u0131 tamamen reddeden bu par\u00e7a, 925 ayar saf g\u00fcm\u00fc\u015ften el i\u015f\u00e7ili\u011fiyle \u00fcretilmi\u015ftir. Keskin yar\u0131klar\u0131, asimetrik ak\u0131\u015fkan formu ve ortas\u0131ndaki \u00e7arp\u0131c\u0131 \u00e7atlak detay\u0131yla modernist bir manifesto sunar. Mat y\u00fczey a\u011f\u0131rl\u0131kl\u0131 tasar\u0131m\u0131 do\u011fal parlak vurgularla kontrast yarat\u0131r; bombeli ve a\u00e7\u0131k i\u00e7 yap\u0131s\u0131 parmakta \u00fcst\u00fcn konfor sa\u011flar. Geni\u015flik yakla\u015f\u0131k 12-15 mm, a\u011f\u0131rl\u0131k hafif ancak varl\u0131\u011f\u0131 g\u00fc\u00e7l\u00fc.Zamanla kendi patinas\u0131n\u0131 geli\u015ftirerek daha da derinle\u015fen karakteriyle, klasik estetik normlar\u0131n\u0131 sorgulayan cesur bir duru\u015f. G\u00fcnl\u00fck kullan\u0131ma uygun, oksidasyona dayan\u0131kl\u0131 ve \u00f6zg\u00fcn tasar\u0131m<\/p>","protected":false},"featured_media":1170,"comment_status":"open","ping_status":"closed","template":"","meta":[],"product_brand":[],"product_cat":[78,54],"product_tag":[],"class_list":{"0":"post-1169","1":"product","2":"type-product","3":"status-publish","4":"has-post-thumbnail","6":"product_cat-endustriyel-form-koleksiyonu","7":"product_cat-yuzuk","9":"first","10":"instock","11":"shipping-taxable","12":"purchasable","13":"product-type-variable"},"_links":{"self":[{"href":"https:\/\/brothersjewellery.com\/en\/wp-json\/wp\/v2\/product\/1169","targetHints":{"allow":["GET"]}}],"collection":[{"href":"https:\/\/brothersjewellery.com\/en\/wp-json\/wp\/v2\/product"}],"about":[{"href":"https:\/\/brothersjewellery.com\/en\/wp-json\/wp\/v2\/types\/product"}],"replies":[{"embeddable":true,"href":"https:\/\/brothersjewellery.com\/en\/wp-json\/wp\/v2\/comments?post=1169"}],"wp:featuredmedia":[{"embeddable":true,"href":"https:\/\/brothersjewellery.com\/en\/wp-json\/wp\/v2\/media\/1170"}],"wp:attachment":[{"href":"https:\/\/brothersjewellery.com\/en\/wp-json\/wp\/v2\/media?parent=1169"}],"wp:term":[{"taxonomy":"product_brand","embeddable":true,"href":"https:\/\/brothersjewellery.com\/en\/wp-json\/wp\/v2\/product_brand?post=1169"},{"taxonomy":"product_cat","embeddable":true,"href":"https:\/\/brothersjewellery.com\/en\/wp-json\/wp\/v2\/product_cat?post=1169"},{"taxonomy":"product_tag","embeddable":true,"href":"https:\/\/brothersjewellery.com\/en\/wp-json\/wp\/v2\/product_tag?post=1169"}],"curies":[{"name":"wp","href":"https:\/\/api.w.org\/{rel}","templated":true}]}}