{"id":1174,"date":"2026-02-16T14:56:58","date_gmt":"2026-02-16T11:56:58","guid":{"rendered":"https:\/\/brothersjewellery.com\/?post_type=product&#038;p=1174"},"modified":"2026-04-01T01:28:23","modified_gmt":"2026-03-31T22:28:23","slug":"15-water-tap-ring","status":"publish","type":"product","link":"https:\/\/brothersjewellery.com\/en\/product\/15-water-tap-ring\/","title":{"rendered":"15- Water-tap ring"},"content":{"rendered":"","protected":false},"excerpt":{"rendered":"<p>Modern musluk kollar\u0131ndan ilham alan Water Tap Y\u00fcz\u00fck, end\u00fcstriyel tasar\u0131m\u0131n sade ve i\u015flevsel g\u00fczelli\u011fini parma\u011f\u0131n\u0131za ta\u015f\u0131yor. Kare formu, yuvarlat\u0131lm\u0131\u015f k\u00f6\u015feleri ve ayna gibi parlak y\u00fczeyiyle dikkat \u00e7eken bu y\u00fcz\u00fck, g\u00fcnl\u00fck objelerin esteti\u011fini tak\u0131ya d\u00f6n\u00fc\u015ft\u00fcren cesur bir tasar\u0131m.G\u00fcn boyu rahat\u00e7a tak\u0131labilen, end\u00fcstriyel \u015f\u0131kl\u0131k arayanlar i\u00e7in ideal. Hem erkek hem kad\u0131n i\u00e7in unisex tasarlanan bu y\u00fcz\u00fck, minimalist ve tasar\u0131m severlerin vazge\u00e7ilmezi olacak.<\/p>","protected":false},"featured_media":1175,"comment_status":"open","ping_status":"closed","template":"","meta":[],"product_brand":[],"product_cat":[78,54],"product_tag":[],"class_list":{"0":"post-1174","1":"product","2":"type-product","3":"status-publish","4":"has-post-thumbnail","6":"product_cat-endustriyel-form-koleksiyonu","7":"product_cat-yuzuk","9":"first","10":"instock","11":"shipping-taxable","12":"purchasable","13":"product-type-variable"},"_links":{"self":[{"href":"https:\/\/brothersjewellery.com\/en\/wp-json\/wp\/v2\/product\/1174","targetHints":{"allow":["GET"]}}],"collection":[{"href":"https:\/\/brothersjewellery.com\/en\/wp-json\/wp\/v2\/product"}],"about":[{"href":"https:\/\/brothersjewellery.com\/en\/wp-json\/wp\/v2\/types\/product"}],"replies":[{"embeddable":true,"href":"https:\/\/brothersjewellery.com\/en\/wp-json\/wp\/v2\/comments?post=1174"}],"wp:featuredmedia":[{"embeddable":true,"href":"https:\/\/brothersjewellery.com\/en\/wp-json\/wp\/v2\/media\/1175"}],"wp:attachment":[{"href":"https:\/\/brothersjewellery.com\/en\/wp-json\/wp\/v2\/media?parent=1174"}],"wp:term":[{"taxonomy":"product_brand","embeddable":true,"href":"https:\/\/brothersjewellery.com\/en\/wp-json\/wp\/v2\/product_brand?post=1174"},{"taxonomy":"product_cat","embeddable":true,"href":"https:\/\/brothersjewellery.com\/en\/wp-json\/wp\/v2\/product_cat?post=1174"},{"taxonomy":"product_tag","embeddable":true,"href":"https:\/\/brothersjewellery.com\/en\/wp-json\/wp\/v2\/product_tag?post=1174"}],"curies":[{"name":"wp","href":"https:\/\/api.w.org\/{rel}","templated":true}]}}