{"id":1179,"date":"2026-02-16T14:57:54","date_gmt":"2026-02-16T11:57:54","guid":{"rendered":"https:\/\/brothersjewellery.com\/?post_type=product&#038;p=1179"},"modified":"2026-04-01T01:28:23","modified_gmt":"2026-03-31T22:28:23","slug":"16-caldera-yuzuk","status":"publish","type":"product","link":"https:\/\/brothersjewellery.com\/en\/product\/16-caldera-yuzuk\/","title":{"rendered":"16- Caldera Y\u00fcz\u00fck"},"content":{"rendered":"","protected":false},"excerpt":{"rendered":"<p>Do\u011fan\u0131n eski ve g\u00fc\u00e7l\u00fc olu\u015fumlar\u0131ndan ilham alan Caldera Y\u00fcz\u00fck, derinlik ve i\u00e7sel g\u00fcc\u00fc unisex bir tasar\u0131mla kutluyor. Y\u00fckseltilmi\u015f formu ve ortas\u0131ndaki hafif oyuk tepe, b\u00fcy\u00fcleyici optik ill\u00fczyon ve g\u00f6lge oyunu yarat\u0131yor \u2013 zaman\u0131n sessiz g\u00fcc\u00fcn\u00fc, gizemi ve i\u00e7sel dayan\u0131kl\u0131l\u0131\u011f\u0131 hat\u0131rlatan bir Unisex tasar\u0131m. Anlaml\u0131 derinlik, tarihi doku ve sade sofistikelik arayanlar i\u00e7in ideal. D\u00fc\u015f\u00fcnmeye davet eden modern bir miras par\u00e7as\u0131. K\u00fc\u00e7\u00fck \u00f6zg\u00fcn farkl\u0131l\u0131klar her y\u00fcz\u00fc\u011f\u00fc \u00f6zel k\u0131lar.<\/p>","protected":false},"featured_media":1183,"comment_status":"open","ping_status":"closed","template":"","meta":[],"product_brand":[],"product_cat":[74,54],"product_tag":[],"class_list":{"0":"post-1179","1":"product","2":"type-product","3":"status-publish","4":"has-post-thumbnail","6":"product_cat-neoklasik-koleksiyon","7":"product_cat-yuzuk","9":"first","10":"instock","11":"shipping-taxable","12":"purchasable","13":"product-type-variable"},"_links":{"self":[{"href":"https:\/\/brothersjewellery.com\/en\/wp-json\/wp\/v2\/product\/1179","targetHints":{"allow":["GET"]}}],"collection":[{"href":"https:\/\/brothersjewellery.com\/en\/wp-json\/wp\/v2\/product"}],"about":[{"href":"https:\/\/brothersjewellery.com\/en\/wp-json\/wp\/v2\/types\/product"}],"replies":[{"embeddable":true,"href":"https:\/\/brothersjewellery.com\/en\/wp-json\/wp\/v2\/comments?post=1179"}],"wp:featuredmedia":[{"embeddable":true,"href":"https:\/\/brothersjewellery.com\/en\/wp-json\/wp\/v2\/media\/1183"}],"wp:attachment":[{"href":"https:\/\/brothersjewellery.com\/en\/wp-json\/wp\/v2\/media?parent=1179"}],"wp:term":[{"taxonomy":"product_brand","embeddable":true,"href":"https:\/\/brothersjewellery.com\/en\/wp-json\/wp\/v2\/product_brand?post=1179"},{"taxonomy":"product_cat","embeddable":true,"href":"https:\/\/brothersjewellery.com\/en\/wp-json\/wp\/v2\/product_cat?post=1179"},{"taxonomy":"product_tag","embeddable":true,"href":"https:\/\/brothersjewellery.com\/en\/wp-json\/wp\/v2\/product_tag?post=1179"}],"curies":[{"name":"wp","href":"https:\/\/api.w.org\/{rel}","templated":true}]}}