{"id":1184,"date":"2026-02-16T15:01:19","date_gmt":"2026-02-16T12:01:19","guid":{"rendered":"https:\/\/brothersjewellery.com\/?post_type=product&#038;p=1184"},"modified":"2026-04-01T01:28:12","modified_gmt":"2026-03-31T22:28:12","slug":"17-mini-signet-ring","status":"publish","type":"product","link":"https:\/\/brothersjewellery.com\/en\/product\/17-mini-signet-ring\/","title":{"rendered":"17- Mini-Signet Ring"},"content":{"rendered":"","protected":false},"excerpt":{"rendered":"<p>Klasik m\u00fch\u00fcr y\u00fcz\u00fck gelene\u011fini modern minimalist tasar\u0131mla bulu\u015fturan \u0130mza Y\u00fcz\u00fc\u011f\u00fc, unisex ve zamans\u0131z bir par\u00e7a. D\u00fcz ve geni\u015f \u00fcst y\u00fczeyi ki\u015fiye \u00f6zel grav\u00fcr i\u00e7in ideal bir tuval sunarken, incelen bant yap\u0131s\u0131 g\u00fcn boyu konfor sa\u011fl\u0131yor \u2013 tarihsel zarafetin sade yorumu. Klasik ve anlaml\u0131 tak\u0131lar\u0131 sevenler i\u00e7in m\u00fckemmel. Tek ba\u015f\u0131na sade bir \u015f\u0131kl\u0131k, kombinlendi\u011finde modern bir dokunu\u015f sunar. G\u00fcnl\u00fck kullan\u0131mdan \u00f6zel g\u00fcnlere kadar her ortama uyum sa\u011flar.<\/p>","protected":false},"featured_media":1185,"comment_status":"open","ping_status":"closed","template":"","meta":[],"product_brand":[],"product_cat":[73,54],"product_tag":[],"class_list":{"0":"post-1184","1":"product","2":"type-product","3":"status-publish","4":"has-post-thumbnail","6":"product_cat-signet-koleksiyonu","7":"product_cat-yuzuk","9":"first","10":"instock","11":"shipping-taxable","12":"purchasable","13":"product-type-variable"},"_links":{"self":[{"href":"https:\/\/brothersjewellery.com\/en\/wp-json\/wp\/v2\/product\/1184","targetHints":{"allow":["GET"]}}],"collection":[{"href":"https:\/\/brothersjewellery.com\/en\/wp-json\/wp\/v2\/product"}],"about":[{"href":"https:\/\/brothersjewellery.com\/en\/wp-json\/wp\/v2\/types\/product"}],"replies":[{"embeddable":true,"href":"https:\/\/brothersjewellery.com\/en\/wp-json\/wp\/v2\/comments?post=1184"}],"wp:featuredmedia":[{"embeddable":true,"href":"https:\/\/brothersjewellery.com\/en\/wp-json\/wp\/v2\/media\/1185"}],"wp:attachment":[{"href":"https:\/\/brothersjewellery.com\/en\/wp-json\/wp\/v2\/media?parent=1184"}],"wp:term":[{"taxonomy":"product_brand","embeddable":true,"href":"https:\/\/brothersjewellery.com\/en\/wp-json\/wp\/v2\/product_brand?post=1184"},{"taxonomy":"product_cat","embeddable":true,"href":"https:\/\/brothersjewellery.com\/en\/wp-json\/wp\/v2\/product_cat?post=1184"},{"taxonomy":"product_tag","embeddable":true,"href":"https:\/\/brothersjewellery.com\/en\/wp-json\/wp\/v2\/product_tag?post=1184"}],"curies":[{"name":"wp","href":"https:\/\/api.w.org\/{rel}","templated":true}]}}