{"id":1188,"date":"2026-02-16T15:02:24","date_gmt":"2026-02-16T12:02:24","guid":{"rendered":"https:\/\/brothersjewellery.com\/?post_type=product&#038;p=1188"},"modified":"2026-04-01T01:28:12","modified_gmt":"2026-03-31T22:28:12","slug":"18-pyradge","status":"publish","type":"product","link":"https:\/\/brothersjewellery.com\/en\/product\/18-pyradge\/","title":{"rendered":"18- Pyradge"},"content":{"rendered":"","protected":false},"excerpt":{"rendered":"<p>Keskin piramit formu ve dikey dokulu y\u00fczeyiyle PYRADGE, modern geometriyi g\u00fc\u00e7l\u00fc bir karakterle birle\u015ftirir.<\/p>\n<p>Y\u00fczeydeki \u00e7izgiler \u0131\u015f\u0131\u011f\u0131 kontroll\u00fc bi\u00e7imde k\u0131rar; y\u00fcz\u00fc\u011fe derinlik ve sert bir ifade kazand\u0131r\u0131r.<\/p>\n<p>Unisex tasar\u0131m\u0131, net ve dengeli bir duru\u015f sunar.<\/p>\n<p>Modern formuna ra\u011fmen ta\u015f\u0131d\u0131\u011f\u0131 vintage karakter, PYRADGE\u2019i zamandan ba\u011f\u0131ms\u0131z k\u0131lar. Ne klasik bir taklit ; ne de ge\u00e7ici bir trend.<\/p>\n<p>Bu y\u00fcz\u00fck takmak i\u00e7in de\u011fil, bir tarz g\u00f6stermek i\u00e7in tasarlanm\u0131\u015ft\u0131r.<\/p>\n<p>Minimal, k\u00f6\u015feli ve kararl\u0131.<\/p>\n<p>The Brothers Jewellery el i\u015f\u00e7ili\u011fiyle \u00fcretilen PYRADGE,<\/p>\n<p>g\u00fcnl\u00fck kullan\u0131mda rahat, koleksiyonlarda g\u00fc\u00e7l\u00fc bir par\u00e7ad\u0131r.<\/p>","protected":false},"featured_media":1189,"comment_status":"open","ping_status":"closed","template":"","meta":[],"product_brand":[],"product_cat":[78,54],"product_tag":[],"class_list":{"0":"post-1188","1":"product","2":"type-product","3":"status-publish","4":"has-post-thumbnail","6":"product_cat-endustriyel-form-koleksiyonu","7":"product_cat-yuzuk","9":"first","10":"instock","11":"shipping-taxable","12":"purchasable","13":"product-type-variable"},"_links":{"self":[{"href":"https:\/\/brothersjewellery.com\/en\/wp-json\/wp\/v2\/product\/1188","targetHints":{"allow":["GET"]}}],"collection":[{"href":"https:\/\/brothersjewellery.com\/en\/wp-json\/wp\/v2\/product"}],"about":[{"href":"https:\/\/brothersjewellery.com\/en\/wp-json\/wp\/v2\/types\/product"}],"replies":[{"embeddable":true,"href":"https:\/\/brothersjewellery.com\/en\/wp-json\/wp\/v2\/comments?post=1188"}],"wp:featuredmedia":[{"embeddable":true,"href":"https:\/\/brothersjewellery.com\/en\/wp-json\/wp\/v2\/media\/1189"}],"wp:attachment":[{"href":"https:\/\/brothersjewellery.com\/en\/wp-json\/wp\/v2\/media?parent=1188"}],"wp:term":[{"taxonomy":"product_brand","embeddable":true,"href":"https:\/\/brothersjewellery.com\/en\/wp-json\/wp\/v2\/product_brand?post=1188"},{"taxonomy":"product_cat","embeddable":true,"href":"https:\/\/brothersjewellery.com\/en\/wp-json\/wp\/v2\/product_cat?post=1188"},{"taxonomy":"product_tag","embeddable":true,"href":"https:\/\/brothersjewellery.com\/en\/wp-json\/wp\/v2\/product_tag?post=1188"}],"curies":[{"name":"wp","href":"https:\/\/api.w.org\/{rel}","templated":true}]}}