{"id":1193,"date":"2026-02-16T15:03:35","date_gmt":"2026-02-16T12:03:35","guid":{"rendered":"https:\/\/brothersjewellery.com\/?post_type=product&#038;p=1193"},"modified":"2026-04-01T01:28:01","modified_gmt":"2026-03-31T22:28:01","slug":"19-ribedge-yuzuk","status":"publish","type":"product","link":"https:\/\/brothersjewellery.com\/en\/product\/19-ribedge-yuzuk\/","title":{"rendered":"19- Ribedge Y\u00fcz\u00fck"},"content":{"rendered":"","protected":false},"excerpt":{"rendered":"<p>Modern Vintage Mimari \u015e\u0131kl\u0131k<\/p>\n<p>Mimari t\u0131rt\u0131kl\u0131 detaylar\u0131 modern geometriyle ve vintage dokunu\u015fla birle\u015ftiren Ribedge Y\u00fcz\u00fck, y\u00fckseltilmi\u015f tepe ve derin kenarlar\u0131yla etkileyici \u0131\u015f\u0131k oyunlar\u0131 yarat\u0131yor. Unisex tasar\u0131m\u0131yla hem klasik s\u00fctun esteti\u011fini ta\u015f\u0131yor hem g\u00fcncel bir duru\u015f sergiliyor \u2013 zamans\u0131z karakterde cesur<\/p>\n<p>Unisex ve karakterli tasar\u0131m. Mimari detaylar, modern minimalist tarz ve vintage havas\u0131 sevenler i\u00e7in m\u00fckemmel. Ge\u00e7mi\u015fle gelece\u011fi birle\u015ftiren g\u00fc\u00e7l\u00fc bir statement y\u00fcz\u00fck.El yap\u0131m\u0131 \u00fcretim. Her par\u00e7adaki k\u00fc\u00e7\u00fck \u00f6zg\u00fcn farkl\u0131l\u0131klar ki\u015fili\u011fini art\u0131r\u0131yor<\/p>","protected":false},"featured_media":1194,"comment_status":"open","ping_status":"closed","template":"","meta":[],"product_brand":[],"product_cat":[74,54],"product_tag":[],"class_list":{"0":"post-1193","1":"product","2":"type-product","3":"status-publish","4":"has-post-thumbnail","6":"product_cat-neoklasik-koleksiyon","7":"product_cat-yuzuk","9":"first","10":"instock","11":"shipping-taxable","12":"purchasable","13":"product-type-variable"},"_links":{"self":[{"href":"https:\/\/brothersjewellery.com\/en\/wp-json\/wp\/v2\/product\/1193","targetHints":{"allow":["GET"]}}],"collection":[{"href":"https:\/\/brothersjewellery.com\/en\/wp-json\/wp\/v2\/product"}],"about":[{"href":"https:\/\/brothersjewellery.com\/en\/wp-json\/wp\/v2\/types\/product"}],"replies":[{"embeddable":true,"href":"https:\/\/brothersjewellery.com\/en\/wp-json\/wp\/v2\/comments?post=1193"}],"wp:featuredmedia":[{"embeddable":true,"href":"https:\/\/brothersjewellery.com\/en\/wp-json\/wp\/v2\/media\/1194"}],"wp:attachment":[{"href":"https:\/\/brothersjewellery.com\/en\/wp-json\/wp\/v2\/media?parent=1193"}],"wp:term":[{"taxonomy":"product_brand","embeddable":true,"href":"https:\/\/brothersjewellery.com\/en\/wp-json\/wp\/v2\/product_brand?post=1193"},{"taxonomy":"product_cat","embeddable":true,"href":"https:\/\/brothersjewellery.com\/en\/wp-json\/wp\/v2\/product_cat?post=1193"},{"taxonomy":"product_tag","embeddable":true,"href":"https:\/\/brothersjewellery.com\/en\/wp-json\/wp\/v2\/product_tag?post=1193"}],"curies":[{"name":"wp","href":"https:\/\/api.w.org\/{rel}","templated":true}]}}