{"id":1197,"date":"2026-02-16T15:04:41","date_gmt":"2026-02-16T12:04:41","guid":{"rendered":"https:\/\/brothersjewellery.com\/?post_type=product&#038;p=1197"},"modified":"2026-04-01T01:28:01","modified_gmt":"2026-03-31T22:28:01","slug":"20-monoblok-ring","status":"publish","type":"product","link":"https:\/\/brothersjewellery.com\/en\/product\/20-monoblok-ring\/","title":{"rendered":"20-  Monoblok Ring"},"content":{"rendered":"","protected":false},"excerpt":{"rendered":"<p>Brutalist beton mimarisinin ham g\u00fcc\u00fcnden ilham alan\u00a0 Monoblok Y\u00fcz\u00fck, kal\u0131n ve hacimli formuyla unisex cesur bir par\u00e7a. Geni\u015f bombeli yap\u0131s\u0131 ve mat y\u00fczeyi, modern end\u00fcstriyel dokunu\u015fu zamans\u0131z sa\u011flaml\u0131kla bulu\u015fturuyor \u2013 beton esteti\u011fi ve chunky tarz sevenler i\u00e7in ideal.Unisex tasar\u0131m. Brutalist estetik, kal\u0131n minimalist tak\u0131lar ve sade ama g\u00fc\u00e7l\u00fc statement par\u00e7alar arayanlar i\u00e7in m\u00fckemmel. S\u00fcsten de\u011fil hacim ve dokudan gelen sessiz bir duru\u015f.El yap\u0131m\u0131 \u00fcretim. K\u00fc\u00e7\u00fck y\u00fczey farkl\u0131l\u0131klar\u0131 end\u00fcstriyel ham karakteri daha da g\u00fczelle\u015ftirir<\/p>","protected":false},"featured_media":1198,"comment_status":"open","ping_status":"closed","template":"","meta":[],"product_brand":[],"product_cat":[78,54],"product_tag":[],"class_list":{"0":"post-1197","1":"product","2":"type-product","3":"status-publish","4":"has-post-thumbnail","6":"product_cat-endustriyel-form-koleksiyonu","7":"product_cat-yuzuk","9":"first","10":"instock","11":"shipping-taxable","12":"purchasable","13":"product-type-variable"},"_links":{"self":[{"href":"https:\/\/brothersjewellery.com\/en\/wp-json\/wp\/v2\/product\/1197","targetHints":{"allow":["GET"]}}],"collection":[{"href":"https:\/\/brothersjewellery.com\/en\/wp-json\/wp\/v2\/product"}],"about":[{"href":"https:\/\/brothersjewellery.com\/en\/wp-json\/wp\/v2\/types\/product"}],"replies":[{"embeddable":true,"href":"https:\/\/brothersjewellery.com\/en\/wp-json\/wp\/v2\/comments?post=1197"}],"wp:featuredmedia":[{"embeddable":true,"href":"https:\/\/brothersjewellery.com\/en\/wp-json\/wp\/v2\/media\/1198"}],"wp:attachment":[{"href":"https:\/\/brothersjewellery.com\/en\/wp-json\/wp\/v2\/media?parent=1197"}],"wp:term":[{"taxonomy":"product_brand","embeddable":true,"href":"https:\/\/brothersjewellery.com\/en\/wp-json\/wp\/v2\/product_brand?post=1197"},{"taxonomy":"product_cat","embeddable":true,"href":"https:\/\/brothersjewellery.com\/en\/wp-json\/wp\/v2\/product_cat?post=1197"},{"taxonomy":"product_tag","embeddable":true,"href":"https:\/\/brothersjewellery.com\/en\/wp-json\/wp\/v2\/product_tag?post=1197"}],"curies":[{"name":"wp","href":"https:\/\/api.w.org\/{rel}","templated":true}]}}