{"id":1202,"date":"2026-02-16T15:05:38","date_gmt":"2026-02-16T12:05:38","guid":{"rendered":"https:\/\/brothersjewellery.com\/?post_type=product&#038;p=1202"},"modified":"2026-04-01T01:27:50","modified_gmt":"2026-03-31T22:27:50","slug":"21-crunchy","status":"publish","type":"product","link":"https:\/\/brothersjewellery.com\/en\/product\/21-crunchy\/","title":{"rendered":"21- Crunchy"},"content":{"rendered":"","protected":false},"excerpt":{"rendered":"<p>Brutalist estetikten ilham alan bu cesur y\u00fcz\u00fck, y\u00fczeyindeki derin \u00e7ukurlar, d\u00fczensiz kabartmalar ve engebeli dokusuyla end\u00fcstriyel bir g\u00fc\u00e7 hissi uyand\u0131r\u0131yor. Adeta meteor \u00e7arpm\u0131\u015f bir metal par\u00e7as\u0131 ya da uzun y\u0131llar erozyona u\u011fram\u0131\u015f bir kaya y\u00fczeyi gibi tasarland\u0131. Her par\u00e7as\u0131 tamamen el yap\u0131m\u0131 oldu\u011fundan, hi\u00e7bir y\u00fcz\u00fck di\u011ferinin t\u0131pat\u0131p ayn\u0131s\u0131 de\u011fil \u2013 size \u00f6zel, e\u015fsiz bir par\u00e7a.<\/p>","protected":false},"featured_media":1203,"comment_status":"open","ping_status":"closed","template":"","meta":[],"product_brand":[],"product_cat":[77,54],"product_tag":[],"class_list":{"0":"post-1202","1":"product","2":"type-product","3":"status-publish","4":"has-post-thumbnail","6":"product_cat-antik-ilkel-tasarim-koleksiyonu","7":"product_cat-yuzuk","9":"first","10":"instock","11":"shipping-taxable","12":"purchasable","13":"product-type-variable"},"_links":{"self":[{"href":"https:\/\/brothersjewellery.com\/en\/wp-json\/wp\/v2\/product\/1202","targetHints":{"allow":["GET"]}}],"collection":[{"href":"https:\/\/brothersjewellery.com\/en\/wp-json\/wp\/v2\/product"}],"about":[{"href":"https:\/\/brothersjewellery.com\/en\/wp-json\/wp\/v2\/types\/product"}],"replies":[{"embeddable":true,"href":"https:\/\/brothersjewellery.com\/en\/wp-json\/wp\/v2\/comments?post=1202"}],"wp:featuredmedia":[{"embeddable":true,"href":"https:\/\/brothersjewellery.com\/en\/wp-json\/wp\/v2\/media\/1203"}],"wp:attachment":[{"href":"https:\/\/brothersjewellery.com\/en\/wp-json\/wp\/v2\/media?parent=1202"}],"wp:term":[{"taxonomy":"product_brand","embeddable":true,"href":"https:\/\/brothersjewellery.com\/en\/wp-json\/wp\/v2\/product_brand?post=1202"},{"taxonomy":"product_cat","embeddable":true,"href":"https:\/\/brothersjewellery.com\/en\/wp-json\/wp\/v2\/product_cat?post=1202"},{"taxonomy":"product_tag","embeddable":true,"href":"https:\/\/brothersjewellery.com\/en\/wp-json\/wp\/v2\/product_tag?post=1202"}],"curies":[{"name":"wp","href":"https:\/\/api.w.org\/{rel}","templated":true}]}}