{"id":1207,"date":"2026-02-16T15:06:38","date_gmt":"2026-02-16T12:06:38","guid":{"rendered":"https:\/\/brothersjewellery.com\/?post_type=product&#038;p=1207"},"modified":"2026-04-01T01:27:50","modified_gmt":"2026-03-31T22:27:50","slug":"22-stille","status":"publish","type":"product","link":"https:\/\/brothersjewellery.com\/en\/product\/22-stille\/","title":{"rendered":"22- Stille"},"content":{"rendered":"","protected":false},"excerpt":{"rendered":"<p>Geleneksel Alman m\u00fch\u00fcr y\u00fcz\u00fcklerinden ilham alan bu zarif par\u00e7a, oval ve mat y\u00fczeyiyle sade ama g\u00fc\u00e7l\u00fc bir duru\u015f sergiliyor. Geni\u015f ba\u015fl\u0131\u011f\u0131, klasik signet tasar\u0131m\u0131n\u0131n t\u00fcm \u00f6zelliklerini ta\u015f\u0131yor: Ki\u015fisel m\u00fch\u00fcr, arma veya monogram kaz\u0131maya uygun d\u00fcz bir alan sunarken, kenarlardaki hafif k\u0131vr\u0131mlar modern bir dokunu\u015f kat\u0131yor. Tamamen el i\u015f\u00e7ili\u011fiyle \u00fcretilmi\u015f, zamans\u0131z bir y\u00fcz\u00fck<\/p>\n<p>&nbsp;<\/p>\n<p>\u0130\u015f, resmi toplant\u0131lar veya g\u00fcnl\u00fck elegan kombinler i\u00e7in m\u00fckemmel bir tamamlay\u0131c\u0131. Sade \u015f\u0131kl\u0131\u011f\u0131yla hem gen\u00e7 hem olgun tarzlara uyum sa\u011flar. Ki\u015fisel grav\u00fcr ekleyerek tamamen size \u00f6zel hale getirebilirsiniz.*Not:\u00a0 \u0130ste\u011fe ba\u011fl\u0131 monogram\/arma kaz\u0131ma hizmeti sunulmaktad\u0131r<\/p>","protected":false},"featured_media":1208,"comment_status":"open","ping_status":"closed","template":"","meta":[],"product_brand":[],"product_cat":[73,54],"product_tag":[],"class_list":{"0":"post-1207","1":"product","2":"type-product","3":"status-publish","4":"has-post-thumbnail","6":"product_cat-signet-koleksiyonu","7":"product_cat-yuzuk","9":"first","10":"instock","11":"shipping-taxable","12":"purchasable","13":"product-type-variable"},"_links":{"self":[{"href":"https:\/\/brothersjewellery.com\/en\/wp-json\/wp\/v2\/product\/1207","targetHints":{"allow":["GET"]}}],"collection":[{"href":"https:\/\/brothersjewellery.com\/en\/wp-json\/wp\/v2\/product"}],"about":[{"href":"https:\/\/brothersjewellery.com\/en\/wp-json\/wp\/v2\/types\/product"}],"replies":[{"embeddable":true,"href":"https:\/\/brothersjewellery.com\/en\/wp-json\/wp\/v2\/comments?post=1207"}],"wp:featuredmedia":[{"embeddable":true,"href":"https:\/\/brothersjewellery.com\/en\/wp-json\/wp\/v2\/media\/1208"}],"wp:attachment":[{"href":"https:\/\/brothersjewellery.com\/en\/wp-json\/wp\/v2\/media?parent=1207"}],"wp:term":[{"taxonomy":"product_brand","embeddable":true,"href":"https:\/\/brothersjewellery.com\/en\/wp-json\/wp\/v2\/product_brand?post=1207"},{"taxonomy":"product_cat","embeddable":true,"href":"https:\/\/brothersjewellery.com\/en\/wp-json\/wp\/v2\/product_cat?post=1207"},{"taxonomy":"product_tag","embeddable":true,"href":"https:\/\/brothersjewellery.com\/en\/wp-json\/wp\/v2\/product_tag?post=1207"}],"curies":[{"name":"wp","href":"https:\/\/api.w.org\/{rel}","templated":true}]}}