{"id":1211,"date":"2026-02-16T15:11:30","date_gmt":"2026-02-16T12:11:30","guid":{"rendered":"https:\/\/brothersjewellery.com\/?post_type=product&#038;p=1211"},"modified":"2026-04-01T01:27:40","modified_gmt":"2026-03-31T22:27:40","slug":"23-crest","status":"publish","type":"product","link":"https:\/\/brothersjewellery.com\/en\/product\/23-crest\/","title":{"rendered":"23- Crest"},"content":{"rendered":"","protected":false},"excerpt":{"rendered":"<p>\u0130ngiliz kraliyet gelene\u011finden ilham alan aristokrat bir signet y\u00fcz\u00fckt\u00fcr. Merkezde yer alan arma formu; g\u00fc\u00e7, soy ve s\u00fcreklilik kavramlar\u0131n\u0131 simgeler. Aslan fig\u00fcr\u00fc, tarih boyunca otorite ve asaletin evrensel sembol\u00fc olarak kullan\u0131lm\u0131\u015ft\u0131r.<\/p>\n<p>Y\u00fcz\u00fc\u011f\u00fcn yan y\u00fczeylerinde yer alan klasik motifler, Viktoryen ve Edward d\u00f6nemlerinin zarif el i\u015f\u00e7ili\u011fini \u00e7a\u011fr\u0131\u015ft\u0131r\u0131r. Oksitli detaylar, armaya derinlik kazand\u0131r\u0131rken y\u00fcz\u00fc\u011f\u00fcn karakterini belirginle\u015ftirir. Dengeli g\u00f6vde yap\u0131s\u0131, hem g\u00fc\u00e7l\u00fc bir duru\u015f hem de g\u00fcnl\u00fck kullan\u0131m konforu sunar.<\/p>\n<p>CREST; ge\u00e7ici trendlerden ba\u011f\u0131ms\u0131z, k\u00f6kl\u00fc bir estetik anlay\u0131\u015f\u0131 benimseyenler i\u00e7in tasarlanm\u0131\u015ft\u0131r. Sessiz ama net bir stat\u00fc ifadesidir.<\/p>","protected":false},"featured_media":1213,"comment_status":"open","ping_status":"closed","template":"","meta":[],"product_brand":[],"product_cat":[73,54],"product_tag":[],"class_list":{"0":"post-1211","1":"product","2":"type-product","3":"status-publish","4":"has-post-thumbnail","6":"product_cat-signet-koleksiyonu","7":"product_cat-yuzuk","9":"first","10":"instock","11":"shipping-taxable","12":"purchasable","13":"product-type-variable"},"_links":{"self":[{"href":"https:\/\/brothersjewellery.com\/en\/wp-json\/wp\/v2\/product\/1211","targetHints":{"allow":["GET"]}}],"collection":[{"href":"https:\/\/brothersjewellery.com\/en\/wp-json\/wp\/v2\/product"}],"about":[{"href":"https:\/\/brothersjewellery.com\/en\/wp-json\/wp\/v2\/types\/product"}],"replies":[{"embeddable":true,"href":"https:\/\/brothersjewellery.com\/en\/wp-json\/wp\/v2\/comments?post=1211"}],"wp:featuredmedia":[{"embeddable":true,"href":"https:\/\/brothersjewellery.com\/en\/wp-json\/wp\/v2\/media\/1213"}],"wp:attachment":[{"href":"https:\/\/brothersjewellery.com\/en\/wp-json\/wp\/v2\/media?parent=1211"}],"wp:term":[{"taxonomy":"product_brand","embeddable":true,"href":"https:\/\/brothersjewellery.com\/en\/wp-json\/wp\/v2\/product_brand?post=1211"},{"taxonomy":"product_cat","embeddable":true,"href":"https:\/\/brothersjewellery.com\/en\/wp-json\/wp\/v2\/product_cat?post=1211"},{"taxonomy":"product_tag","embeddable":true,"href":"https:\/\/brothersjewellery.com\/en\/wp-json\/wp\/v2\/product_tag?post=1211"}],"curies":[{"name":"wp","href":"https:\/\/api.w.org\/{rel}","templated":true}]}}