{"id":1215,"date":"2026-02-16T15:13:00","date_gmt":"2026-02-16T12:13:00","guid":{"rendered":"https:\/\/brothersjewellery.com\/?post_type=product&#038;p=1215"},"modified":"2026-04-01T01:25:31","modified_gmt":"2026-03-31T22:25:31","slug":"24-koza","status":"publish","type":"product","link":"https:\/\/brothersjewellery.com\/en\/product\/24-koza\/","title":{"rendered":"24- Koza"},"content":{"rendered":"","protected":false},"excerpt":{"rendered":"<p>ilk bak\u0131\u015fta Viking mi\u011fferini and\u0131ran kubbemsi formu ile g\u00fcc\u00fc ve korunmay\u0131 \u00e7a\u011fr\u0131\u015ft\u0131r\u0131r; ancak k\u00f6kenini Anadolu\u2019nun kadim co\u011frafyas\u0131ndan alan bir tasar\u0131md\u0131r. Y\u00fczeyde yer alan g\u00fcverseli (gran\u00fcl) dokular, antik d\u00f6nemlerde kullan\u0131lan metal i\u015fleme tekniklerine g\u00f6nderme yapar ve y\u00fcz\u00fc\u011fe arkeolojik bir karakter kazand\u0131r\u0131r.<\/p>\n<p>Bu form, eski \u00e7a\u011flarda koruyucu objeler ve rit\u00fcel tak\u0131larda s\u0131k\u00e7a g\u00f6r\u00fclen koza benzeri yap\u0131lar\u0131 an\u0131msat\u0131r. \u0130\u00e7ine kapal\u0131, d\u0131\u015fa kar\u015f\u0131 sa\u011flam ve dengeli bir duru\u015f sunar. Oksitli detaylar, y\u00fcz\u00fc\u011f\u00fcn derinli\u011fini art\u0131r\u0131rken zamanla olu\u015fmu\u015f hissini g\u00fc\u00e7lendirir.<\/p>\n<p>KOZA; tarihsel k\u00f6kenlere sayg\u0131 duyan, sembolik anlam\u0131 olan ve g\u00f6steri\u015ften uzak ama g\u00fc\u00e7l\u00fc bir ifade arayanlar i\u00e7in tasarlanm\u0131\u015ft\u0131r.<\/p>","protected":false},"featured_media":1216,"comment_status":"open","ping_status":"closed","template":"","meta":[],"product_brand":[],"product_cat":[77,54],"product_tag":[],"class_list":{"0":"post-1215","1":"product","2":"type-product","3":"status-publish","4":"has-post-thumbnail","6":"product_cat-antik-ilkel-tasarim-koleksiyonu","7":"product_cat-yuzuk","9":"first","10":"instock","11":"shipping-taxable","12":"purchasable","13":"product-type-variable"},"_links":{"self":[{"href":"https:\/\/brothersjewellery.com\/en\/wp-json\/wp\/v2\/product\/1215","targetHints":{"allow":["GET"]}}],"collection":[{"href":"https:\/\/brothersjewellery.com\/en\/wp-json\/wp\/v2\/product"}],"about":[{"href":"https:\/\/brothersjewellery.com\/en\/wp-json\/wp\/v2\/types\/product"}],"replies":[{"embeddable":true,"href":"https:\/\/brothersjewellery.com\/en\/wp-json\/wp\/v2\/comments?post=1215"}],"wp:featuredmedia":[{"embeddable":true,"href":"https:\/\/brothersjewellery.com\/en\/wp-json\/wp\/v2\/media\/1216"}],"wp:attachment":[{"href":"https:\/\/brothersjewellery.com\/en\/wp-json\/wp\/v2\/media?parent=1215"}],"wp:term":[{"taxonomy":"product_brand","embeddable":true,"href":"https:\/\/brothersjewellery.com\/en\/wp-json\/wp\/v2\/product_brand?post=1215"},{"taxonomy":"product_cat","embeddable":true,"href":"https:\/\/brothersjewellery.com\/en\/wp-json\/wp\/v2\/product_cat?post=1215"},{"taxonomy":"product_tag","embeddable":true,"href":"https:\/\/brothersjewellery.com\/en\/wp-json\/wp\/v2\/product_tag?post=1215"}],"curies":[{"name":"wp","href":"https:\/\/api.w.org\/{rel}","templated":true}]}}