{"id":1220,"date":"2026-02-16T15:14:08","date_gmt":"2026-02-16T12:14:08","guid":{"rendered":"https:\/\/brothersjewellery.com\/?post_type=product&#038;p=1220"},"modified":"2026-04-01T01:25:31","modified_gmt":"2026-03-31T22:25:31","slug":"25-rawing","status":"publish","type":"product","link":"https:\/\/brothersjewellery.com\/en\/product\/25-rawing\/","title":{"rendered":"25- Rawing"},"content":{"rendered":"","protected":false},"excerpt":{"rendered":"<p>Do\u011fan\u0131n g\u00fcc\u00fcnden ilham alan bu tamamen el yap\u0131m\u0131 g\u00fcm\u00fc\u015f y\u00fcz\u00fck, d\u00fczg\u00fcnl\u00fckten uzak, cesur ve \u00f6zg\u00fcn bir forma sahip. Her biri ustan\u0131n elinde tek tek \u015fekillendirildi\u011fi i\u00e7in d\u00fcnyada bir e\u015fi daha yok \u2013 tam anlam\u0131yla size \u00f6zel bir par\u00e7a.P\u00fcr\u00fczs\u00fcz y\u00fcz\u00fcklerden s\u0131k\u0131ld\u0131ysan\u0131z, bu y\u00fcz\u00fck tam size g\u00f6re. D\u00fczensiz dalgalar\u0131, hafif \u00e7ukurlar\u0131 ve organik dokusuyla parma\u011f\u0131n\u0131zda adeta bir heykel gibi duruyor. G\u00fcm\u00fc\u015f\u00fcn do\u011fal parlakl\u0131\u011f\u0131, ilkel formla birle\u015fince hem vah\u015fi hem zarif bir g\u00f6r\u00fcn\u00fcm ortaya \u00e7\u0131k\u0131yor Klasik tak\u0131lar\u0131n \u00f6tesinde, karakteri ve hikayesi olan bir par\u00e7a arayanlar i\u00e7in\u2026<\/p>","protected":false},"featured_media":1221,"comment_status":"open","ping_status":"closed","template":"","meta":[],"product_brand":[],"product_cat":[74,54],"product_tag":[],"class_list":{"0":"post-1220","1":"product","2":"type-product","3":"status-publish","4":"has-post-thumbnail","6":"product_cat-neoklasik-koleksiyon","7":"product_cat-yuzuk","9":"first","10":"instock","11":"shipping-taxable","12":"purchasable","13":"product-type-variable"},"_links":{"self":[{"href":"https:\/\/brothersjewellery.com\/en\/wp-json\/wp\/v2\/product\/1220","targetHints":{"allow":["GET"]}}],"collection":[{"href":"https:\/\/brothersjewellery.com\/en\/wp-json\/wp\/v2\/product"}],"about":[{"href":"https:\/\/brothersjewellery.com\/en\/wp-json\/wp\/v2\/types\/product"}],"replies":[{"embeddable":true,"href":"https:\/\/brothersjewellery.com\/en\/wp-json\/wp\/v2\/comments?post=1220"}],"wp:featuredmedia":[{"embeddable":true,"href":"https:\/\/brothersjewellery.com\/en\/wp-json\/wp\/v2\/media\/1221"}],"wp:attachment":[{"href":"https:\/\/brothersjewellery.com\/en\/wp-json\/wp\/v2\/media?parent=1220"}],"wp:term":[{"taxonomy":"product_brand","embeddable":true,"href":"https:\/\/brothersjewellery.com\/en\/wp-json\/wp\/v2\/product_brand?post=1220"},{"taxonomy":"product_cat","embeddable":true,"href":"https:\/\/brothersjewellery.com\/en\/wp-json\/wp\/v2\/product_cat?post=1220"},{"taxonomy":"product_tag","embeddable":true,"href":"https:\/\/brothersjewellery.com\/en\/wp-json\/wp\/v2\/product_tag?post=1220"}],"curies":[{"name":"wp","href":"https:\/\/api.w.org\/{rel}","templated":true}]}}