{"id":1229,"date":"2026-02-16T15:16:20","date_gmt":"2026-02-16T12:16:20","guid":{"rendered":"https:\/\/brothersjewellery.com\/?post_type=product&#038;p=1229"},"modified":"2026-04-01T01:25:21","modified_gmt":"2026-03-31T22:25:21","slug":"27-beo-vault","status":"publish","type":"product","link":"https:\/\/brothersjewellery.com\/en\/product\/27-beo-vault\/","title":{"rendered":"27- Beo-vault"},"content":{"rendered":"","protected":false},"excerpt":{"rendered":"<p>Tamamen el yap\u0131m\u0131 925 ayar g\u00fcm\u00fc\u015ften \u00fcretilen bu y\u00fcz\u00fck, yumu\u015fak bombeli formu ve kontroll\u00fc hatlar\u0131yla mimari bir sadelik ta\u015f\u0131yor. \u00d6nceki modellerdeki keskinlikten uzak, daha sakin ve rafine bir tasar\u0131m \u2013 geni\u015f band\u0131 ve yuvarlak d\u0131\u015f y\u00fczeyiyle parmakta dengeli ve rahat bir duru\u015f sergiliyor.Her par\u00e7a ustan\u0131n elinde tek tek \u015fekillendirildi\u011fi i\u00e7in k\u00fc\u00e7\u00fck farklarla benzersiz. G\u00fcnl\u00fck kullan\u0131ma \u00e7ok uygun, i\u00e7 y\u00fczeyi konforlu<\/p>\n<p>Minimalist ama karakterli tak\u0131lar arayanlar i\u00e7in ideal<\/p>","protected":false},"featured_media":1230,"comment_status":"open","ping_status":"closed","template":"","meta":[],"product_brand":[],"product_cat":[78,54],"product_tag":[],"class_list":{"0":"post-1229","1":"product","2":"type-product","3":"status-publish","4":"has-post-thumbnail","6":"product_cat-endustriyel-form-koleksiyonu","7":"product_cat-yuzuk","9":"first","10":"instock","11":"shipping-taxable","12":"purchasable","13":"product-type-variable"},"_links":{"self":[{"href":"https:\/\/brothersjewellery.com\/en\/wp-json\/wp\/v2\/product\/1229","targetHints":{"allow":["GET"]}}],"collection":[{"href":"https:\/\/brothersjewellery.com\/en\/wp-json\/wp\/v2\/product"}],"about":[{"href":"https:\/\/brothersjewellery.com\/en\/wp-json\/wp\/v2\/types\/product"}],"replies":[{"embeddable":true,"href":"https:\/\/brothersjewellery.com\/en\/wp-json\/wp\/v2\/comments?post=1229"}],"wp:featuredmedia":[{"embeddable":true,"href":"https:\/\/brothersjewellery.com\/en\/wp-json\/wp\/v2\/media\/1230"}],"wp:attachment":[{"href":"https:\/\/brothersjewellery.com\/en\/wp-json\/wp\/v2\/media?parent=1229"}],"wp:term":[{"taxonomy":"product_brand","embeddable":true,"href":"https:\/\/brothersjewellery.com\/en\/wp-json\/wp\/v2\/product_brand?post=1229"},{"taxonomy":"product_cat","embeddable":true,"href":"https:\/\/brothersjewellery.com\/en\/wp-json\/wp\/v2\/product_cat?post=1229"},{"taxonomy":"product_tag","embeddable":true,"href":"https:\/\/brothersjewellery.com\/en\/wp-json\/wp\/v2\/product_tag?post=1229"}],"curies":[{"name":"wp","href":"https:\/\/api.w.org\/{rel}","templated":true}]}}