{"id":1234,"date":"2026-02-16T15:17:44","date_gmt":"2026-02-16T12:17:44","guid":{"rendered":"https:\/\/brothersjewellery.com\/?post_type=product&#038;p=1234"},"modified":"2026-04-01T01:25:10","modified_gmt":"2026-03-31T22:25:10","slug":"28-monolit","status":"publish","type":"product","link":"https:\/\/brothersjewellery.com\/en\/product\/28-monolit\/","title":{"rendered":"28- Monolit"},"content":{"rendered":"","protected":false},"excerpt":{"rendered":"<p>Minimal \u00e7izgilerin g\u00fc\u00e7l\u00fc bir duru\u015fla birle\u015fti\u011fi bu y\u00fcz\u00fck, sade tasar\u0131m\u0131yla zamans\u0131z bir karakter ta\u015f\u0131r. \u00dcst y\u00fczeyindeki d\u00fcz ve net form, y\u00fcz\u00fc\u011f\u00fcn mimari yap\u0131s\u0131n\u0131 vurgularken; yanlardaki katmanl\u0131 detaylar derinlik ve denge hissi katar.<\/p>\n<p>Abart\u0131dan uzak, karakterli ve mask\u00fclen bir estetik sunan bu tasar\u0131m; g\u00fcnl\u00fck kullan\u0131mda oldu\u011fu kadar \u00f6zel anlarda da rahatl\u0131kla tercih edilebilir. Unisex yap\u0131s\u0131 sayesinde farkl\u0131 stillerle kolayca uyum sa\u011flar.<\/p>\n<p>El i\u015f\u00e7ili\u011fiyle \u00fcretilmi\u015f olan y\u00fcz\u00fck, formunu \u00f6n plana \u00e7\u0131karan yal\u0131n bir anlay\u0131\u015fla tasarlanm\u0131\u015ft\u0131r. Detaylarda gizlenen i\u015f\u00e7ilik, y\u00fcz\u00fc\u011fe sessiz ama g\u00fc\u00e7l\u00fc bir ifade kazand\u0131r\u0131r.<\/p>","protected":false},"featured_media":1235,"comment_status":"open","ping_status":"closed","template":"","meta":[],"product_brand":[],"product_cat":[73,54],"product_tag":[],"class_list":{"0":"post-1234","1":"product","2":"type-product","3":"status-publish","4":"has-post-thumbnail","6":"product_cat-signet-koleksiyonu","7":"product_cat-yuzuk","9":"first","10":"instock","11":"shipping-taxable","12":"purchasable","13":"product-type-variable"},"_links":{"self":[{"href":"https:\/\/brothersjewellery.com\/en\/wp-json\/wp\/v2\/product\/1234","targetHints":{"allow":["GET"]}}],"collection":[{"href":"https:\/\/brothersjewellery.com\/en\/wp-json\/wp\/v2\/product"}],"about":[{"href":"https:\/\/brothersjewellery.com\/en\/wp-json\/wp\/v2\/types\/product"}],"replies":[{"embeddable":true,"href":"https:\/\/brothersjewellery.com\/en\/wp-json\/wp\/v2\/comments?post=1234"}],"wp:featuredmedia":[{"embeddable":true,"href":"https:\/\/brothersjewellery.com\/en\/wp-json\/wp\/v2\/media\/1235"}],"wp:attachment":[{"href":"https:\/\/brothersjewellery.com\/en\/wp-json\/wp\/v2\/media?parent=1234"}],"wp:term":[{"taxonomy":"product_brand","embeddable":true,"href":"https:\/\/brothersjewellery.com\/en\/wp-json\/wp\/v2\/product_brand?post=1234"},{"taxonomy":"product_cat","embeddable":true,"href":"https:\/\/brothersjewellery.com\/en\/wp-json\/wp\/v2\/product_cat?post=1234"},{"taxonomy":"product_tag","embeddable":true,"href":"https:\/\/brothersjewellery.com\/en\/wp-json\/wp\/v2\/product_tag?post=1234"}],"curies":[{"name":"wp","href":"https:\/\/api.w.org\/{rel}","templated":true}]}}