{"id":1238,"date":"2026-02-16T15:19:09","date_gmt":"2026-02-16T12:19:09","guid":{"rendered":"https:\/\/brothersjewellery.com\/?post_type=product&#038;p=1238"},"modified":"2026-04-01T01:25:10","modified_gmt":"2026-03-31T22:25:10","slug":"29-hi-dome","status":"publish","type":"product","link":"https:\/\/brothersjewellery.com\/en\/product\/29-hi-dome\/","title":{"rendered":"29- Hi-dome"},"content":{"rendered":"","protected":false},"excerpt":{"rendered":"<p>Y\u00fcksek kubbeli tasar\u0131m\u0131yla g\u00f6z al\u0131c\u0131 bir hacim ve derinlik sunan bu \u00f6zel y\u00fcz\u00fck,\u00a0 ustal\u0131kla \u00fcretilmi\u015ftir. P\u00fcr\u00fczs\u00fcz bombeli \u00fcst y\u00fczeyi ve parlak g\u00fcm\u00fc\u015f \u0131\u015f\u0131lt\u0131s\u0131yla hem klasik hem modern bir duru\u015f sergiler \u2013 g\u00fcnl\u00fck kullan\u0131mdan \u00f6zel davetlere kadar her ortama m\u00fckemmel uyum<\/p>","protected":false},"featured_media":1239,"comment_status":"open","ping_status":"closed","template":"","meta":[],"product_brand":[],"product_cat":[74,54],"product_tag":[],"class_list":{"0":"post-1238","1":"product","2":"type-product","3":"status-publish","4":"has-post-thumbnail","6":"product_cat-neoklasik-koleksiyon","7":"product_cat-yuzuk","9":"first","10":"instock","11":"shipping-taxable","12":"purchasable","13":"product-type-variable"},"_links":{"self":[{"href":"https:\/\/brothersjewellery.com\/en\/wp-json\/wp\/v2\/product\/1238","targetHints":{"allow":["GET"]}}],"collection":[{"href":"https:\/\/brothersjewellery.com\/en\/wp-json\/wp\/v2\/product"}],"about":[{"href":"https:\/\/brothersjewellery.com\/en\/wp-json\/wp\/v2\/types\/product"}],"replies":[{"embeddable":true,"href":"https:\/\/brothersjewellery.com\/en\/wp-json\/wp\/v2\/comments?post=1238"}],"wp:featuredmedia":[{"embeddable":true,"href":"https:\/\/brothersjewellery.com\/en\/wp-json\/wp\/v2\/media\/1239"}],"wp:attachment":[{"href":"https:\/\/brothersjewellery.com\/en\/wp-json\/wp\/v2\/media?parent=1238"}],"wp:term":[{"taxonomy":"product_brand","embeddable":true,"href":"https:\/\/brothersjewellery.com\/en\/wp-json\/wp\/v2\/product_brand?post=1238"},{"taxonomy":"product_cat","embeddable":true,"href":"https:\/\/brothersjewellery.com\/en\/wp-json\/wp\/v2\/product_cat?post=1238"},{"taxonomy":"product_tag","embeddable":true,"href":"https:\/\/brothersjewellery.com\/en\/wp-json\/wp\/v2\/product_tag?post=1238"}],"curies":[{"name":"wp","href":"https:\/\/api.w.org\/{rel}","templated":true}]}}