{"id":1243,"date":"2026-02-16T15:20:07","date_gmt":"2026-02-16T12:20:07","guid":{"rendered":"https:\/\/brothersjewellery.com\/?post_type=product&#038;p=1243"},"modified":"2026-04-01T01:24:59","modified_gmt":"2026-03-31T22:24:59","slug":"30-soft-wave","status":"publish","type":"product","link":"https:\/\/brothersjewellery.com\/en\/product\/30-soft-wave\/","title":{"rendered":"30-  Soft Wave"},"content":{"rendered":"","protected":false},"excerpt":{"rendered":"<p>Yanlardan yumu\u015fak\u00e7a k\u0131vr\u0131larak y\u00fckselen hatlar\u0131 ve dengeli bombeli formuyla dikkat \u00e7eken bu \u00f6zel y\u00fcz\u00fck, %92,5 saf g\u00fcm\u00fc\u015ften (925 ayar sterling silver) hassas i\u015f\u00e7ilikle \u00fcretilmi\u015ftir. Ak\u0131\u015fkan k\u0131vr\u0131mlar\u0131yla hem dinamik hem de sakin bir duru\u015f sergiler \u2013 g\u00fcnl\u00fck kullan\u0131mdan \u00f6zel anlara kadar her tarza uyumlu, sade ama etkileyici bir tamamlay\u0131c\u0131.<\/p>","protected":false},"featured_media":1244,"comment_status":"open","ping_status":"closed","template":"","meta":[],"product_brand":[],"product_cat":[74,54],"product_tag":[],"class_list":{"0":"post-1243","1":"product","2":"type-product","3":"status-publish","4":"has-post-thumbnail","6":"product_cat-neoklasik-koleksiyon","7":"product_cat-yuzuk","9":"first","10":"instock","11":"shipping-taxable","12":"purchasable","13":"product-type-variable"},"_links":{"self":[{"href":"https:\/\/brothersjewellery.com\/en\/wp-json\/wp\/v2\/product\/1243","targetHints":{"allow":["GET"]}}],"collection":[{"href":"https:\/\/brothersjewellery.com\/en\/wp-json\/wp\/v2\/product"}],"about":[{"href":"https:\/\/brothersjewellery.com\/en\/wp-json\/wp\/v2\/types\/product"}],"replies":[{"embeddable":true,"href":"https:\/\/brothersjewellery.com\/en\/wp-json\/wp\/v2\/comments?post=1243"}],"wp:featuredmedia":[{"embeddable":true,"href":"https:\/\/brothersjewellery.com\/en\/wp-json\/wp\/v2\/media\/1244"}],"wp:attachment":[{"href":"https:\/\/brothersjewellery.com\/en\/wp-json\/wp\/v2\/media?parent=1243"}],"wp:term":[{"taxonomy":"product_brand","embeddable":true,"href":"https:\/\/brothersjewellery.com\/en\/wp-json\/wp\/v2\/product_brand?post=1243"},{"taxonomy":"product_cat","embeddable":true,"href":"https:\/\/brothersjewellery.com\/en\/wp-json\/wp\/v2\/product_cat?post=1243"},{"taxonomy":"product_tag","embeddable":true,"href":"https:\/\/brothersjewellery.com\/en\/wp-json\/wp\/v2\/product_tag?post=1243"}],"curies":[{"name":"wp","href":"https:\/\/api.w.org\/{rel}","templated":true}]}}