{"id":1248,"date":"2026-02-16T15:22:02","date_gmt":"2026-02-16T12:22:02","guid":{"rendered":"https:\/\/brothersjewellery.com\/?post_type=product&#038;p=1248"},"modified":"2026-04-01T01:24:59","modified_gmt":"2026-03-31T22:24:59","slug":"31-twister","status":"publish","type":"product","link":"https:\/\/brothersjewellery.com\/en\/product\/31-twister\/","title":{"rendered":"31- Twister"},"content":{"rendered":"","protected":false},"excerpt":{"rendered":"<p>Modern ve end\u00fcstriyel bir esteti\u011fe sahip bu y\u00fcz\u00fck, tek par\u00e7a g\u00fcm\u00fc\u015f\u00fcn ustal\u0131kla b\u00fck\u00fclmesiyle olu\u015fturulmu\u015f iki u\u00e7lu bir tasar\u0131md\u0131r. Bir u\u00e7 di\u011ferini k\u0131vr\u0131larak saran formu, hem \u00e7atal\/ka\u015f\u0131k saplar\u0131ndan ilham alan vintage bir hava verir hem de minimalist bir g\u00f6r\u00fcn\u00fcm sunar.<\/p>","protected":false},"featured_media":1249,"comment_status":"open","ping_status":"closed","template":"","meta":[],"product_brand":[],"product_cat":[78,54],"product_tag":[],"class_list":{"0":"post-1248","1":"product","2":"type-product","3":"status-publish","4":"has-post-thumbnail","6":"product_cat-endustriyel-form-koleksiyonu","7":"product_cat-yuzuk","9":"first","10":"instock","11":"shipping-taxable","12":"purchasable","13":"product-type-variable"},"_links":{"self":[{"href":"https:\/\/brothersjewellery.com\/en\/wp-json\/wp\/v2\/product\/1248","targetHints":{"allow":["GET"]}}],"collection":[{"href":"https:\/\/brothersjewellery.com\/en\/wp-json\/wp\/v2\/product"}],"about":[{"href":"https:\/\/brothersjewellery.com\/en\/wp-json\/wp\/v2\/types\/product"}],"replies":[{"embeddable":true,"href":"https:\/\/brothersjewellery.com\/en\/wp-json\/wp\/v2\/comments?post=1248"}],"wp:featuredmedia":[{"embeddable":true,"href":"https:\/\/brothersjewellery.com\/en\/wp-json\/wp\/v2\/media\/1249"}],"wp:attachment":[{"href":"https:\/\/brothersjewellery.com\/en\/wp-json\/wp\/v2\/media?parent=1248"}],"wp:term":[{"taxonomy":"product_brand","embeddable":true,"href":"https:\/\/brothersjewellery.com\/en\/wp-json\/wp\/v2\/product_brand?post=1248"},{"taxonomy":"product_cat","embeddable":true,"href":"https:\/\/brothersjewellery.com\/en\/wp-json\/wp\/v2\/product_cat?post=1248"},{"taxonomy":"product_tag","embeddable":true,"href":"https:\/\/brothersjewellery.com\/en\/wp-json\/wp\/v2\/product_tag?post=1248"}],"curies":[{"name":"wp","href":"https:\/\/api.w.org\/{rel}","templated":true}]}}