{"id":1252,"date":"2026-02-16T15:22:59","date_gmt":"2026-02-16T12:22:59","guid":{"rendered":"https:\/\/brothersjewellery.com\/?post_type=product&#038;p=1252"},"modified":"2026-04-01T01:24:49","modified_gmt":"2026-03-31T22:24:49","slug":"32-nexus","status":"publish","type":"product","link":"https:\/\/brothersjewellery.com\/en\/product\/32-nexus\/","title":{"rendered":"32- Nexus"},"content":{"rendered":"","protected":false},"excerpt":{"rendered":"<p>Birle\u015fen \u00e7izgiler, tek bir form.<\/p>\n<p>Nexus, ak\u0131\u015fkan katmanlar\u0131 ve modern hatlar\u0131yla g\u00fc\u00e7l\u00fc ama sade bir duru\u015f sunar.<\/p>\n<p>\u00dcst \u00fcste ilerleyen y\u00fczeyler y\u00fcz\u00fc\u011fe derinlik kazand\u0131r\u0131rken, dengeli formu sayesinde parmakta konforlu bir kullan\u0131m sa\u011flar. Mat ve parlak dokular\u0131n bir arada kullan\u0131lmas\u0131, \u0131\u015f\u0131\u011f\u0131 farkl\u0131 a\u00e7\u0131lardan yans\u0131tarak y\u00fcz\u00fc\u011f\u00fc tek ba\u015f\u0131na bile dikkat \u00e7ekici h\u00e2le getirir.<\/p>\n<p>Tamamen el i\u015f\u00e7ili\u011fiyle \u00fcretilen Nexus, seri \u00fcretim y\u00fcz\u00fcklerden ayr\u0131l\u0131r. Unisex tasar\u0131m\u0131 sayesinde hem g\u00fcnl\u00fck kullan\u0131mda hem de \u00f6zel kombinlerde rahatl\u0131kla tercih edilir<\/p>","protected":false},"featured_media":1253,"comment_status":"open","ping_status":"closed","template":"","meta":[],"product_brand":[],"product_cat":[74,54],"product_tag":[],"class_list":{"0":"post-1252","1":"product","2":"type-product","3":"status-publish","4":"has-post-thumbnail","6":"product_cat-neoklasik-koleksiyon","7":"product_cat-yuzuk","9":"first","10":"instock","11":"shipping-taxable","12":"purchasable","13":"product-type-variable"},"_links":{"self":[{"href":"https:\/\/brothersjewellery.com\/en\/wp-json\/wp\/v2\/product\/1252","targetHints":{"allow":["GET"]}}],"collection":[{"href":"https:\/\/brothersjewellery.com\/en\/wp-json\/wp\/v2\/product"}],"about":[{"href":"https:\/\/brothersjewellery.com\/en\/wp-json\/wp\/v2\/types\/product"}],"replies":[{"embeddable":true,"href":"https:\/\/brothersjewellery.com\/en\/wp-json\/wp\/v2\/comments?post=1252"}],"wp:featuredmedia":[{"embeddable":true,"href":"https:\/\/brothersjewellery.com\/en\/wp-json\/wp\/v2\/media\/1253"}],"wp:attachment":[{"href":"https:\/\/brothersjewellery.com\/en\/wp-json\/wp\/v2\/media?parent=1252"}],"wp:term":[{"taxonomy":"product_brand","embeddable":true,"href":"https:\/\/brothersjewellery.com\/en\/wp-json\/wp\/v2\/product_brand?post=1252"},{"taxonomy":"product_cat","embeddable":true,"href":"https:\/\/brothersjewellery.com\/en\/wp-json\/wp\/v2\/product_cat?post=1252"},{"taxonomy":"product_tag","embeddable":true,"href":"https:\/\/brothersjewellery.com\/en\/wp-json\/wp\/v2\/product_tag?post=1252"}],"curies":[{"name":"wp","href":"https:\/\/api.w.org\/{rel}","templated":true}]}}