{"id":1255,"date":"2026-02-16T15:25:45","date_gmt":"2026-02-16T12:25:45","guid":{"rendered":"https:\/\/brothersjewellery.com\/?post_type=product&#038;p=1255"},"modified":"2026-04-01T01:24:48","modified_gmt":"2026-03-31T22:24:48","slug":"33-slit","status":"publish","type":"product","link":"https:\/\/brothersjewellery.com\/en\/product\/33-slit\/","title":{"rendered":"33- Slit"},"content":{"rendered":"","protected":false},"excerpt":{"rendered":"<p>G\u00fc\u00e7l\u00fc blok tasar\u0131m\u0131 ince bir yar\u0131k (slit) detay\u0131yla bulu\u015fturan bu y\u00fcz\u00fck, modern ve iddial\u0131 bir g\u00f6r\u00fcn\u00fcm sunar. Yar\u0131k kesim, geometrik hatlara keskin bir derinlik katarken unisex yap\u0131s\u0131yla hem erkek hem kad\u0131nlara m\u00fckemmel uyum sa\u011flar \u2013 tarz\u0131n\u0131za sofistike bir dokunu\u015f ekleyin.<\/p>","protected":false},"featured_media":1256,"comment_status":"open","ping_status":"closed","template":"","meta":[],"product_brand":[],"product_cat":[74,54],"product_tag":[],"class_list":{"0":"post-1255","1":"product","2":"type-product","3":"status-publish","4":"has-post-thumbnail","6":"product_cat-neoklasik-koleksiyon","7":"product_cat-yuzuk","9":"first","10":"instock","11":"shipping-taxable","12":"purchasable","13":"product-type-variable"},"_links":{"self":[{"href":"https:\/\/brothersjewellery.com\/en\/wp-json\/wp\/v2\/product\/1255","targetHints":{"allow":["GET"]}}],"collection":[{"href":"https:\/\/brothersjewellery.com\/en\/wp-json\/wp\/v2\/product"}],"about":[{"href":"https:\/\/brothersjewellery.com\/en\/wp-json\/wp\/v2\/types\/product"}],"replies":[{"embeddable":true,"href":"https:\/\/brothersjewellery.com\/en\/wp-json\/wp\/v2\/comments?post=1255"}],"wp:featuredmedia":[{"embeddable":true,"href":"https:\/\/brothersjewellery.com\/en\/wp-json\/wp\/v2\/media\/1256"}],"wp:attachment":[{"href":"https:\/\/brothersjewellery.com\/en\/wp-json\/wp\/v2\/media?parent=1255"}],"wp:term":[{"taxonomy":"product_brand","embeddable":true,"href":"https:\/\/brothersjewellery.com\/en\/wp-json\/wp\/v2\/product_brand?post=1255"},{"taxonomy":"product_cat","embeddable":true,"href":"https:\/\/brothersjewellery.com\/en\/wp-json\/wp\/v2\/product_cat?post=1255"},{"taxonomy":"product_tag","embeddable":true,"href":"https:\/\/brothersjewellery.com\/en\/wp-json\/wp\/v2\/product_tag?post=1255"}],"curies":[{"name":"wp","href":"https:\/\/api.w.org\/{rel}","templated":true}]}}