{"id":1260,"date":"2026-02-16T15:26:43","date_gmt":"2026-02-16T12:26:43","guid":{"rendered":"https:\/\/brothersjewellery.com\/?post_type=product&#038;p=1260"},"modified":"2026-04-01T01:24:38","modified_gmt":"2026-03-31T22:24:38","slug":"34-plane-seal-ring","status":"publish","type":"product","link":"https:\/\/brothersjewellery.com\/en\/product\/34-plane-seal-ring\/","title":{"rendered":"34- Plane seal ring"},"content":{"rendered":"","protected":false},"excerpt":{"rendered":"<p>Zamans\u0131z bir klasik: D\u00fcz plaka y\u00fczeyiyle tasarlanm\u0131\u015f bu m\u00fch\u00fcr y\u00fcz\u00fck, sade l\u00fcks\u00fc ve ki\u015fiselle\u015ftirme potansiyelini bir araya getiriyor. Geni\u015f ve p\u00fcr\u00fczs\u00fcz plakas\u0131, grav\u00fcr veya monogram i\u00e7in ideal \u2013 elit tarz\u0131n\u0131za sofistike bir imza kat\u0131n. Unisex yap\u0131s\u0131yla hem erkek hem kad\u0131nlara hitap eder.<\/p>","protected":false},"featured_media":1261,"comment_status":"open","ping_status":"closed","template":"","meta":[],"product_brand":[],"product_cat":[73,54],"product_tag":[],"class_list":{"0":"post-1260","1":"product","2":"type-product","3":"status-publish","4":"has-post-thumbnail","6":"product_cat-signet-koleksiyonu","7":"product_cat-yuzuk","9":"first","10":"instock","11":"shipping-taxable","12":"purchasable","13":"product-type-variable"},"_links":{"self":[{"href":"https:\/\/brothersjewellery.com\/en\/wp-json\/wp\/v2\/product\/1260","targetHints":{"allow":["GET"]}}],"collection":[{"href":"https:\/\/brothersjewellery.com\/en\/wp-json\/wp\/v2\/product"}],"about":[{"href":"https:\/\/brothersjewellery.com\/en\/wp-json\/wp\/v2\/types\/product"}],"replies":[{"embeddable":true,"href":"https:\/\/brothersjewellery.com\/en\/wp-json\/wp\/v2\/comments?post=1260"}],"wp:featuredmedia":[{"embeddable":true,"href":"https:\/\/brothersjewellery.com\/en\/wp-json\/wp\/v2\/media\/1261"}],"wp:attachment":[{"href":"https:\/\/brothersjewellery.com\/en\/wp-json\/wp\/v2\/media?parent=1260"}],"wp:term":[{"taxonomy":"product_brand","embeddable":true,"href":"https:\/\/brothersjewellery.com\/en\/wp-json\/wp\/v2\/product_brand?post=1260"},{"taxonomy":"product_cat","embeddable":true,"href":"https:\/\/brothersjewellery.com\/en\/wp-json\/wp\/v2\/product_cat?post=1260"},{"taxonomy":"product_tag","embeddable":true,"href":"https:\/\/brothersjewellery.com\/en\/wp-json\/wp\/v2\/product_tag?post=1260"}],"curies":[{"name":"wp","href":"https:\/\/api.w.org\/{rel}","templated":true}]}}