{"id":1269,"date":"2026-02-16T15:28:32","date_gmt":"2026-02-16T12:28:32","guid":{"rendered":"https:\/\/brothersjewellery.com\/?post_type=product&#038;p=1269"},"modified":"2026-04-01T01:24:27","modified_gmt":"2026-03-31T22:24:27","slug":"36-buckle","status":"publish","type":"product","link":"https:\/\/brothersjewellery.com\/en\/product\/36-buckle\/","title":{"rendered":"36- Buckle"},"content":{"rendered":"","protected":false},"excerpt":{"rendered":"<p>Kemer tokas\u0131ndan ilham alan k\u0131vr\u0131ml\u0131 tasar\u0131m\u0131 ve parlak zirkon ta\u015flar\u0131yla bu y\u00fcz\u00fck, neo-klasik zarafeti modern bir yorumla sunuyor. Ak\u0131\u015fkan formu parma\u011f\u0131n\u0131z\u0131 zarif\u00e7e sararken, iki adet g\u00f6z al\u0131c\u0131 ta\u015f detayl\u0131 vurgu kat\u0131yor \u2013 g\u00fcnl\u00fck l\u00fcksten \u00f6zel anlara kadar m\u00fckemmel bir tamamlay\u0131c\u0131<\/p>\n<p>&nbsp;<\/p>\n<p>Not: ta\u015f renkleri iste\u011fe g\u00f6re de\u011fi\u015febilir ayn\u0131 zamanda ta\u015fs\u0131z modeli de mevcuttur<\/p>","protected":false},"featured_media":1270,"comment_status":"open","ping_status":"closed","template":"","meta":[],"product_brand":[],"product_cat":[74,54],"product_tag":[],"class_list":{"0":"post-1269","1":"product","2":"type-product","3":"status-publish","4":"has-post-thumbnail","6":"product_cat-neoklasik-koleksiyon","7":"product_cat-yuzuk","9":"first","10":"instock","11":"shipping-taxable","12":"purchasable","13":"product-type-variable"},"_links":{"self":[{"href":"https:\/\/brothersjewellery.com\/en\/wp-json\/wp\/v2\/product\/1269","targetHints":{"allow":["GET"]}}],"collection":[{"href":"https:\/\/brothersjewellery.com\/en\/wp-json\/wp\/v2\/product"}],"about":[{"href":"https:\/\/brothersjewellery.com\/en\/wp-json\/wp\/v2\/types\/product"}],"replies":[{"embeddable":true,"href":"https:\/\/brothersjewellery.com\/en\/wp-json\/wp\/v2\/comments?post=1269"}],"wp:featuredmedia":[{"embeddable":true,"href":"https:\/\/brothersjewellery.com\/en\/wp-json\/wp\/v2\/media\/1270"}],"wp:attachment":[{"href":"https:\/\/brothersjewellery.com\/en\/wp-json\/wp\/v2\/media?parent=1269"}],"wp:term":[{"taxonomy":"product_brand","embeddable":true,"href":"https:\/\/brothersjewellery.com\/en\/wp-json\/wp\/v2\/product_brand?post=1269"},{"taxonomy":"product_cat","embeddable":true,"href":"https:\/\/brothersjewellery.com\/en\/wp-json\/wp\/v2\/product_cat?post=1269"},{"taxonomy":"product_tag","embeddable":true,"href":"https:\/\/brothersjewellery.com\/en\/wp-json\/wp\/v2\/product_tag?post=1269"}],"curies":[{"name":"wp","href":"https:\/\/api.w.org\/{rel}","templated":true}]}}