{"id":1274,"date":"2026-02-16T15:29:32","date_gmt":"2026-02-16T12:29:32","guid":{"rendered":"https:\/\/brothersjewellery.com\/?post_type=product&#038;p=1274"},"modified":"2026-04-01T01:24:26","modified_gmt":"2026-03-31T22:24:26","slug":"37-rivet","status":"publish","type":"product","link":"https:\/\/brothersjewellery.com\/en\/product\/37-rivet\/","title":{"rendered":"37-  Rivet"},"content":{"rendered":"","protected":false},"excerpt":{"rendered":"<p>End\u00fcstriyel tasar\u0131m anlay\u0131\u015f\u0131ndan beslenen, mimari \u00e7izgide olu\u015fturulmu\u015f \u00f6zg\u00fcn bir y\u00fcz\u00fckt\u00fcr. A\u00e7\u0131k u\u00e7lu yap\u0131s\u0131, y\u00fcz\u00fc\u011fe hem g\u00f6rsel dinamizm hem de konforlu kullan\u0131m kazand\u0131r\u0131r.<\/p>\n<p>U\u00e7lardaki form ge\u00e7i\u015fleri dekoratif de\u011fil, yap\u0131sal karakter ta\u015f\u0131r. Bu sayede tasar\u0131m, s\u00fcs e\u015fyas\u0131 hissinden uzakla\u015f\u0131r; daha \u00e7ok mekanik bir par\u00e7a gibi durur. Y\u00fcz\u00fck, parmakta bir aksesuar gibi de\u011fil, bir yap\u0131 eleman\u0131 gibi konumlan\u0131r.<\/p>\n<p>Parlak ve mat y\u00fczey ge\u00e7i\u015fleri, formun hacmini vurgularken; yal\u0131n tasar\u0131m dili, modeli zamans\u0131z k\u0131lar. G\u00fcnl\u00fck kullan\u0131m i\u00e7in son derece rahat, tek ba\u015f\u0131na g\u00fc\u00e7l\u00fc bir karaktere sahiptir.<\/p>\n<p>Tamamen el i\u015f\u00e7ili\u011fiyle \u00fcretilmi\u015f olan Rivet, seri \u00fcretim y\u00fcz\u00fcklerden net bi\u00e7imde ayr\u0131l\u0131r<\/p>","protected":false},"featured_media":1275,"comment_status":"open","ping_status":"closed","template":"","meta":[],"product_brand":[],"product_cat":[74,54],"product_tag":[],"class_list":{"0":"post-1274","1":"product","2":"type-product","3":"status-publish","4":"has-post-thumbnail","6":"product_cat-neoklasik-koleksiyon","7":"product_cat-yuzuk","9":"first","10":"instock","11":"shipping-taxable","12":"purchasable","13":"product-type-variable"},"_links":{"self":[{"href":"https:\/\/brothersjewellery.com\/en\/wp-json\/wp\/v2\/product\/1274","targetHints":{"allow":["GET"]}}],"collection":[{"href":"https:\/\/brothersjewellery.com\/en\/wp-json\/wp\/v2\/product"}],"about":[{"href":"https:\/\/brothersjewellery.com\/en\/wp-json\/wp\/v2\/types\/product"}],"replies":[{"embeddable":true,"href":"https:\/\/brothersjewellery.com\/en\/wp-json\/wp\/v2\/comments?post=1274"}],"wp:featuredmedia":[{"embeddable":true,"href":"https:\/\/brothersjewellery.com\/en\/wp-json\/wp\/v2\/media\/1275"}],"wp:attachment":[{"href":"https:\/\/brothersjewellery.com\/en\/wp-json\/wp\/v2\/media?parent=1274"}],"wp:term":[{"taxonomy":"product_brand","embeddable":true,"href":"https:\/\/brothersjewellery.com\/en\/wp-json\/wp\/v2\/product_brand?post=1274"},{"taxonomy":"product_cat","embeddable":true,"href":"https:\/\/brothersjewellery.com\/en\/wp-json\/wp\/v2\/product_cat?post=1274"},{"taxonomy":"product_tag","embeddable":true,"href":"https:\/\/brothersjewellery.com\/en\/wp-json\/wp\/v2\/product_tag?post=1274"}],"curies":[{"name":"wp","href":"https:\/\/api.w.org\/{rel}","templated":true}]}}