{"id":1278,"date":"2026-02-16T15:30:59","date_gmt":"2026-02-16T12:30:59","guid":{"rendered":"https:\/\/brothersjewellery.com\/?post_type=product&#038;p=1278"},"modified":"2026-04-01T01:24:16","modified_gmt":"2026-03-31T22:24:16","slug":"38-curl","status":"publish","type":"product","link":"https:\/\/brothersjewellery.com\/en\/product\/38-curl\/","title":{"rendered":"38- Curl"},"content":{"rendered":"","protected":false},"excerpt":{"rendered":"<p>Ham betonun sert dokusundan ilham alan bu y\u00fcz\u00fck, b\u00fckl\u00fcm b\u00fckl\u00fcm katlanm\u0131\u015f metal formuyla brutalist esteti\u011fi parma\u011f\u0131n\u0131za ta\u015f\u0131yor. Organik k\u0131vr\u0131mlar ve keskin katlanmalar\u0131n cesur dans\u0131 \u2013 soyut mimari bir manifesto gibi. Unisex tasar\u0131m\u0131yla g\u00fc\u00e7 ve \u00f6zg\u00fcnl\u00fc\u011f\u00fc bir arada sunar; g\u00fcnl\u00fck isyandan galeri gecelerine kadar her ortama meydan okur.<\/p>","protected":false},"featured_media":1279,"comment_status":"open","ping_status":"closed","template":"","meta":[],"product_brand":[],"product_cat":[74,54],"product_tag":[],"class_list":{"0":"post-1278","1":"product","2":"type-product","3":"status-publish","4":"has-post-thumbnail","6":"product_cat-neoklasik-koleksiyon","7":"product_cat-yuzuk","9":"first","10":"instock","11":"shipping-taxable","12":"purchasable","13":"product-type-variable"},"_links":{"self":[{"href":"https:\/\/brothersjewellery.com\/en\/wp-json\/wp\/v2\/product\/1278","targetHints":{"allow":["GET"]}}],"collection":[{"href":"https:\/\/brothersjewellery.com\/en\/wp-json\/wp\/v2\/product"}],"about":[{"href":"https:\/\/brothersjewellery.com\/en\/wp-json\/wp\/v2\/types\/product"}],"replies":[{"embeddable":true,"href":"https:\/\/brothersjewellery.com\/en\/wp-json\/wp\/v2\/comments?post=1278"}],"wp:featuredmedia":[{"embeddable":true,"href":"https:\/\/brothersjewellery.com\/en\/wp-json\/wp\/v2\/media\/1279"}],"wp:attachment":[{"href":"https:\/\/brothersjewellery.com\/en\/wp-json\/wp\/v2\/media?parent=1278"}],"wp:term":[{"taxonomy":"product_brand","embeddable":true,"href":"https:\/\/brothersjewellery.com\/en\/wp-json\/wp\/v2\/product_brand?post=1278"},{"taxonomy":"product_cat","embeddable":true,"href":"https:\/\/brothersjewellery.com\/en\/wp-json\/wp\/v2\/product_cat?post=1278"},{"taxonomy":"product_tag","embeddable":true,"href":"https:\/\/brothersjewellery.com\/en\/wp-json\/wp\/v2\/product_tag?post=1278"}],"curies":[{"name":"wp","href":"https:\/\/api.w.org\/{rel}","templated":true}]}}