{"id":1282,"date":"2026-02-16T15:33:33","date_gmt":"2026-02-16T12:33:33","guid":{"rendered":"https:\/\/brothersjewellery.com\/?post_type=product&#038;p=1282"},"modified":"2026-04-01T01:24:15","modified_gmt":"2026-03-31T22:24:15","slug":"39-brucurl","status":"publish","type":"product","link":"https:\/\/brothersjewellery.com\/en\/product\/39-brucurl\/","title":{"rendered":"39- Brucurl"},"content":{"rendered":"","protected":false},"excerpt":{"rendered":"<p>Brutalist haml\u0131\u011f\u0131n zarif yorumu: Kat kat k\u0131vr\u0131lan metal formu, mat ve parlak y\u00fczey kontrast\u0131yla estetize edilmi\u015f bir brutalist \u015fahesere d\u00f6n\u00fc\u015f\u00fcyor. Sert dokuyu yumu\u015fak ak\u0131\u015fkanl\u0131kla dengeleyen bu tasar\u0131m, g\u00fc\u00e7 ve inceli\u011fin m\u00fckemmel uyumunu parma\u011f\u0131n\u0131zda ta\u015f\u0131yor. Unisex yap\u0131s\u0131yla cesur stil arayanlara sofistike bir alternatif sunar.<\/p>","protected":false},"featured_media":1283,"comment_status":"open","ping_status":"closed","template":"","meta":[],"product_brand":[],"product_cat":[78,54],"product_tag":[],"class_list":{"0":"post-1282","1":"product","2":"type-product","3":"status-publish","4":"has-post-thumbnail","6":"product_cat-endustriyel-form-koleksiyonu","7":"product_cat-yuzuk","9":"first","10":"instock","11":"shipping-taxable","12":"purchasable","13":"product-type-variable"},"_links":{"self":[{"href":"https:\/\/brothersjewellery.com\/en\/wp-json\/wp\/v2\/product\/1282","targetHints":{"allow":["GET"]}}],"collection":[{"href":"https:\/\/brothersjewellery.com\/en\/wp-json\/wp\/v2\/product"}],"about":[{"href":"https:\/\/brothersjewellery.com\/en\/wp-json\/wp\/v2\/types\/product"}],"replies":[{"embeddable":true,"href":"https:\/\/brothersjewellery.com\/en\/wp-json\/wp\/v2\/comments?post=1282"}],"wp:featuredmedia":[{"embeddable":true,"href":"https:\/\/brothersjewellery.com\/en\/wp-json\/wp\/v2\/media\/1283"}],"wp:attachment":[{"href":"https:\/\/brothersjewellery.com\/en\/wp-json\/wp\/v2\/media?parent=1282"}],"wp:term":[{"taxonomy":"product_brand","embeddable":true,"href":"https:\/\/brothersjewellery.com\/en\/wp-json\/wp\/v2\/product_brand?post=1282"},{"taxonomy":"product_cat","embeddable":true,"href":"https:\/\/brothersjewellery.com\/en\/wp-json\/wp\/v2\/product_cat?post=1282"},{"taxonomy":"product_tag","embeddable":true,"href":"https:\/\/brothersjewellery.com\/en\/wp-json\/wp\/v2\/product_tag?post=1282"}],"curies":[{"name":"wp","href":"https:\/\/api.w.org\/{rel}","templated":true}]}}