{"id":1287,"date":"2026-02-16T15:34:58","date_gmt":"2026-02-16T12:34:58","guid":{"rendered":"https:\/\/brothersjewellery.com\/?post_type=product&#038;p=1287"},"modified":"2026-04-01T01:24:04","modified_gmt":"2026-03-31T22:24:04","slug":"40-royal-crest","status":"publish","type":"product","link":"https:\/\/brothersjewellery.com\/en\/product\/40-royal-crest\/","title":{"rendered":"40- Royal Crest"},"content":{"rendered":"","protected":false},"excerpt":{"rendered":"<p>Royal Crest, \u0130ngiliz kraliyet gelene\u011finden ilham alan klasik bir m\u00fch\u00fcr y\u00fcz\u00fc\u011f\u00fcn \u00e7a\u011fda\u015f bir yorumudur. \u00dcst y\u00fczeyde yer alan heraldik arma, g\u00fcc\u00fc, soyu ve otoriteyi simgeleyen kraliyet ikonografisini yans\u0131t\u0131r. Aslan fig\u00fcr\u00fc ve \u00e7evresindeki bezemeler, tarih boyunca iktidar\u0131n ve s\u00fcreklili\u011fin g\u00f6rsel dili olmu\u015ftur.<\/p>\n<p>Y\u00fcz\u00fc\u011f\u00fcn formu bilin\u00e7li olarak d\u00fcz ve net tutulmu\u015ftur; sembol \u00f6n plandad\u0131r. Parlat\u0131lm\u0131\u015f g\u00fcm\u00fc\u015f y\u00fczey, arman\u0131n detaylar\u0131n\u0131 g\u00fc\u00e7l\u00fc bir kontrastla \u00f6ne \u00e7\u0131kar\u0131rken, yan y\u00fczeylerdeki ak\u0131c\u0131 ge\u00e7i\u015fler klasik m\u00fch\u00fcr formuna zarif bir denge kazand\u0131r\u0131r.<\/p>\n<p>Tamam\u0131 el i\u015f\u00e7ili\u011fiyle \u00fcretilen bu par\u00e7a, g\u00f6steri\u015ften \u00e7ok otorite ve karakter ta\u015f\u0131r. Zamans\u0131z bir tasar\u0131ma sahip olan Royal Crest, hem g\u00fcnl\u00fck kullan\u0131mda hem de \u00f6zel kombinlerde g\u00fc\u00e7l\u00fc bir imza niteli\u011fi ta\u015f\u0131r.<\/p>\n<p>Bu y\u00fcz\u00fck bir s\u00fcs de\u011fil; bir simgedir.<\/p>","protected":false},"featured_media":1288,"comment_status":"open","ping_status":"closed","template":"","meta":[],"product_brand":[],"product_cat":[73,54],"product_tag":[],"class_list":{"0":"post-1287","1":"product","2":"type-product","3":"status-publish","4":"has-post-thumbnail","6":"product_cat-signet-koleksiyonu","7":"product_cat-yuzuk","9":"first","10":"instock","11":"shipping-taxable","12":"purchasable","13":"product-type-variable"},"_links":{"self":[{"href":"https:\/\/brothersjewellery.com\/en\/wp-json\/wp\/v2\/product\/1287","targetHints":{"allow":["GET"]}}],"collection":[{"href":"https:\/\/brothersjewellery.com\/en\/wp-json\/wp\/v2\/product"}],"about":[{"href":"https:\/\/brothersjewellery.com\/en\/wp-json\/wp\/v2\/types\/product"}],"replies":[{"embeddable":true,"href":"https:\/\/brothersjewellery.com\/en\/wp-json\/wp\/v2\/comments?post=1287"}],"wp:featuredmedia":[{"embeddable":true,"href":"https:\/\/brothersjewellery.com\/en\/wp-json\/wp\/v2\/media\/1288"}],"wp:attachment":[{"href":"https:\/\/brothersjewellery.com\/en\/wp-json\/wp\/v2\/media?parent=1287"}],"wp:term":[{"taxonomy":"product_brand","embeddable":true,"href":"https:\/\/brothersjewellery.com\/en\/wp-json\/wp\/v2\/product_brand?post=1287"},{"taxonomy":"product_cat","embeddable":true,"href":"https:\/\/brothersjewellery.com\/en\/wp-json\/wp\/v2\/product_cat?post=1287"},{"taxonomy":"product_tag","embeddable":true,"href":"https:\/\/brothersjewellery.com\/en\/wp-json\/wp\/v2\/product_tag?post=1287"}],"curies":[{"name":"wp","href":"https:\/\/api.w.org\/{rel}","templated":true}]}}