{"id":1291,"date":"2026-02-16T15:35:57","date_gmt":"2026-02-16T12:35:57","guid":{"rendered":"https:\/\/brothersjewellery.com\/?post_type=product&#038;p=1291"},"modified":"2026-04-01T01:24:04","modified_gmt":"2026-03-31T22:24:04","slug":"41-genesis-node","status":"publish","type":"product","link":"https:\/\/brothersjewellery.com\/en\/product\/41-genesis-node\/","title":{"rendered":"41- Genesis Node"},"content":{"rendered":"","protected":false},"excerpt":{"rendered":"<p>Al\u0131\u015f\u0131ld\u0131k formlar\u0131n d\u0131\u015f\u0131ndan gelen bir tasar\u0131m.<\/p>\n<p>Genesis Node\u00a0 insan anatomisiyle yabanc\u0131 bir organizma aras\u0131nda duran, organik ve biomekanik bir estetik anlay\u0131\u015f\u0131n \u00fcr\u00fcn\u00fcd\u00fcr. Yumu\u015fak ama tan\u0131mlanmas\u0131 zor \u00fcst formu; kemiksi, kabuksu ve canl\u0131y\u0131 and\u0131ran bir yap\u0131 hissi uyand\u0131r\u0131r. Bu belirsizlik, y\u00fcz\u00fc\u011f\u00fcn karakterinin temelini olu\u015fturur.<\/p>\n<p>Parlat\u0131lm\u0131\u015f y\u00fczey, formun ak\u0131\u015fkanl\u0131\u011f\u0131n\u0131 vurgularken; i\u00e7 bo\u015fluklar ve k\u0131vr\u0131mlar, tasar\u0131ma derinlik ve heykelsi bir hacim kazand\u0131r\u0131r. Ne tamamen simetrik ne de rastlant\u0131sald\u0131r. Bilin\u00e7li bir \u015fekilde rahats\u0131z edici ile estetik aras\u0131ndaki \u00e7izgide durur.<\/p>\n<p>Bu y\u00fcz\u00fck klasik bir tak\u0131 de\u011fildir.<\/p>\n<p>Bir obje, bir form \u00e7al\u0131\u015fmas\u0131, bir yabanc\u0131 varl\u0131k hissi ta\u015f\u0131r.<\/p>","protected":false},"featured_media":1292,"comment_status":"open","ping_status":"closed","template":"","meta":[],"product_brand":[],"product_cat":[74,54],"product_tag":[],"class_list":{"0":"post-1291","1":"product","2":"type-product","3":"status-publish","4":"has-post-thumbnail","6":"product_cat-neoklasik-koleksiyon","7":"product_cat-yuzuk","9":"first","10":"instock","11":"shipping-taxable","12":"purchasable","13":"product-type-variable"},"_links":{"self":[{"href":"https:\/\/brothersjewellery.com\/en\/wp-json\/wp\/v2\/product\/1291","targetHints":{"allow":["GET"]}}],"collection":[{"href":"https:\/\/brothersjewellery.com\/en\/wp-json\/wp\/v2\/product"}],"about":[{"href":"https:\/\/brothersjewellery.com\/en\/wp-json\/wp\/v2\/types\/product"}],"replies":[{"embeddable":true,"href":"https:\/\/brothersjewellery.com\/en\/wp-json\/wp\/v2\/comments?post=1291"}],"wp:featuredmedia":[{"embeddable":true,"href":"https:\/\/brothersjewellery.com\/en\/wp-json\/wp\/v2\/media\/1292"}],"wp:attachment":[{"href":"https:\/\/brothersjewellery.com\/en\/wp-json\/wp\/v2\/media?parent=1291"}],"wp:term":[{"taxonomy":"product_brand","embeddable":true,"href":"https:\/\/brothersjewellery.com\/en\/wp-json\/wp\/v2\/product_brand?post=1291"},{"taxonomy":"product_cat","embeddable":true,"href":"https:\/\/brothersjewellery.com\/en\/wp-json\/wp\/v2\/product_cat?post=1291"},{"taxonomy":"product_tag","embeddable":true,"href":"https:\/\/brothersjewellery.com\/en\/wp-json\/wp\/v2\/product_tag?post=1291"}],"curies":[{"name":"wp","href":"https:\/\/api.w.org\/{rel}","templated":true}]}}