{"id":1296,"date":"2026-02-16T15:36:51","date_gmt":"2026-02-16T12:36:51","guid":{"rendered":"https:\/\/brothersjewellery.com\/?post_type=product&#038;p=1296"},"modified":"2026-04-01T01:23:54","modified_gmt":"2026-03-31T22:23:54","slug":"42-primitive-mark","status":"publish","type":"product","link":"https:\/\/brothersjewellery.com\/en\/product\/42-primitive-mark\/","title":{"rendered":"42- Primitive Mark"},"content":{"rendered":"","protected":false},"excerpt":{"rendered":"<p>Ham M\u00fch\u00fcr Y\u00fcz\u00fck, geleneksel m\u00fch\u00fcr y\u00fcz\u00fck formunun modern ve ilkel bir yorumudur.<\/p>\n<p>Y\u00fczeyde bilin\u00e7li olarak korunmu\u015f ham doku, y\u00fcz\u00fc\u011fe zamanla a\u015f\u0131nm\u0131\u015f bir karakter kazand\u0131r\u0131rken; sade formu, g\u00fcc\u00fcn\u00fc detaydan de\u011fil duru\u015ftan al\u0131r.<\/p>\n<p>Tamamen el i\u015f\u00e7ili\u011fiyle \u00fcretilmi\u015f bu par\u00e7a, her a\u00e7\u0131dan farkl\u0131 bir y\u00fczeye sahiptir.Ta\u015f ya da parlak s\u00fcs yerine, y\u00fczeyin kendisi konu\u015fuyor: sistemli de\u011fil, \u00f6zg\u00fcr; g\u00f6steri\u015fli de\u011fil, etkili.<\/p>\n<p>G\u00fcnl\u00fck kullan\u0131m i\u00e7in ideal; hem sade bir g\u00f6r\u00fcn\u00fcm isteyenler hem de karakterli bir aksesuar arayanlar i\u00e7in uygun. M\u00fch\u00fcr alan\u0131, istenirse ki\u015fisel grav\u00fcr veya sembol i\u00e7in a\u00e7\u0131k bir tuval gibi. Ta\u015fs\u0131z olmas\u0131, hem hafif hem de uzun \u00f6m\u00fcrl\u00fc kullan\u0131m sa\u011flar; zamanla daha da olgunla\u015fan bir par\u00e7a hissi verir.<\/p>","protected":false},"featured_media":1297,"comment_status":"open","ping_status":"closed","template":"","meta":[],"product_brand":[],"product_cat":[77,54],"product_tag":[],"class_list":{"0":"post-1296","1":"product","2":"type-product","3":"status-publish","4":"has-post-thumbnail","6":"product_cat-antik-ilkel-tasarim-koleksiyonu","7":"product_cat-yuzuk","9":"first","10":"instock","11":"shipping-taxable","12":"purchasable","13":"product-type-variable"},"_links":{"self":[{"href":"https:\/\/brothersjewellery.com\/en\/wp-json\/wp\/v2\/product\/1296","targetHints":{"allow":["GET"]}}],"collection":[{"href":"https:\/\/brothersjewellery.com\/en\/wp-json\/wp\/v2\/product"}],"about":[{"href":"https:\/\/brothersjewellery.com\/en\/wp-json\/wp\/v2\/types\/product"}],"replies":[{"embeddable":true,"href":"https:\/\/brothersjewellery.com\/en\/wp-json\/wp\/v2\/comments?post=1296"}],"wp:featuredmedia":[{"embeddable":true,"href":"https:\/\/brothersjewellery.com\/en\/wp-json\/wp\/v2\/media\/1297"}],"wp:attachment":[{"href":"https:\/\/brothersjewellery.com\/en\/wp-json\/wp\/v2\/media?parent=1296"}],"wp:term":[{"taxonomy":"product_brand","embeddable":true,"href":"https:\/\/brothersjewellery.com\/en\/wp-json\/wp\/v2\/product_brand?post=1296"},{"taxonomy":"product_cat","embeddable":true,"href":"https:\/\/brothersjewellery.com\/en\/wp-json\/wp\/v2\/product_cat?post=1296"},{"taxonomy":"product_tag","embeddable":true,"href":"https:\/\/brothersjewellery.com\/en\/wp-json\/wp\/v2\/product_tag?post=1296"}],"curies":[{"name":"wp","href":"https:\/\/api.w.org\/{rel}","templated":true}]}}