{"id":1301,"date":"2026-02-16T15:38:03","date_gmt":"2026-02-16T12:38:03","guid":{"rendered":"https:\/\/brothersjewellery.com\/?post_type=product&#038;p=1301"},"modified":"2026-04-01T01:23:53","modified_gmt":"2026-03-31T22:23:53","slug":"43-silent-crown","status":"publish","type":"product","link":"https:\/\/brothersjewellery.com\/en\/product\/43-silent-crown\/","title":{"rendered":"43-  Silent Crown"},"content":{"rendered":"","protected":false},"excerpt":{"rendered":"<p>Sessiz Ta\u00e7, klasik formlar\u0131n modern bir yorumla yeniden ele al\u0131nd\u0131\u011f\u0131 \u00f6zel bir tasar\u0131md\u0131r.<\/p>\n<p>Ortadaki yumu\u015fak hatl\u0131 y\u00fczey, y\u00fcz\u00fc\u011fe sakin ve dengeli bir karakter kazand\u0131r\u0131rken; yanlarda y\u00fckselen detaylar adeta\u00a0 formu koruyan bir yap\u0131 olu\u015fturur.<\/p>\n<p>Tamamen el i\u015f\u00e7ili\u011fiyle \u00fcretilmi\u015f bu y\u00fcz\u00fck, parlak y\u00fczeyi ve dengeli oranlar\u0131 sayesinde hem g\u00fcnl\u00fck kullan\u0131mda hem de \u00f6zel anlarda rahatl\u0131kla tercih edilebilir. G\u00f6steri\u015ften uzak ama fark edilen bir duru\u015fa sahiptir. Zamans\u0131z tasar\u0131m\u0131 sayesinde y\u0131llar boyunca stilini korur.<\/p>","protected":false},"featured_media":1302,"comment_status":"open","ping_status":"closed","template":"","meta":[],"product_brand":[],"product_cat":[73,54],"product_tag":[],"class_list":{"0":"post-1301","1":"product","2":"type-product","3":"status-publish","4":"has-post-thumbnail","6":"product_cat-signet-koleksiyonu","7":"product_cat-yuzuk","9":"first","10":"instock","11":"shipping-taxable","12":"purchasable","13":"product-type-variable"},"_links":{"self":[{"href":"https:\/\/brothersjewellery.com\/en\/wp-json\/wp\/v2\/product\/1301","targetHints":{"allow":["GET"]}}],"collection":[{"href":"https:\/\/brothersjewellery.com\/en\/wp-json\/wp\/v2\/product"}],"about":[{"href":"https:\/\/brothersjewellery.com\/en\/wp-json\/wp\/v2\/types\/product"}],"replies":[{"embeddable":true,"href":"https:\/\/brothersjewellery.com\/en\/wp-json\/wp\/v2\/comments?post=1301"}],"wp:featuredmedia":[{"embeddable":true,"href":"https:\/\/brothersjewellery.com\/en\/wp-json\/wp\/v2\/media\/1302"}],"wp:attachment":[{"href":"https:\/\/brothersjewellery.com\/en\/wp-json\/wp\/v2\/media?parent=1301"}],"wp:term":[{"taxonomy":"product_brand","embeddable":true,"href":"https:\/\/brothersjewellery.com\/en\/wp-json\/wp\/v2\/product_brand?post=1301"},{"taxonomy":"product_cat","embeddable":true,"href":"https:\/\/brothersjewellery.com\/en\/wp-json\/wp\/v2\/product_cat?post=1301"},{"taxonomy":"product_tag","embeddable":true,"href":"https:\/\/brothersjewellery.com\/en\/wp-json\/wp\/v2\/product_tag?post=1301"}],"curies":[{"name":"wp","href":"https:\/\/api.w.org\/{rel}","templated":true}]}}