{"id":1306,"date":"2026-02-16T15:39:11","date_gmt":"2026-02-16T12:39:11","guid":{"rendered":"https:\/\/brothersjewellery.com\/?post_type=product&#038;p=1306"},"modified":"2026-04-01T01:23:43","modified_gmt":"2026-03-31T22:23:43","slug":"44-serpent-coil","status":"publish","type":"product","link":"https:\/\/brothersjewellery.com\/en\/product\/44-serpent-coil\/","title":{"rendered":"44- Serpent Coil"},"content":{"rendered":"","protected":false},"excerpt":{"rendered":"<p>Y\u0131lan Halkas\u0131, spiral formu ve ak\u0131\u015fkan yap\u0131s\u0131yla d\u00f6n\u00fc\u015f\u00fcm, g\u00fc\u00e7 ve s\u00fcreklilik kavramlar\u0131n\u0131 temsil eder.<\/p>\n<p>Y\u0131lans\u0131 hatlar, y\u00fcz\u00fck boyunca katman katman ilerleyerek parmak etraf\u0131nda do\u011fal bir sarmal olu\u015fturur. Y\u00fczeyde bilin\u00e7li olarak b\u0131rak\u0131lm\u0131\u015f \u00e7atlak ve doku izleri, tasar\u0131ma ham ve kadim bir karakter kazand\u0131r\u0131r.<\/p>\n<p>Tamamen el i\u015f\u00e7ili\u011fiyle \u00fcretilmi\u015f olan bu y\u00fcz\u00fck, a\u00e7\u0131k ve ayarlanabilir formu sayesinde farkl\u0131 parmak \u00f6l\u00e7\u00fclerine uyum sa\u011flar. G\u00fcnl\u00fck kullan\u0131ma uygundur ve zamanla olu\u015fan do\u011fal patina, y\u00fcz\u00fc\u011f\u00fcn karakterini daha da belirginle\u015ftirir.<\/p>\n<p>Her par\u00e7a elde \u015fekillendirildi\u011fi i\u00e7in spiral ak\u0131\u015f ve y\u00fczey dokular\u0131 birbirinden farkl\u0131d\u0131r. Bu da her y\u00fcz\u00fc\u011f\u00fc benzersiz k\u0131lar.<\/p>","protected":false},"featured_media":1307,"comment_status":"open","ping_status":"closed","template":"","meta":[],"product_brand":[],"product_cat":[74,54],"product_tag":[],"class_list":{"0":"post-1306","1":"product","2":"type-product","3":"status-publish","4":"has-post-thumbnail","6":"product_cat-neoklasik-koleksiyon","7":"product_cat-yuzuk","9":"first","10":"instock","11":"shipping-taxable","12":"purchasable","13":"product-type-variable"},"_links":{"self":[{"href":"https:\/\/brothersjewellery.com\/en\/wp-json\/wp\/v2\/product\/1306","targetHints":{"allow":["GET"]}}],"collection":[{"href":"https:\/\/brothersjewellery.com\/en\/wp-json\/wp\/v2\/product"}],"about":[{"href":"https:\/\/brothersjewellery.com\/en\/wp-json\/wp\/v2\/types\/product"}],"replies":[{"embeddable":true,"href":"https:\/\/brothersjewellery.com\/en\/wp-json\/wp\/v2\/comments?post=1306"}],"wp:featuredmedia":[{"embeddable":true,"href":"https:\/\/brothersjewellery.com\/en\/wp-json\/wp\/v2\/media\/1307"}],"wp:attachment":[{"href":"https:\/\/brothersjewellery.com\/en\/wp-json\/wp\/v2\/media?parent=1306"}],"wp:term":[{"taxonomy":"product_brand","embeddable":true,"href":"https:\/\/brothersjewellery.com\/en\/wp-json\/wp\/v2\/product_brand?post=1306"},{"taxonomy":"product_cat","embeddable":true,"href":"https:\/\/brothersjewellery.com\/en\/wp-json\/wp\/v2\/product_cat?post=1306"},{"taxonomy":"product_tag","embeddable":true,"href":"https:\/\/brothersjewellery.com\/en\/wp-json\/wp\/v2\/product_tag?post=1306"}],"curies":[{"name":"wp","href":"https:\/\/api.w.org\/{rel}","templated":true}]}}