{"id":1310,"date":"2026-02-16T15:40:29","date_gmt":"2026-02-16T12:40:29","guid":{"rendered":"https:\/\/brothersjewellery.com\/?post_type=product&#038;p=1310"},"modified":"2026-04-01T01:23:43","modified_gmt":"2026-03-31T22:23:43","slug":"45-silver-fan","status":"publish","type":"product","link":"https:\/\/brothersjewellery.com\/en\/product\/45-silver-fan\/","title":{"rendered":"45-  Silver Fan"},"content":{"rendered":"","protected":false},"excerpt":{"rendered":"<p>G\u00fcm\u00fc\u015f Yelpaze, merkezden d\u0131\u015fa do\u011fru a\u00e7\u0131lan yelpaze formuyla hareket ve dengeyi bir araya getiren zamans\u0131z bir tasar\u0131md\u0131r. \u00d6n y\u00fczdeki \u0131\u015f\u0131n formundaki oyuklar, g\u00fcm\u00fc\u015f y\u00fczeyle birlikte \u0131\u015f\u0131\u011f\u0131 farkl\u0131 a\u00e7\u0131lardan yakalayarak sade ama etkileyici bir g\u00f6r\u00fcn\u00fcm olu\u015fturur.<\/p>\n<p>Tamamen el i\u015f\u00e7ili\u011fiyle \u00fcretilen bu y\u00fcz\u00fck, klasik bir formun modern bir yorumudur. Parlak ve p\u00fcr\u00fczs\u00fcz y\u00fczeyi sayesinde hem g\u00fcnl\u00fck kullan\u0131mda hem de \u00f6zel anlarda rahatl\u0131kla tercih edilebilir. Ta\u015fs\u0131z yap\u0131s\u0131, tasar\u0131m\u0131n ve i\u015f\u00e7ili\u011fin \u00f6n plana \u00e7\u0131kmas\u0131n\u0131 sa\u011flar.<\/p>","protected":false},"featured_media":1312,"comment_status":"open","ping_status":"closed","template":"","meta":[],"product_brand":[],"product_cat":[74,54],"product_tag":[],"class_list":{"0":"post-1310","1":"product","2":"type-product","3":"status-publish","4":"has-post-thumbnail","6":"product_cat-neoklasik-koleksiyon","7":"product_cat-yuzuk","9":"first","10":"instock","11":"shipping-taxable","12":"purchasable","13":"product-type-variable"},"_links":{"self":[{"href":"https:\/\/brothersjewellery.com\/en\/wp-json\/wp\/v2\/product\/1310","targetHints":{"allow":["GET"]}}],"collection":[{"href":"https:\/\/brothersjewellery.com\/en\/wp-json\/wp\/v2\/product"}],"about":[{"href":"https:\/\/brothersjewellery.com\/en\/wp-json\/wp\/v2\/types\/product"}],"replies":[{"embeddable":true,"href":"https:\/\/brothersjewellery.com\/en\/wp-json\/wp\/v2\/comments?post=1310"}],"wp:featuredmedia":[{"embeddable":true,"href":"https:\/\/brothersjewellery.com\/en\/wp-json\/wp\/v2\/media\/1312"}],"wp:attachment":[{"href":"https:\/\/brothersjewellery.com\/en\/wp-json\/wp\/v2\/media?parent=1310"}],"wp:term":[{"taxonomy":"product_brand","embeddable":true,"href":"https:\/\/brothersjewellery.com\/en\/wp-json\/wp\/v2\/product_brand?post=1310"},{"taxonomy":"product_cat","embeddable":true,"href":"https:\/\/brothersjewellery.com\/en\/wp-json\/wp\/v2\/product_cat?post=1310"},{"taxonomy":"product_tag","embeddable":true,"href":"https:\/\/brothersjewellery.com\/en\/wp-json\/wp\/v2\/product_tag?post=1310"}],"curies":[{"name":"wp","href":"https:\/\/api.w.org\/{rel}","templated":true}]}}