{"id":1314,"date":"2026-02-16T15:41:25","date_gmt":"2026-02-16T12:41:25","guid":{"rendered":"https:\/\/brothersjewellery.com\/?post_type=product&#038;p=1314"},"modified":"2026-04-01T01:23:34","modified_gmt":"2026-03-31T22:23:34","slug":"46-ancient-pattern","status":"publish","type":"product","link":"https:\/\/brothersjewellery.com\/en\/product\/46-ancient-pattern\/","title":{"rendered":"46- Ancient Pattern"},"content":{"rendered":"","protected":false},"excerpt":{"rendered":"<p>Kadim Desen, geleneksel Kapal\u0131\u00e7ar\u015f\u0131 ustal\u0131\u011f\u0131ndan ilham alan, klasik bant formunda tasarlanm\u0131\u015f zamans\u0131z bir y\u00fcz\u00fckt\u00fcr. \u00d6n y\u00fcz\u00fcnde yer alan simetrik oyma motifler, y\u00fcz\u00fc\u011fe dengeli ve rafine bir karakter kazand\u0131r\u0131rken; iki yandaki alt\u0131n tonlu detaylar tasar\u0131ma s\u0131cak ve asil bir kontrast ekler.<\/p>\n<p>Tamamen el i\u015f\u00e7ili\u011fiyle \u00fcretilmi\u015f olan bu y\u00fcz\u00fck, p\u00fcr\u00fczs\u00fcz y\u00fczeyi ve ideal kal\u0131nl\u0131\u011f\u0131 sayesinde g\u00fcnl\u00fck kullan\u0131ma son derece uygundur. Ta\u015fs\u0131z yap\u0131s\u0131, i\u015f\u00e7ili\u011fi ve deseni \u00f6n plana \u00e7\u0131kar\u0131r; sade ama dikkat \u00e7ekici bir duru\u015f sunar.<\/p>","protected":false},"featured_media":1315,"comment_status":"open","ping_status":"closed","template":"","meta":[],"product_brand":[],"product_cat":[76,54],"product_tag":[],"class_list":{"0":"post-1314","1":"product","2":"type-product","3":"status-publish","4":"has-post-thumbnail","6":"product_cat-neo-osmanli-koleksiyonu","7":"product_cat-yuzuk","9":"first","10":"instock","11":"shipping-taxable","12":"purchasable","13":"product-type-variable"},"_links":{"self":[{"href":"https:\/\/brothersjewellery.com\/en\/wp-json\/wp\/v2\/product\/1314","targetHints":{"allow":["GET"]}}],"collection":[{"href":"https:\/\/brothersjewellery.com\/en\/wp-json\/wp\/v2\/product"}],"about":[{"href":"https:\/\/brothersjewellery.com\/en\/wp-json\/wp\/v2\/types\/product"}],"replies":[{"embeddable":true,"href":"https:\/\/brothersjewellery.com\/en\/wp-json\/wp\/v2\/comments?post=1314"}],"wp:featuredmedia":[{"embeddable":true,"href":"https:\/\/brothersjewellery.com\/en\/wp-json\/wp\/v2\/media\/1315"}],"wp:attachment":[{"href":"https:\/\/brothersjewellery.com\/en\/wp-json\/wp\/v2\/media?parent=1314"}],"wp:term":[{"taxonomy":"product_brand","embeddable":true,"href":"https:\/\/brothersjewellery.com\/en\/wp-json\/wp\/v2\/product_brand?post=1314"},{"taxonomy":"product_cat","embeddable":true,"href":"https:\/\/brothersjewellery.com\/en\/wp-json\/wp\/v2\/product_cat?post=1314"},{"taxonomy":"product_tag","embeddable":true,"href":"https:\/\/brothersjewellery.com\/en\/wp-json\/wp\/v2\/product_tag?post=1314"}],"curies":[{"name":"wp","href":"https:\/\/api.w.org\/{rel}","templated":true}]}}