{"id":1318,"date":"2026-02-16T15:42:21","date_gmt":"2026-02-16T12:42:21","guid":{"rendered":"https:\/\/brothersjewellery.com\/?post_type=product&#038;p=1318"},"modified":"2026-04-01T01:23:34","modified_gmt":"2026-03-31T22:23:34","slug":"47-silent-seal","status":"publish","type":"product","link":"https:\/\/brothersjewellery.com\/en\/product\/47-silent-seal\/","title":{"rendered":"47- Silent Seal"},"content":{"rendered":"","protected":false},"excerpt":{"rendered":"<p>Sessiz M\u00fch\u00fcr, klasik signet formunun ta\u015fs\u0131z ve yal\u0131n bir yorumudur. Geni\u015f ve p\u00fcr\u00fczs\u00fcz \u00fcst y\u00fczeyi, sadelik ve denge hissi sunarken; yan y\u00fczeylerdeki \u0131\u015f\u0131n formundaki oyuklar tasar\u0131ma derinlik ve karakter kazand\u0131r\u0131r.<\/p>\n<p>Tamamen el i\u015f\u00e7ili\u011fiyle \u00fcretilmi\u015f olan bu y\u00fcz\u00fck, g\u00fc\u00e7l\u00fc hacmine ra\u011fmen dengeli bir oturu\u015fa sahiptir. G\u00f6steri\u015ften uzak, net ve kararl\u0131 bir duru\u015f sunar. Ta\u015f kullan\u0131lmamas\u0131, formun ve i\u015f\u00e7ili\u011fin \u00f6n planda olmas\u0131n\u0131 sa\u011flar.<\/p>\n<p>&nbsp;<\/p>","protected":false},"featured_media":1319,"comment_status":"open","ping_status":"closed","template":"","meta":[],"product_brand":[],"product_cat":[73,54],"product_tag":[],"class_list":{"0":"post-1318","1":"product","2":"type-product","3":"status-publish","4":"has-post-thumbnail","6":"product_cat-signet-koleksiyonu","7":"product_cat-yuzuk","9":"first","10":"instock","11":"shipping-taxable","12":"purchasable","13":"product-type-variable"},"_links":{"self":[{"href":"https:\/\/brothersjewellery.com\/en\/wp-json\/wp\/v2\/product\/1318","targetHints":{"allow":["GET"]}}],"collection":[{"href":"https:\/\/brothersjewellery.com\/en\/wp-json\/wp\/v2\/product"}],"about":[{"href":"https:\/\/brothersjewellery.com\/en\/wp-json\/wp\/v2\/types\/product"}],"replies":[{"embeddable":true,"href":"https:\/\/brothersjewellery.com\/en\/wp-json\/wp\/v2\/comments?post=1318"}],"wp:featuredmedia":[{"embeddable":true,"href":"https:\/\/brothersjewellery.com\/en\/wp-json\/wp\/v2\/media\/1319"}],"wp:attachment":[{"href":"https:\/\/brothersjewellery.com\/en\/wp-json\/wp\/v2\/media?parent=1318"}],"wp:term":[{"taxonomy":"product_brand","embeddable":true,"href":"https:\/\/brothersjewellery.com\/en\/wp-json\/wp\/v2\/product_brand?post=1318"},{"taxonomy":"product_cat","embeddable":true,"href":"https:\/\/brothersjewellery.com\/en\/wp-json\/wp\/v2\/product_cat?post=1318"},{"taxonomy":"product_tag","embeddable":true,"href":"https:\/\/brothersjewellery.com\/en\/wp-json\/wp\/v2\/product_tag?post=1318"}],"curies":[{"name":"wp","href":"https:\/\/api.w.org\/{rel}","templated":true}]}}