{"id":1323,"date":"2026-02-16T15:43:21","date_gmt":"2026-02-16T12:43:21","guid":{"rendered":"https:\/\/brothersjewellery.com\/?post_type=product&#038;p=1323"},"modified":"2026-04-01T01:23:23","modified_gmt":"2026-03-31T22:23:23","slug":"48-black-seal","status":"publish","type":"product","link":"https:\/\/brothersjewellery.com\/en\/product\/48-black-seal\/","title":{"rendered":"48- Black Seal"},"content":{"rendered":"","protected":false},"excerpt":{"rendered":"<p>Kara M\u00fch\u00fcr, metalin en ham ve filtresiz h\u00e2lini yans\u0131tan g\u00fc\u00e7l\u00fc bir signet y\u00fcz\u00fckt\u00fcr. Oksitli y\u00fczeyi, do\u011fal \u00e7atlaklar ve krater benzeri dokularla birle\u015ferek zamanla a\u015f\u0131nm\u0131\u015f, ya\u015fanm\u0131\u015f bir form hissi yarat\u0131r. Bu y\u00fcz\u00fck parlat\u0131lm\u0131\u015f bir m\u00fckemmelli\u011fi de\u011fil, metalin haf\u0131zas\u0131n\u0131 ta\u015f\u0131r.<\/p>\n<p>Tamamen el i\u015f\u00e7ili\u011fiyle \u00fcretilen y\u00fcz\u00fckte her iz, her \u00e7atlak bilin\u00e7li olarak korunmu\u015ftur. Geni\u015f ve ta\u015fs\u0131z \u00fcst y\u00fczeyi, geleneksel m\u00fch\u00fcr formuna ilkel ve \u00e7a\u011fda\u015f bir yorum kazand\u0131r\u0131r. G\u00fcc\u00fcn\u00fc s\u00fcslemelerden de\u011fil, malzemenin kendisinden al\u0131r.<\/p>","protected":false},"featured_media":1324,"comment_status":"open","ping_status":"closed","template":"","meta":[],"product_brand":[],"product_cat":[77,54],"product_tag":[],"class_list":{"0":"post-1323","1":"product","2":"type-product","3":"status-publish","4":"has-post-thumbnail","6":"product_cat-antik-ilkel-tasarim-koleksiyonu","7":"product_cat-yuzuk","9":"first","10":"instock","11":"shipping-taxable","12":"purchasable","13":"product-type-variable"},"_links":{"self":[{"href":"https:\/\/brothersjewellery.com\/en\/wp-json\/wp\/v2\/product\/1323","targetHints":{"allow":["GET"]}}],"collection":[{"href":"https:\/\/brothersjewellery.com\/en\/wp-json\/wp\/v2\/product"}],"about":[{"href":"https:\/\/brothersjewellery.com\/en\/wp-json\/wp\/v2\/types\/product"}],"replies":[{"embeddable":true,"href":"https:\/\/brothersjewellery.com\/en\/wp-json\/wp\/v2\/comments?post=1323"}],"wp:featuredmedia":[{"embeddable":true,"href":"https:\/\/brothersjewellery.com\/en\/wp-json\/wp\/v2\/media\/1324"}],"wp:attachment":[{"href":"https:\/\/brothersjewellery.com\/en\/wp-json\/wp\/v2\/media?parent=1323"}],"wp:term":[{"taxonomy":"product_brand","embeddable":true,"href":"https:\/\/brothersjewellery.com\/en\/wp-json\/wp\/v2\/product_brand?post=1323"},{"taxonomy":"product_cat","embeddable":true,"href":"https:\/\/brothersjewellery.com\/en\/wp-json\/wp\/v2\/product_cat?post=1323"},{"taxonomy":"product_tag","embeddable":true,"href":"https:\/\/brothersjewellery.com\/en\/wp-json\/wp\/v2\/product_tag?post=1323"}],"curies":[{"name":"wp","href":"https:\/\/api.w.org\/{rel}","templated":true}]}}